{"id":1511,"date":"2021-07-24T15:00:42","date_gmt":"2021-07-24T13:00:42","guid":{"rendered":"https:\/\/www.pmd85.cz\/?page_id=1511"},"modified":"2021-10-01T20:35:23","modified_gmt":"2021-10-01T18:35:23","slug":"sapi-mikrobus2","status":"publish","type":"page","link":"https:\/\/www.pmd85.cz\/?page_id=1511","title":{"rendered":"SAPI &#8211; MikroBus2"},"content":{"rendered":"<p><span style=\"color: #ff0000;\"><em>Pro z\u00e1jemce o provoz karet jako nap\u0159. DSM-1 a AND-1 nen\u00ed tato mikrosb\u011brnice vhodn\u00e1 z d\u016fvodu absence nap\u00e1jec\u00ed hladiny -12V. Pro tyto \u00fa\u010dely je navr\u017eena minisb\u011brnice <a href=\"https:\/\/www.pmd85.cz\/?page_id=1614\">MiniBus3<\/a>. <\/em><\/span><\/p>\n<p>Tato mikrosb\u011brnice je prim\u00e1rn\u011b ur\u010dena pro v\u00fdvoj nov\u00fdch desek syst\u00e9mu SAPI-1, ov\u0161em pozd\u011bji se mi zal\u00edbila jako nosn\u00e1 a propojovac\u00ed platforma pro demonstra\u010dn\u00ed dvoudeskov\u00fd syst\u00e9m CPU+GPU. MikroBus2 obsahuje pouze odd\u011blova\u010de adresov\u00e9 sb\u011brnice dle specifikace SAPI-1, tla\u010d\u00edtko RESET a p\u0159\u00edvodn\u00ed nap\u00e1jec\u00ed konektor (WK46248, v\u00fdrobce TESLA Jihlava) pro p\u0159ipojen\u00ed zdroje TESLA EA1605, kter\u00fd byl dod\u00e1v\u00e1n k po\u010d\u00edta\u010di PMD-85. Tento zdroj obsahuje v\u0161echna pot\u0159ebn\u00e1 nap\u011bt\u00ed pro syst\u00e9my s procesorem i8080 (-5V, +5V a +12V).<\/p>\n<p>V t\u011bl\u00edsku nap\u00e1jec\u00edho konektoru WK46248 je nutno vym\u011bnit piny za typ WF 817 91 (typ pro \u010deln\u00ed zap\u00e1jen\u00ed do plo\u0161n\u00e9ho spoje). Konektor je na plo\u0161n\u00e9m spoji podep\u0159en kovov\u00fdmi distan\u010dn\u00edmi sloupky s vnit\u0159n\u00edm pr\u016fm\u011brem 2,1mm a d\u00e9lkou 4mm. Vlastn\u00ed kotven\u00ed konektoru k plo\u0161n\u00e9mu spoji je provedeno \u010dty\u0159mi rohov\u00fdmi \u0161rouby M2x10mm.<\/p>\n<div id=\"attachment_1516\" style=\"width: 160px\" class=\"wp-caption alignleft\"><a href=\"https:\/\/www.pmd85.cz\/wp-content\/uploads\/MikroBus2Top-rotated.jpg\" target=\"_blank\" rel=\"noopener noreferrer\"><img aria-describedby=\"caption-attachment-1516\" loading=\"lazy\" class=\"wp-image-1516 size-thumbnail\" src=\"https:\/\/www.pmd85.cz\/wp-content\/uploads\/MikroBus2Top-150x150.jpg\" alt=\"\" width=\"150\" height=\"150\" \/><\/a><p id=\"caption-attachment-1516\" class=\"wp-caption-text\">Strana slot\u016f pro karty<\/p><\/div>\n<div id=\"attachment_1517\" style=\"width: 160px\" class=\"wp-caption alignleft\"><a href=\"https:\/\/www.pmd85.cz\/wp-content\/uploads\/MikroBus2Bottom.jpg\" target=\"_blank\" rel=\"noopener noreferrer\"><img aria-describedby=\"caption-attachment-1517\" loading=\"lazy\" class=\"wp-image-1517 size-thumbnail\" src=\"https:\/\/www.pmd85.cz\/wp-content\/uploads\/MikroBus2Bottom-150x150.jpg\" alt=\"\" width=\"150\" height=\"150\" \/><\/a><p id=\"caption-attachment-1517\" class=\"wp-caption-text\">Zadn\u00ed (nap\u00e1jec\u00ed) strana<\/p><\/div>\n<div id=\"attachment_1519\" style=\"width: 160px\" class=\"wp-caption alignleft\"><a href=\"https:\/\/www.pmd85.cz\/wp-content\/uploads\/MikroBus2JPR.jpg\" target=\"_blank\" rel=\"noopener noreferrer\"><img aria-describedby=\"caption-attachment-1519\" loading=\"lazy\" class=\"wp-image-1519 size-thumbnail\" src=\"https:\/\/www.pmd85.cz\/wp-content\/uploads\/MikroBus2JPR-150x150.jpg\" alt=\"\" width=\"150\" height=\"150\" \/><\/a><p id=\"caption-attachment-1519\" class=\"wp-caption-text\">Sb\u011brnice s deskou JPR-1<\/p><\/div>\n<p>&nbsp;<\/p>\n<p>&nbsp;<\/p>\n<p>&nbsp;<\/p>\n<p>&nbsp;<\/p>\n<p>&nbsp;<\/p>\n<p>&nbsp;<\/p>\n","protected":false},"excerpt":{"rendered":"<p>Pro z\u00e1jemce o provoz karet jako nap\u0159. DSM-1 a AND-1 nen\u00ed tato mikrosb\u011brnice vhodn\u00e1 z d\u016fvodu absence nap\u00e1jec\u00ed hladiny -12V. Pro tyto \u00fa\u010dely je navr\u017eena minisb\u011brnice MiniBus3. Tato mikrosb\u011brnice je prim\u00e1rn\u011b ur\u010dena pro v\u00fdvoj nov\u00fdch desek syst\u00e9mu SAPI-1, ov\u0161em pozd\u011bji se mi zal\u00edbila jako nosn\u00e1 a propojovac\u00ed platforma pro demonstra\u010dn\u00ed dvoudeskov\u00fd syst\u00e9m CPU+GPU. MikroBus2 obsahuje [&hellip;]<\/p>\n","protected":false},"author":1,"featured_media":0,"parent":292,"menu_order":0,"comment_status":"open","ping_status":"closed","template":"","meta":[],"_links":{"self":[{"href":"https:\/\/www.pmd85.cz\/index.php?rest_route=\/wp\/v2\/pages\/1511"}],"collection":[{"href":"https:\/\/www.pmd85.cz\/index.php?rest_route=\/wp\/v2\/pages"}],"about":[{"href":"https:\/\/www.pmd85.cz\/index.php?rest_route=\/wp\/v2\/types\/page"}],"author":[{"embeddable":true,"href":"https:\/\/www.pmd85.cz\/index.php?rest_route=\/wp\/v2\/users\/1"}],"replies":[{"embeddable":true,"href":"https:\/\/www.pmd85.cz\/index.php?rest_route=%2Fwp%2Fv2%2Fcomments&post=1511"}],"version-history":[{"count":8,"href":"https:\/\/www.pmd85.cz\/index.php?rest_route=\/wp\/v2\/pages\/1511\/revisions"}],"predecessor-version":[{"id":1515,"href":"https:\/\/www.pmd85.cz\/index.php?rest_route=\/wp\/v2\/pages\/1511\/revisions\/1515"}],"up":[{"embeddable":true,"href":"https:\/\/www.pmd85.cz\/index.php?rest_route=\/wp\/v2\/pages\/292"}],"wp:attachment":[{"href":"https:\/\/www.pmd85.cz\/index.php?rest_route=%2Fwp%2Fv2%2Fmedia&parent=1511"}],"curies":[{"name":"wp","href":"https:\/\/api.w.org\/{rel}","templated":true}]}}