{"id":1527,"date":"2021-07-26T19:13:54","date_gmt":"2021-07-26T17:13:54","guid":{"rendered":"https:\/\/www.pmd85.cz\/?page_id=1527"},"modified":"2021-09-27T16:52:12","modified_gmt":"2021-09-27T14:52:12","slug":"sapi-klavesnice-ank-1m5","status":"publish","type":"page","link":"https:\/\/www.pmd85.cz\/?page_id=1527","title":{"rendered":"SAPI &#8211; kl\u00e1vesnice ANK-1M5"},"content":{"rendered":"<p>Jako funk\u010dn\u00ed n\u00e1hrada prakticky nepou\u017eiteln\u00e9 origin\u00e1ln\u00ed kl\u00e1vesnice ANK-1 vznikla za pomoci koleg\u016f z <a href=\"http:\/\/www.oldcomp.cz\/viewtopic.php?f=49&amp;t=9077\" target=\"_blank\" rel=\"noopener noreferrer\">Oldcompu<\/a> tato modernizovan\u00e1 verze. Z\u016fstaly na n\u00ed nejnutn\u011bj\u0161\u00ed v\u011bci &#8211; vlastn\u00ed matice kl\u00e1ves, indika\u010dn\u00ed LEDky, miniaturn\u00ed reproduktor, a&#8230; n\u011bco, co tam historicky nepat\u0159\u00ed, ov\u0161em cht\u011bli jsme to tam m\u00edt. Vstupn\u00ed port P1 je vyu\u017eit pro p\u0159ipojen\u00ed ATARI joysticku, jeho\u017e konektor je na desce osazen. Port um\u00ed na nejni\u017e\u0161\u00edch \u0161esti bitech \u010d\u00edst \u0161est logick\u00fdch sign\u00e1l\u016f, um\u00ed tedy nejenom joystick, ale i paraleln\u00ed my\u0161 s kvadraturn\u00edmi v\u00fdstupy v obou os\u00e1ch a dv\u011bma tla\u010d\u00edtky.<\/p>\n<p>Samotn\u00e1 tla\u010d\u00edtka jsou od firmy Marquardt, typ <a href=\"https:\/\/www.marquardt-switches.com\/tact-and-key-switches.html?&amp;no_cache=1&amp;tx_produktkatalog2_pi1%5Bmode%5D=overview&amp;tx_produktkatalog2_pi1%5Bmodifier%5D=0&amp;tx_produktkatalog2_pi1%5Bvalue%5D=6425&amp;tx_produktkatalog2_pi1%5Bpointer%5D=0&amp;cHash=9c85e9dfc22f5a7092183ccc5a2f0dfa\" target=\"_blank\" rel=\"noopener noreferrer\">6425<\/a>. Syst\u00e9mov\u00e9 hmatn\u00edky t\u00e9ho\u017e v\u00fdrobce jsou pak tvo\u0159eny kryc\u00edm plexisklem (<a href=\"https:\/\/www.marquardt-switches.com\/accessories.html?&amp;no_cache=1&amp;tx_produktkatalog2_pi1%5Bmode%5D=subkat&amp;tx_produktkatalog2_pi1%5Bmodifier%5D=0&amp;tx_produktkatalog2_pi1%5Bvalue%5D=13130&amp;tx_produktkatalog2_pi1%5Bpointer%5D=0&amp;cHash=835ceb82385c24a93f6201256c707b0e\" target=\"_blank\" rel=\"noopener noreferrer\">typ 835.900.013<\/a>), pod kter\u00fdm jsou vlo\u017eeny popisy. Vzhledem k v\u00e1ze origin\u00e1ln\u00edho propojovac\u00edho kabelu byl pro propojen\u00ed kl\u00e1vesnice ANK-1M5 s deskou procesoru zvolen ploch\u00fd kabel, zakon\u010den\u00fd konektory IDC. Konkr\u00e9tn\u011b je pou\u017eit ji\u017e hotov\u00fd kabel FC34300-S o d\u00e9lce 300mm, dostupn\u00fd nap\u0159\u00edklad <a href=\"https:\/\/www.tme.eu\/cz\/details\/fc34300-s\/ploche-kabely-s-konektory-idc\/amphenol\/\" target=\"_blank\" rel=\"noopener noreferrer\">zde<\/a>. Na stran\u011b procesorov\u00e9 desky je pak pou\u017eita redukce FRB30\/IDC34 viz obr\u00e1zek sestavy.<\/p>\n<div id=\"attachment_1532\" style=\"width: 160px\" class=\"wp-caption alignleft\"><a href=\"https:\/\/www.pmd85.cz\/wp-content\/uploads\/ank1m5.jpg\" target=\"_blank\" rel=\"noopener noreferrer\"><img aria-describedby=\"caption-attachment-1532\" loading=\"lazy\" class=\"wp-image-1532 size-thumbnail\" src=\"https:\/\/www.pmd85.cz\/wp-content\/uploads\/ank1m5-150x150.jpg\" alt=\"\" width=\"150\" height=\"150\" \/><\/a><p id=\"caption-attachment-1532\" class=\"wp-caption-text\">Kl\u00e1vesnice ANK-1M5<\/p><\/div>\n<div id=\"attachment_1533\" style=\"width: 160px\" class=\"wp-caption alignleft\"><a href=\"https:\/\/www.pmd85.cz\/wp-content\/uploads\/ank1m5-1-rotated-e1632754085695.jpg\" target=\"_blank\" rel=\"noopener noreferrer\"><img aria-describedby=\"caption-attachment-1533\" loading=\"lazy\" class=\"wp-image-1533 size-thumbnail\" src=\"https:\/\/www.pmd85.cz\/wp-content\/uploads\/ank1m5-1-rotated-e1632754085695-150x150.jpg\" alt=\"\" width=\"150\" height=\"150\" \/><\/a><p id=\"caption-attachment-1533\" class=\"wp-caption-text\">Sestava ANK-1M5 \/ JPR-1<\/p><\/div>\n<p>&nbsp;<\/p>\n<p>&nbsp;<\/p>\n<p>&nbsp;<\/p>\n<p>&nbsp;<\/p>\n<p>&nbsp;<\/p>\n<p><a href=\"https:\/\/www.pmd85.cz\/wp-content\/uploads\/ank1m5.zip\">Dokumentace k desce kl\u00e1vesnice ANK-1M5<\/a><\/p>\n","protected":false},"excerpt":{"rendered":"<p>Jako funk\u010dn\u00ed n\u00e1hrada prakticky nepou\u017eiteln\u00e9 origin\u00e1ln\u00ed kl\u00e1vesnice ANK-1 vznikla za pomoci koleg\u016f z Oldcompu tato modernizovan\u00e1 verze. Z\u016fstaly na n\u00ed nejnutn\u011bj\u0161\u00ed v\u011bci &#8211; vlastn\u00ed matice kl\u00e1ves, indika\u010dn\u00ed LEDky, miniaturn\u00ed reproduktor, a&#8230; n\u011bco, co tam historicky nepat\u0159\u00ed, ov\u0161em cht\u011bli jsme to tam m\u00edt. Vstupn\u00ed port P1 je vyu\u017eit pro p\u0159ipojen\u00ed ATARI joysticku, jeho\u017e konektor je na [&hellip;]<\/p>\n","protected":false},"author":1,"featured_media":0,"parent":292,"menu_order":0,"comment_status":"open","ping_status":"closed","template":"","meta":[],"_links":{"self":[{"href":"https:\/\/www.pmd85.cz\/index.php?rest_route=\/wp\/v2\/pages\/1527"}],"collection":[{"href":"https:\/\/www.pmd85.cz\/index.php?rest_route=\/wp\/v2\/pages"}],"about":[{"href":"https:\/\/www.pmd85.cz\/index.php?rest_route=\/wp\/v2\/types\/page"}],"author":[{"embeddable":true,"href":"https:\/\/www.pmd85.cz\/index.php?rest_route=\/wp\/v2\/users\/1"}],"replies":[{"embeddable":true,"href":"https:\/\/www.pmd85.cz\/index.php?rest_route=%2Fwp%2Fv2%2Fcomments&post=1527"}],"version-history":[{"count":10,"href":"https:\/\/www.pmd85.cz\/index.php?rest_route=\/wp\/v2\/pages\/1527\/revisions"}],"predecessor-version":[{"id":1609,"href":"https:\/\/www.pmd85.cz\/index.php?rest_route=\/wp\/v2\/pages\/1527\/revisions\/1609"}],"up":[{"embeddable":true,"href":"https:\/\/www.pmd85.cz\/index.php?rest_route=\/wp\/v2\/pages\/292"}],"wp:attachment":[{"href":"https:\/\/www.pmd85.cz\/index.php?rest_route=%2Fwp%2Fv2%2Fmedia&parent=1527"}],"curies":[{"name":"wp","href":"https:\/\/api.w.org\/{rel}","templated":true}]}}