{"id":1555,"date":"2021-08-12T20:36:35","date_gmt":"2021-08-12T18:36:35","guid":{"rendered":"https:\/\/www.pmd85.cz\/?page_id=1555"},"modified":"2021-08-12T20:38:48","modified_gmt":"2021-08-12T18:38:48","slug":"pristrojova-krabice-kk07-231","status":"publish","type":"page","link":"https:\/\/www.pmd85.cz\/?page_id=1555","title":{"rendered":"P\u0159\u00edstrojov\u00e1 krabice KK07-231"},"content":{"rendered":"<p>Pon\u011bkud netradi\u010dn\u011b uvedu projekt v\u00fdroby t\u00e9to plechov\u00e9 krabice, kter\u00e1 se bohu\u017eel ztratila z trhu. Tento projekt si neklade za c\u00edl komer\u010dn\u00ed v\u00fdrobu, jedn\u00e1 se pouze o sv\u00e9pomocnou n\u00e1hradu, kdy pot\u0159ebuji dodr\u017eet design s ji\u017e d\u0159\u00edve vyroben\u00fdmi m\u011b\u0159ic\u00edmi p\u0159\u00edstroji. Je-li n\u011bkdo ve stejn\u00e9 situaci, \u010di pokud by se n\u011bkdo cht\u011bl k projektu p\u0159ipojit, tak pro tyto \u00fa\u010dely je zalo\u017een tento \u010dl\u00e1nek.<\/p>\n<p>Pro prvotn\u00ed n\u00e1hled jsem stvo\u0159il mal\u00fd n\u00e1hledov\u00fd dr\u00e1t\u011bn\u00fd model v Excelu <a href=\"https:\/\/www.pmd85.cz\/wp-content\/uploads\/Ot\u00e1\u010den\u00ed.xls\">zde<\/a>. Soubor obsahuje dv\u011b z\u00e1lo\u017eky, pro z\u00e1kladnu a pro horn\u00ed kryt. Dr\u00e1t\u011bn\u00fdmi modely lze ot\u00e1\u010det o 0 a\u017e 90\u00b0 ve v\u0161ech t\u0159ech os\u00e1ch. Pokud nechcete soubor stahovat a spou\u0161t\u011bt, tak uv\u00e1d\u00edm n\u00e1hledy, co byste jinak vid\u011bli.<\/p>\n<div id=\"attachment_1559\" style=\"width: 160px\" class=\"wp-caption alignleft\"><a href=\"https:\/\/www.pmd85.cz\/wp-content\/uploads\/KK07231_zakladna.png\" target=\"_blank\" rel=\"noopener noreferrer\"><img aria-describedby=\"caption-attachment-1559\" loading=\"lazy\" class=\"wp-image-1559 size-thumbnail\" src=\"https:\/\/www.pmd85.cz\/wp-content\/uploads\/KK07231_zakladna-150x150.png\" alt=\"\" width=\"150\" height=\"150\" \/><\/a><p id=\"caption-attachment-1559\" class=\"wp-caption-text\">Z\u00e1kladna<\/p><\/div>\n<div id=\"attachment_1560\" style=\"width: 160px\" class=\"wp-caption alignleft\"><a href=\"https:\/\/www.pmd85.cz\/wp-content\/uploads\/KK07231_kryt.png\" target=\"_blank\" rel=\"noopener noreferrer\"><img aria-describedby=\"caption-attachment-1560\" loading=\"lazy\" class=\"wp-image-1560 size-thumbnail\" src=\"https:\/\/www.pmd85.cz\/wp-content\/uploads\/KK07231_kryt-150x150.png\" alt=\"\" width=\"150\" height=\"150\" \/><\/a><p id=\"caption-attachment-1560\" class=\"wp-caption-text\">Horn\u00ed kryt<\/p><\/div>\n<p>&nbsp;<\/p>\n<p>&nbsp;<\/p>\n<p>&nbsp;<\/p>\n<p>&nbsp;<\/p>\n<p>&nbsp;<\/p>\n<p>Rozvinut\u00e9 tvary plech\u016f se moment\u00e1ln\u011b kresl\u00ed, budou rovn\u011b\u017e uve\u0159ejn\u011bny.<\/p>\n<p>&nbsp;<\/p>\n","protected":false},"excerpt":{"rendered":"<p>Pon\u011bkud netradi\u010dn\u011b uvedu projekt v\u00fdroby t\u00e9to plechov\u00e9 krabice, kter\u00e1 se bohu\u017eel ztratila z trhu. Tento projekt si neklade za c\u00edl komer\u010dn\u00ed v\u00fdrobu, jedn\u00e1 se pouze o sv\u00e9pomocnou n\u00e1hradu, kdy pot\u0159ebuji dodr\u017eet design s ji\u017e d\u0159\u00edve vyroben\u00fdmi m\u011b\u0159ic\u00edmi p\u0159\u00edstroji. Je-li n\u011bkdo ve stejn\u00e9 situaci, \u010di pokud by se n\u011bkdo cht\u011bl k projektu p\u0159ipojit, tak pro tyto [&hellip;]<\/p>\n","protected":false},"author":1,"featured_media":0,"parent":292,"menu_order":0,"comment_status":"open","ping_status":"closed","template":"","meta":[],"_links":{"self":[{"href":"https:\/\/www.pmd85.cz\/index.php?rest_route=\/wp\/v2\/pages\/1555"}],"collection":[{"href":"https:\/\/www.pmd85.cz\/index.php?rest_route=\/wp\/v2\/pages"}],"about":[{"href":"https:\/\/www.pmd85.cz\/index.php?rest_route=\/wp\/v2\/types\/page"}],"author":[{"embeddable":true,"href":"https:\/\/www.pmd85.cz\/index.php?rest_route=\/wp\/v2\/users\/1"}],"replies":[{"embeddable":true,"href":"https:\/\/www.pmd85.cz\/index.php?rest_route=%2Fwp%2Fv2%2Fcomments&post=1555"}],"version-history":[{"count":3,"href":"https:\/\/www.pmd85.cz\/index.php?rest_route=\/wp\/v2\/pages\/1555\/revisions"}],"predecessor-version":[{"id":1563,"href":"https:\/\/www.pmd85.cz\/index.php?rest_route=\/wp\/v2\/pages\/1555\/revisions\/1563"}],"up":[{"embeddable":true,"href":"https:\/\/www.pmd85.cz\/index.php?rest_route=\/wp\/v2\/pages\/292"}],"wp:attachment":[{"href":"https:\/\/www.pmd85.cz\/index.php?rest_route=%2Fwp%2Fv2%2Fmedia&parent=1555"}],"curies":[{"name":"wp","href":"https:\/\/api.w.org\/{rel}","templated":true}]}}