{"id":1590,"date":"2021-09-25T11:34:43","date_gmt":"2021-09-25T09:34:43","guid":{"rendered":"https:\/\/www.pmd85.cz\/?page_id=1590"},"modified":"2021-09-26T09:35:55","modified_gmt":"2021-09-26T07:35:55","slug":"tlacitkovy-joystick-pro-pmd-85","status":"publish","type":"page","link":"https:\/\/www.pmd85.cz\/?page_id=1590","title":{"rendered":"Tla\u010d\u00edtkov\u00fd &#8222;joystick&#8220; pro PMD-85"},"content":{"rendered":"<p>Jedn\u00e1 se o n\u00e1hradu klasick\u00e9ho p\u00e1kov\u00e9ho ovlada\u010de (joysticku) ovlada\u010dem s jednotliv\u00fdmi sm\u011brov\u00fdmi tla\u010d\u00edtky. Tla\u010d\u00edtka jsou rozm\u00edst\u011bna ve stylu QAOPM (tla\u010d\u00edtka na kl\u00e1vesnici po\u010d\u00edta\u010de). Tento joystick je funk\u010dn\u011b 100% kompatibiln\u00ed s &#8222;normou&#8220; STICK4004\/482, tedy se v\u0161emi existuj\u00edc\u00edmi hrami pro PMD-85, kter\u00e9 joystick podporuj\u00ed.<\/p>\n<p>Tento projekt je sice u\u0161it\u00fd na m\u00edru PMD-85, ov\u0161em plo\u0161n\u00fd spoj umo\u017e\u0148uje zjednodu\u0161en\u00e9 osazen\u00ed, kompatibiln\u00ed s ATARI joystickem. Proto\u017ee joystick pro PMD-85 pou\u017e\u00edv\u00e1 vnit\u0159n\u00ed sign\u00e1l v\u00fdb\u011bru (PC0 nebo PC4 na portech GPIO), je od tohoto sign\u00e1lu odvozeno rozsv\u00edcen\u00ed zelen\u00e9 LED na joysticku, kter\u00e1 tak indikuje, \u017ee dan\u00fd joystick je aktivov\u00e1n (nutn\u011b to v\u0161ak nemus\u00ed znamenat, \u017ee jej hra pou\u017e\u00edv\u00e1).<\/p>\n<p>Ve verzi pro PMD-85 je nutno pou\u017e\u00edt 11-\u017eilov\u00fd kabel. V nouzi lze sice o\u017eelet 3 vodi\u010de a zapojit kabel pouze 8-\u017eilov\u00fd, ov\u0161em p\u0159ijdeme o indikaci, \u017ee joystick je hrou aktivov\u00e1n a d\u00e1le nebudou zapojeny pull-up odpory R4..R8. Tyto odpory v\u011bt\u0161inou stejn\u011b zapojeny nejsou a joysticky funguj\u00ed, tak\u017ee to by nakonec nemusel b\u00fdt ani tak velik\u00fd probl\u00e9m.<\/p>\n<p>Proto\u017ee PMD-85 nem\u00e1 na konektorech GPIO vyvedeno +5V, je pro pull-up rezistory a nap\u00e1jen\u00ed LED pou\u017eito v\u00fdstup\u016f u\u017eivatelsky dostupn\u00fdch hradel na t\u011bchto konektorech. Dv\u011b hradla nap\u00e1j\u00ed pull-up rezistory, t\u0159et\u00ed hradlo nap\u00e1j\u00ed LED. Hradla jsou ve skute\u010dnosti typu OPEN-COLLECTOR, tak\u017ee se na v\u00fdstupn\u00edm nap\u011bt\u00ed nepod\u00edl\u00ed. Maj\u00ed tam v\u0161ak zapojeny vlastn\u00ed pull-up rezistory 3k3, co\u017e je pro na\u0161i aplikaci dostate\u010dn\u00e9.<\/p>\n<div id=\"attachment_1593\" style=\"width: 160px\" class=\"wp-caption alignleft\"><a href=\"https:\/\/www.pmd85.cz\/wp-content\/uploads\/joy_top-rotated-e1632567133897.jpg\" target=\"_blank\" rel=\"noopener noreferrer\"><img aria-describedby=\"caption-attachment-1593\" loading=\"lazy\" class=\"wp-image-1593 size-thumbnail\" src=\"https:\/\/www.pmd85.cz\/wp-content\/uploads\/joy_top-rotated-e1632567133897-150x150.jpg\" alt=\"\" width=\"150\" height=\"150\" \/><\/a><p id=\"caption-attachment-1593\" class=\"wp-caption-text\">Celkov\u00fd n\u00e1hled<\/p><\/div>\n<div id=\"attachment_1594\" style=\"width: 160px\" class=\"wp-caption alignleft\"><a href=\"https:\/\/www.pmd85.cz\/wp-content\/uploads\/joy_base-rotated-e1632567121416.jpg\" target=\"_blank\" rel=\"noopener noreferrer\"><img aria-describedby=\"caption-attachment-1594\" loading=\"lazy\" class=\"wp-image-1594 size-thumbnail\" src=\"https:\/\/www.pmd85.cz\/wp-content\/uploads\/joy_base-rotated-e1632567121416-150x150.jpg\" alt=\"\" width=\"150\" height=\"150\" \/><\/a><p id=\"caption-attachment-1594\" class=\"wp-caption-text\">Z\u00e1kladna joysticku<\/p><\/div>\n<div id=\"attachment_1591\" style=\"width: 160px\" class=\"wp-caption alignleft\"><a href=\"https:\/\/www.pmd85.cz\/wp-content\/uploads\/joy_inside-rotated-e1632567147847.jpg\" target=\"_blank\" rel=\"noopener noreferrer\"><img aria-describedby=\"caption-attachment-1591\" loading=\"lazy\" class=\"wp-image-1591 size-thumbnail\" src=\"https:\/\/www.pmd85.cz\/wp-content\/uploads\/joy_inside-rotated-e1632567147847-150x150.jpg\" alt=\"\" width=\"150\" height=\"150\" \/><\/a><p id=\"caption-attachment-1591\" class=\"wp-caption-text\">Plo\u0161n\u00fd spoj<\/p><\/div>\n<div id=\"attachment_1602\" style=\"width: 160px\" class=\"wp-caption alignleft\"><a href=\"https:\/\/www.pmd85.cz\/wp-content\/uploads\/joy_sch.png\" target=\"_blank\" rel=\"noopener noreferrer\"><img aria-describedby=\"caption-attachment-1602\" loading=\"lazy\" class=\"wp-image-1602 size-thumbnail\" src=\"https:\/\/www.pmd85.cz\/wp-content\/uploads\/joy_sch-150x150.png\" alt=\"\" width=\"150\" height=\"150\" \/><\/a><p id=\"caption-attachment-1602\" class=\"wp-caption-text\">Sch\u00e9ma zapojen\u00ed<\/p><\/div>\n<p>&nbsp;<\/p>\n<p>&nbsp;<\/p>\n<p>&nbsp;<\/p>\n","protected":false},"excerpt":{"rendered":"<p>Jedn\u00e1 se o n\u00e1hradu klasick\u00e9ho p\u00e1kov\u00e9ho ovlada\u010de (joysticku) ovlada\u010dem s jednotliv\u00fdmi sm\u011brov\u00fdmi tla\u010d\u00edtky. Tla\u010d\u00edtka jsou rozm\u00edst\u011bna ve stylu QAOPM (tla\u010d\u00edtka na kl\u00e1vesnici po\u010d\u00edta\u010de). Tento joystick je funk\u010dn\u011b 100% kompatibiln\u00ed s &#8222;normou&#8220; STICK4004\/482, tedy se v\u0161emi existuj\u00edc\u00edmi hrami pro PMD-85, kter\u00e9 joystick podporuj\u00ed. Tento projekt je sice u\u0161it\u00fd na m\u00edru PMD-85, ov\u0161em plo\u0161n\u00fd spoj umo\u017e\u0148uje zjednodu\u0161en\u00e9 [&hellip;]<\/p>\n","protected":false},"author":1,"featured_media":0,"parent":292,"menu_order":0,"comment_status":"open","ping_status":"closed","template":"","meta":[],"_links":{"self":[{"href":"https:\/\/www.pmd85.cz\/index.php?rest_route=\/wp\/v2\/pages\/1590"}],"collection":[{"href":"https:\/\/www.pmd85.cz\/index.php?rest_route=\/wp\/v2\/pages"}],"about":[{"href":"https:\/\/www.pmd85.cz\/index.php?rest_route=\/wp\/v2\/types\/page"}],"author":[{"embeddable":true,"href":"https:\/\/www.pmd85.cz\/index.php?rest_route=\/wp\/v2\/users\/1"}],"replies":[{"embeddable":true,"href":"https:\/\/www.pmd85.cz\/index.php?rest_route=%2Fwp%2Fv2%2Fcomments&post=1590"}],"version-history":[{"count":6,"href":"https:\/\/www.pmd85.cz\/index.php?rest_route=\/wp\/v2\/pages\/1590\/revisions"}],"predecessor-version":[{"id":1603,"href":"https:\/\/www.pmd85.cz\/index.php?rest_route=\/wp\/v2\/pages\/1590\/revisions\/1603"}],"up":[{"embeddable":true,"href":"https:\/\/www.pmd85.cz\/index.php?rest_route=\/wp\/v2\/pages\/292"}],"wp:attachment":[{"href":"https:\/\/www.pmd85.cz\/index.php?rest_route=%2Fwp%2Fv2%2Fmedia&parent=1590"}],"curies":[{"name":"wp","href":"https:\/\/api.w.org\/{rel}","templated":true}]}}