{"id":1614,"date":"2021-10-01T20:23:29","date_gmt":"2021-10-01T18:23:29","guid":{"rendered":"https:\/\/www.pmd85.cz\/?page_id=1614"},"modified":"2021-10-01T20:45:21","modified_gmt":"2021-10-01T18:45:21","slug":"sapi-minibus3","status":"publish","type":"page","link":"https:\/\/www.pmd85.cz\/?page_id=1614","title":{"rendered":"SAPI &#8211; MiniBus3"},"content":{"rendered":"<p>Vznik minisb\u011brnice byl ovlivn\u011bn pot\u0159ebou lad\u011bn\u00ed program\u016f pod standardn\u00edm syst\u00e9mem MONITOR (BIOS) + n\u00e1stavbov\u00fd syst\u00e9m MIKOS. Pro modelovou sestavu s minisb\u011brnic\u00ed se po\u010d\u00edt\u00e1 s kombinac\u00ed desek JPR-1S\/DSM-1\/BGP-1. Minisb\u011brnice v\u0161ak nevylu\u010duje jinou kombinaci desek, pouze je pro v\u00fd\u0161e uvedenou konfiguraci prim\u00e1rn\u011b uzp\u016fsobena.<\/p>\n<p>Tato mal\u00e1 sb\u011brnice je v\u00fdvojov\u00fdm n\u00e1sledovn\u00edkem mikrosb\u011brnice <a href=\"https:\/\/www.pmd85.cz\/?page_id=1511\">MikroBus2<\/a>. Je ur\u010dena k plnohodnotn\u00e9mu provozu desek SAPI, v\u010detn\u011b nap\u00e1jec\u00edho nap\u011bt\u00ed -12V, kter\u00e9 se nyn\u00ed na desce minisb\u011brnice vyr\u00e1b\u00ed DC-DC m\u011bni\u010dem.<\/p>\n<p>Na rozd\u00ed od mikrosb\u011brnice pro dv\u011b desky nen\u00ed tato minisb\u011brnice navr\u017eena pro hardwarov\u00e9 pokusy s nov\u011b vyv\u00edjen\u00fdmi deskami, proto ji\u017e neobsahuje m\u011b\u0159ic\u00ed a p\u0159\u00edpojn\u00e9 piny s nap\u00e1jec\u00edmi nap\u011bt\u00edmi. P\u0159ibyl v\u0161ak zm\u00edn\u011bn\u00fd DC-DC m\u011bni\u010d -12V\/83mA, pull-up rezistory na sign\u00e1lech \/MR, \/MW, \/IOR\/ a \/IOW a samoz\u0159ejm\u011b t\u0159et\u00ed slot pro standardn\u00ed kartu syst\u00e9mu SAPI 1.<\/p>\n<p>St\u00e1le se po\u010d\u00edt\u00e1 s nap\u00e1jen\u00edm pomoc\u00ed zdroje EA1605 (pop\u0159\u00edpad\u011b ranou verz\u00ed zdroje PMD10 se sedmipinov\u00fdm konektorem \u0159ady TESLA JIHLAVA WK1803x nebo 2WK18xxx). Ov\u0161em t\u0159i desky syst\u00e9mu SAPI jsou obecn\u011b z hlediska odb\u011bru ji\u017e na hran\u011b schopnost\u00ed t\u011bchto zdroj\u016f a tak se u p\u016fvodn\u00edch desek s velk\u00fdm odb\u011brem mohou tyto zdroje uk\u00e1zat jako nedostate\u010dn\u00e9.<\/p>\n<p>Pro mechanickou konstrukci minisb\u011brnice plat\u00ed stejn\u00e9 z\u00e1sady jako u mikrosb\u011brnice pro dv\u011b desky. Tla\u010d\u00edtko RESET m\u016f\u017ee b\u00fdt osazeno b\u011b\u017en\u00fdm typem 6x6mm (nap\u0159\u00edklad Omron B3F-1xxx) nebo typem Marquardt 6425 (v\u011bt\u0161\u00ed plocha hmatn\u00edku a leh\u010d\u00ed chod).<\/p>\n<div id=\"attachment_1617\" style=\"width: 160px\" class=\"wp-caption alignleft\"><a href=\"https:\/\/www.pmd85.cz\/wp-content\/uploads\/MiniBus3preview.png\" target=\"_blank\" rel=\"noopener noreferrer\"><img aria-describedby=\"caption-attachment-1617\" loading=\"lazy\" class=\"wp-image-1617 size-thumbnail\" src=\"https:\/\/www.pmd85.cz\/wp-content\/uploads\/MiniBus3preview-150x150.png\" alt=\"\" width=\"150\" height=\"150\" \/><\/a><p id=\"caption-attachment-1617\" class=\"wp-caption-text\">Deska plo\u0161n\u00fdch spoj\u016f<\/p><\/div>\n<p>&nbsp;<\/p>\n","protected":false},"excerpt":{"rendered":"<p>Vznik minisb\u011brnice byl ovlivn\u011bn pot\u0159ebou lad\u011bn\u00ed program\u016f pod standardn\u00edm syst\u00e9mem MONITOR (BIOS) + n\u00e1stavbov\u00fd syst\u00e9m MIKOS. Pro modelovou sestavu s minisb\u011brnic\u00ed se po\u010d\u00edt\u00e1 s kombinac\u00ed desek JPR-1S\/DSM-1\/BGP-1. Minisb\u011brnice v\u0161ak nevylu\u010duje jinou kombinaci desek, pouze je pro v\u00fd\u0161e uvedenou konfiguraci prim\u00e1rn\u011b uzp\u016fsobena. Tato mal\u00e1 sb\u011brnice je v\u00fdvojov\u00fdm n\u00e1sledovn\u00edkem mikrosb\u011brnice MikroBus2. Je ur\u010dena k plnohodnotn\u00e9mu provozu desek [&hellip;]<\/p>\n","protected":false},"author":1,"featured_media":0,"parent":292,"menu_order":0,"comment_status":"open","ping_status":"closed","template":"","meta":[],"_links":{"self":[{"href":"https:\/\/www.pmd85.cz\/index.php?rest_route=\/wp\/v2\/pages\/1614"}],"collection":[{"href":"https:\/\/www.pmd85.cz\/index.php?rest_route=\/wp\/v2\/pages"}],"about":[{"href":"https:\/\/www.pmd85.cz\/index.php?rest_route=\/wp\/v2\/types\/page"}],"author":[{"embeddable":true,"href":"https:\/\/www.pmd85.cz\/index.php?rest_route=\/wp\/v2\/users\/1"}],"replies":[{"embeddable":true,"href":"https:\/\/www.pmd85.cz\/index.php?rest_route=%2Fwp%2Fv2%2Fcomments&post=1614"}],"version-history":[{"count":6,"href":"https:\/\/www.pmd85.cz\/index.php?rest_route=\/wp\/v2\/pages\/1614\/revisions"}],"predecessor-version":[{"id":1624,"href":"https:\/\/www.pmd85.cz\/index.php?rest_route=\/wp\/v2\/pages\/1614\/revisions\/1624"}],"up":[{"embeddable":true,"href":"https:\/\/www.pmd85.cz\/index.php?rest_route=\/wp\/v2\/pages\/292"}],"wp:attachment":[{"href":"https:\/\/www.pmd85.cz\/index.php?rest_route=%2Fwp%2Fv2%2Fmedia&parent=1614"}],"curies":[{"name":"wp","href":"https:\/\/api.w.org\/{rel}","templated":true}]}}