{"id":1634,"date":"2021-11-24T20:36:08","date_gmt":"2021-11-24T19:36:08","guid":{"rendered":"https:\/\/www.pmd85.cz\/?page_id=1634"},"modified":"2021-11-24T20:43:25","modified_gmt":"2021-11-24T19:43:25","slug":"simulator-eprom-mini128k","status":"publish","type":"page","link":"https:\/\/www.pmd85.cz\/?page_id=1634","title":{"rendered":"Simul\u00e1tor EPROM mini128k"},"content":{"rendered":"<p>Uveden\u00e1 konstrukce je opu\u0161t\u011bn\u00fdm a nedota\u017een\u00fdm projektem, kter\u00e9mu ov\u0161em nechyb\u00ed k dokon\u010den\u00ed mnoho. Vynech\u00e1m obvykl\u00e9 koment\u00e1\u0159e, ten, kdo v\u00ed, k \u010demu to slou\u017e\u00ed, ten z toho n\u011bco pou\u017eije.<\/p>\n<p>Simul\u00e1tor EPROM je sice &#8222;zakon\u010den&#8220; patic\u00ed DIL, ale v pozd\u011bj\u0161\u00ed \u00faprav\u011b u\u017e tam byl sokl IDC 90\u00b0 pro nasunut\u00ed do reduk\u010dn\u00edho plo\u0161n\u00e9ho spoje s piny. Tento reduk\u010dn\u00ed plo\u0161n\u00fd spoj u\u017e se m\u011bl zasouvat do patice m\u00edsto simulovan\u00e9 EPROM.<\/p>\n<div id=\"attachment_1637\" style=\"width: 160px\" class=\"wp-caption alignleft\"><a href=\"https:\/\/www.pmd85.cz\/wp-content\/uploads\/schematics.png\" target=\"_blank\" rel=\"noopener noreferrer\"><img aria-describedby=\"caption-attachment-1637\" loading=\"lazy\" class=\"wp-image-1637 size-thumbnail\" src=\"https:\/\/www.pmd85.cz\/wp-content\/uploads\/schematics-150x150.png\" alt=\"\" width=\"150\" height=\"150\" \/><\/a><p id=\"caption-attachment-1637\" class=\"wp-caption-text\">Sch\u00e9ma<\/p><\/div>\n<div id=\"attachment_1638\" style=\"width: 160px\" class=\"wp-caption alignleft\"><a href=\"https:\/\/www.pmd85.cz\/wp-content\/uploads\/pcb_top.png\" target=\"_blank\" rel=\"noopener noreferrer\"><img aria-describedby=\"caption-attachment-1638\" loading=\"lazy\" class=\"wp-image-1638 size-thumbnail\" src=\"https:\/\/www.pmd85.cz\/wp-content\/uploads\/pcb_top-150x150.png\" alt=\"\" width=\"150\" height=\"150\" \/><\/a><p id=\"caption-attachment-1638\" class=\"wp-caption-text\">Horn\u00ed strana PCB<\/p><\/div>\n","protected":false},"excerpt":{"rendered":"<p>Uveden\u00e1 konstrukce je opu\u0161t\u011bn\u00fdm a nedota\u017een\u00fdm projektem, kter\u00e9mu ov\u0161em nechyb\u00ed k dokon\u010den\u00ed mnoho. Vynech\u00e1m obvykl\u00e9 koment\u00e1\u0159e, ten, kdo v\u00ed, k \u010demu to slou\u017e\u00ed, ten z toho n\u011bco pou\u017eije. Simul\u00e1tor EPROM je sice &#8222;zakon\u010den&#8220; patic\u00ed DIL, ale v pozd\u011bj\u0161\u00ed \u00faprav\u011b u\u017e tam byl sokl IDC 90\u00b0 pro nasunut\u00ed do reduk\u010dn\u00edho plo\u0161n\u00e9ho spoje s piny. Tento reduk\u010dn\u00ed [&hellip;]<\/p>\n","protected":false},"author":1,"featured_media":0,"parent":292,"menu_order":0,"comment_status":"open","ping_status":"closed","template":"","meta":[],"_links":{"self":[{"href":"https:\/\/www.pmd85.cz\/index.php?rest_route=\/wp\/v2\/pages\/1634"}],"collection":[{"href":"https:\/\/www.pmd85.cz\/index.php?rest_route=\/wp\/v2\/pages"}],"about":[{"href":"https:\/\/www.pmd85.cz\/index.php?rest_route=\/wp\/v2\/types\/page"}],"author":[{"embeddable":true,"href":"https:\/\/www.pmd85.cz\/index.php?rest_route=\/wp\/v2\/users\/1"}],"replies":[{"embeddable":true,"href":"https:\/\/www.pmd85.cz\/index.php?rest_route=%2Fwp%2Fv2%2Fcomments&post=1634"}],"version-history":[{"count":3,"href":"https:\/\/www.pmd85.cz\/index.php?rest_route=\/wp\/v2\/pages\/1634\/revisions"}],"predecessor-version":[{"id":1639,"href":"https:\/\/www.pmd85.cz\/index.php?rest_route=\/wp\/v2\/pages\/1634\/revisions\/1639"}],"up":[{"embeddable":true,"href":"https:\/\/www.pmd85.cz\/index.php?rest_route=\/wp\/v2\/pages\/292"}],"wp:attachment":[{"href":"https:\/\/www.pmd85.cz\/index.php?rest_route=%2Fwp%2Fv2%2Fmedia&parent=1634"}],"curies":[{"name":"wp","href":"https:\/\/api.w.org\/{rel}","templated":true}]}}