{"id":1693,"date":"2022-01-01T12:37:40","date_gmt":"2022-01-01T11:37:40","guid":{"rendered":"https:\/\/www.pmd85.cz\/?page_id=1693"},"modified":"2022-01-01T12:48:02","modified_gmt":"2022-01-01T11:48:02","slug":"nahrady-napajecich-kabelu-pmd-85","status":"publish","type":"page","link":"https:\/\/www.pmd85.cz\/?page_id=1693","title":{"rendered":"N\u00e1hrady nap\u00e1jec\u00edch kabel\u016f PMD-85"},"content":{"rendered":"<p>P\u016fvodn\u00ed line\u00e1rn\u00ed zdroje EA1605 pou\u017e\u00edvaly konektory na b\u00e1zi kontaktn\u00edho syst\u00e9mu FRB. Na stran\u011b zdroje EA1605 a PMD-85 byly pou\u017eity sedmipinov\u00e9 konektory WK46248 (panelov\u00e1 vidlice) a kabel byl oboustrann\u011b zakon\u010den konektory WK18034 (kabelov\u00e1 z\u00e1suvka pro pr\u016fm\u011br kabelu 6mm). Pozd\u011bji se vyr\u00e1b\u011bly o n\u011bco kvalitn\u011bj\u0161\u00ed funk\u010dn\u00ed n\u00e1hrady konektor\u016f WK18034 a to pod ozna\u010den\u00edm 2WK18013. V sou\u010dasn\u00e9 dob\u011b vyr\u00e1b\u00ed firma Kolektor Tesla Jihlava s.r.o. kompatibiln\u00ed n\u00e1hrady obou zm\u00edn\u011bn\u00fdch p\u016fvodn\u00edch konektor\u016f (panelovou vidlici i kabelovou z\u00e1suvku).<\/p>\n<p><a href=\"https:\/\/www.pmd85.cz\/wp-content\/uploads\/Typ1_pg1.gif\" target=\"_blank\" rel=\"noopener noreferrer\"><img loading=\"lazy\" class=\"alignleft wp-image-1695 size-thumbnail\" src=\"https:\/\/www.pmd85.cz\/wp-content\/uploads\/Typ1_pg1-150x150.gif\" alt=\"\" width=\"150\" height=\"150\" \/><\/a> <a href=\"https:\/\/www.pmd85.cz\/wp-content\/uploads\/Typ1_pg2.gif\" target=\"_blank\" rel=\"noopener noreferrer\"><img loading=\"lazy\" class=\"alignleft wp-image-1696 size-thumbnail\" src=\"https:\/\/www.pmd85.cz\/wp-content\/uploads\/Typ1_pg2-150x150.gif\" alt=\"\" width=\"150\" height=\"150\" \/><\/a><a href=\"https:\/\/www.pmd85.cz\/wp-content\/uploads\/Typ1_pg3.gif\" target=\"_blank\" rel=\"noopener noreferrer\"><img loading=\"lazy\" class=\"alignleft wp-image-1694 size-thumbnail\" src=\"https:\/\/www.pmd85.cz\/wp-content\/uploads\/Typ1_pg3-150x150.gif\" alt=\"\" width=\"150\" height=\"150\" \/><\/a><\/p>\n<p>&nbsp;<\/p>\n<p>&nbsp;<\/p>\n<p>&nbsp;<\/p>\n<p>&nbsp;<\/p>\n<p>Pozd\u011bj\u0161\u00ed sp\u00ednan\u00e9 zdroje PMD-10 vyu\u017e\u00edvaly p\u011btipinov\u00fd DIN konektor.<\/p>\n<p><span style=\"color: #999999;\"><em>obr\u00e1zky budou dopln\u011bny<\/em><\/span><\/p>\n","protected":false},"excerpt":{"rendered":"<p>P\u016fvodn\u00ed line\u00e1rn\u00ed zdroje EA1605 pou\u017e\u00edvaly konektory na b\u00e1zi kontaktn\u00edho syst\u00e9mu FRB. Na stran\u011b zdroje EA1605 a PMD-85 byly pou\u017eity sedmipinov\u00e9 konektory WK46248 (panelov\u00e1 vidlice) a kabel byl oboustrann\u011b zakon\u010den konektory WK18034 (kabelov\u00e1 z\u00e1suvka pro pr\u016fm\u011br kabelu 6mm). Pozd\u011bji se vyr\u00e1b\u011bly o n\u011bco kvalitn\u011bj\u0161\u00ed funk\u010dn\u00ed n\u00e1hrady konektor\u016f WK18034 a to pod ozna\u010den\u00edm 2WK18013. V sou\u010dasn\u00e9 dob\u011b [&hellip;]<\/p>\n","protected":false},"author":1,"featured_media":0,"parent":292,"menu_order":0,"comment_status":"open","ping_status":"closed","template":"","meta":[],"_links":{"self":[{"href":"https:\/\/www.pmd85.cz\/index.php?rest_route=\/wp\/v2\/pages\/1693"}],"collection":[{"href":"https:\/\/www.pmd85.cz\/index.php?rest_route=\/wp\/v2\/pages"}],"about":[{"href":"https:\/\/www.pmd85.cz\/index.php?rest_route=\/wp\/v2\/types\/page"}],"author":[{"embeddable":true,"href":"https:\/\/www.pmd85.cz\/index.php?rest_route=\/wp\/v2\/users\/1"}],"replies":[{"embeddable":true,"href":"https:\/\/www.pmd85.cz\/index.php?rest_route=%2Fwp%2Fv2%2Fcomments&post=1693"}],"version-history":[{"count":5,"href":"https:\/\/www.pmd85.cz\/index.php?rest_route=\/wp\/v2\/pages\/1693\/revisions"}],"predecessor-version":[{"id":1703,"href":"https:\/\/www.pmd85.cz\/index.php?rest_route=\/wp\/v2\/pages\/1693\/revisions\/1703"}],"up":[{"embeddable":true,"href":"https:\/\/www.pmd85.cz\/index.php?rest_route=\/wp\/v2\/pages\/292"}],"wp:attachment":[{"href":"https:\/\/www.pmd85.cz\/index.php?rest_route=%2Fwp%2Fv2%2Fmedia&parent=1693"}],"curies":[{"name":"wp","href":"https:\/\/api.w.org\/{rel}","templated":true}]}}