{"id":1765,"date":"2022-05-05T21:49:10","date_gmt":"2022-05-05T19:49:10","guid":{"rendered":"https:\/\/www.pmd85.cz\/?page_id=1765"},"modified":"2023-04-22T06:50:28","modified_gmt":"2023-04-22T04:50:28","slug":"sapi-deska-textove-grafiky-and-1v1","status":"publish","type":"page","link":"https:\/\/www.pmd85.cz\/?page_id=1765","title":{"rendered":"SAPI &#8211; deska textov\u00e9 grafiky AND-1V rev. 1.x"},"content":{"rendered":"<div id=\"attachment_1808\" style=\"width: 160px\" class=\"wp-caption alignleft\"><a href=\"https:\/\/www.pmd85.cz\/wp-content\/uploads\/AND1V_rev1.1.jpg\" target=\"_blank\" rel=\"noopener\"><img aria-describedby=\"caption-attachment-1808\" loading=\"lazy\" class=\"wp-image-1808 size-thumbnail\" src=\"https:\/\/www.pmd85.cz\/wp-content\/uploads\/AND1V_rev1.1-150x150.jpg\" alt=\"\" width=\"150\" height=\"150\" \/><\/a><p id=\"caption-attachment-1808\" class=\"wp-caption-text\">AND-1V rev. 1.1<\/p><\/div>\n<p>&nbsp;<\/p>\n<p>&nbsp;<\/p>\n<p>&nbsp;<\/p>\n<p>&nbsp;<\/p>\n<p>&nbsp;<\/p>\n<p>Deska AND-1V je textovou grafickou kartou syst\u00e9mu SAPI-1 s v\u00fdstupem na VGA monitor a je p\u0159\u00edmou n\u00e1hradou origin\u00e1ln\u00ed desky AND-1Z. Je zalo\u017eena na odli\u0161n\u00e9m obvodov\u00e9m \u0159e\u0161en\u00ed, proto nelze znakov\u00fd gener\u00e1tor z desky AND-1Z v t\u00e9to konstrukci pou\u017e\u00edt (i kdy\u017e je znakov\u00e1 sada vizu\u00e1ln\u011b identick\u00e1). Deska m\u00e1 tyto parametry:<\/p>\n<ul>\n<li>textov\u00fd form\u00e1t 64&#215;20 znak\u016f<\/li>\n<li>form\u00e1t znaku 6&#215;12 pixel\u016f<\/li>\n<li>voliteln\u00e1 pozice v adresn\u00edm prostoru CPU s krokem 2kB<\/li>\n<li>mo\u017enost str\u00e1nkov\u00e1n\u00ed syst\u00e9mov\u00fdm sign\u00e1lem sb\u011brnice MAP1<\/li>\n<li>dva voliteln\u00e9 fonty (ka\u017ed\u00fd 256 znak\u016f)<\/li>\n<li>mo\u017enost volby barvy monochromatick\u00e9ho v\u00fdstupu (1 z 15 barev p\u00edsma na \u010dern\u00e9m pozad\u00ed)<\/li>\n<li>v\u00fdstupn\u00ed sign\u00e1l v norm\u011b VGA 640&#215;480\/60Hz<\/li>\n<\/ul>\n<p><span style=\"color: #999999;\"><em>detailn\u00ed popis se p\u0159ipravuje<\/em><\/span><\/p>\n<h2><\/h2>\n<h2>Soubory ke sta\u017een\u00ed<\/h2>\n<p><a href=\"https:\/\/www.pmd85.cz\/wp-content\/uploads\/FontAND1V.zip\">Kompil\u00e1tor fontu z BMP na bin\u00e1rn\u00ed soubor pro 28C64 na desce AND-1V rev. 1.1<\/a><\/p>\n<p>&nbsp;<\/p>\n<h2>Galerie obr\u00e1zk\u016f<\/h2>\n<div id=\"attachment_1769\" style=\"width: 160px\" class=\"wp-caption alignleft\"><a href=\"https:\/\/www.pmd85.cz\/wp-content\/uploads\/AND1V_Green.jpg\" target=\"_blank\" rel=\"noopener noreferrer\"><img aria-describedby=\"caption-attachment-1769\" loading=\"lazy\" class=\"wp-image-1769 size-thumbnail\" src=\"https:\/\/www.pmd85.cz\/wp-content\/uploads\/AND1V_Green-150x150.jpg\" alt=\"\" width=\"150\" height=\"150\" \/><\/a><p id=\"caption-attachment-1769\" class=\"wp-caption-text\">AND-1V (zelen\u00e1)<\/p><\/div>\n<div id=\"attachment_1772\" style=\"width: 160px\" class=\"wp-caption alignleft\"><a href=\"https:\/\/www.pmd85.cz\/wp-content\/uploads\/AND1V_White.jpg\" target=\"_blank\" rel=\"noopener noreferrer\"><img aria-describedby=\"caption-attachment-1772\" loading=\"lazy\" class=\"wp-image-1772 size-thumbnail\" src=\"https:\/\/www.pmd85.cz\/wp-content\/uploads\/AND1V_White-150x150.jpg\" alt=\"\" width=\"150\" height=\"150\" \/><\/a><p id=\"caption-attachment-1772\" class=\"wp-caption-text\">AND-1V (b\u00edl\u00e1)<\/p><\/div>\n<div id=\"attachment_1773\" style=\"width: 160px\" class=\"wp-caption alignleft\"><a href=\"https:\/\/www.pmd85.cz\/wp-content\/uploads\/AND1V_Amber.jpg\" target=\"_blank\" rel=\"noopener noreferrer\"><img aria-describedby=\"caption-attachment-1773\" loading=\"lazy\" class=\"wp-image-1773 size-thumbnail\" src=\"https:\/\/www.pmd85.cz\/wp-content\/uploads\/AND1V_Amber-150x150.jpg\" alt=\"\" width=\"150\" height=\"150\" \/><\/a><p id=\"caption-attachment-1773\" class=\"wp-caption-text\">AND-1V (jantarov\u00e1)<\/p><\/div>\n<p>&nbsp;<\/p>\n<p>&nbsp;<\/p>\n<p>&nbsp;<\/p>\n<p>&nbsp;<\/p>\n<p>&nbsp;<\/p>\n<div id=\"attachment_1780\" style=\"width: 160px\" class=\"wp-caption alignleft\"><a href=\"https:\/\/www.pmd85.cz\/wp-content\/uploads\/barvy.png\" target=\"_blank\" rel=\"noopener noreferrer\"><img aria-describedby=\"caption-attachment-1780\" loading=\"lazy\" class=\"wp-image-1780\" src=\"https:\/\/www.pmd85.cz\/wp-content\/uploads\/barvy.png\" alt=\"\" width=\"150\" height=\"150\" \/><\/a><p id=\"caption-attachment-1780\" class=\"wp-caption-text\">paleta dostupn\u00fdch barev<\/p><\/div>\n<div id=\"attachment_1782\" style=\"width: 160px\" class=\"wp-caption alignleft\"><a href=\"https:\/\/www.pmd85.cz\/wp-content\/uploads\/FontAND1V.png\" target=\"_blank\" rel=\"noopener noreferrer\"><img aria-describedby=\"caption-attachment-1782\" loading=\"lazy\" class=\"wp-image-1782 size-thumbnail\" src=\"https:\/\/www.pmd85.cz\/wp-content\/uploads\/FontAND1V-150x150.png\" alt=\"\" width=\"150\" height=\"150\" srcset=\"https:\/\/www.pmd85.cz\/wp-content\/uploads\/FontAND1V-150x150.png 150w, https:\/\/www.pmd85.cz\/wp-content\/uploads\/FontAND1V.png 192w\" sizes=\"(max-width: 150px) 100vw, 150px\" \/><\/a><p id=\"caption-attachment-1782\" class=\"wp-caption-text\">alternativn\u00ed\/standardn\u00ed font<\/p><\/div>\n<p>&nbsp;<\/p>\n<p>&nbsp;<\/p>\n<p>&nbsp;<\/p>\n<p>&nbsp;<\/p>\n<p>&nbsp;<\/p>\n<p>&nbsp;<\/p>\n","protected":false},"excerpt":{"rendered":"<p>&nbsp; &nbsp; &nbsp; &nbsp; &nbsp; Deska AND-1V je textovou grafickou kartou syst\u00e9mu SAPI-1 s v\u00fdstupem na VGA monitor a je p\u0159\u00edmou n\u00e1hradou origin\u00e1ln\u00ed desky AND-1Z. Je zalo\u017eena na odli\u0161n\u00e9m obvodov\u00e9m \u0159e\u0161en\u00ed, proto nelze znakov\u00fd gener\u00e1tor z desky AND-1Z v t\u00e9to konstrukci pou\u017e\u00edt (i kdy\u017e je znakov\u00e1 sada vizu\u00e1ln\u011b identick\u00e1). Deska m\u00e1 tyto parametry: textov\u00fd form\u00e1t [&hellip;]<\/p>\n","protected":false},"author":1,"featured_media":0,"parent":292,"menu_order":0,"comment_status":"open","ping_status":"closed","template":"","meta":[],"_links":{"self":[{"href":"https:\/\/www.pmd85.cz\/index.php?rest_route=\/wp\/v2\/pages\/1765"}],"collection":[{"href":"https:\/\/www.pmd85.cz\/index.php?rest_route=\/wp\/v2\/pages"}],"about":[{"href":"https:\/\/www.pmd85.cz\/index.php?rest_route=\/wp\/v2\/types\/page"}],"author":[{"embeddable":true,"href":"https:\/\/www.pmd85.cz\/index.php?rest_route=\/wp\/v2\/users\/1"}],"replies":[{"embeddable":true,"href":"https:\/\/www.pmd85.cz\/index.php?rest_route=%2Fwp%2Fv2%2Fcomments&post=1765"}],"version-history":[{"count":12,"href":"https:\/\/www.pmd85.cz\/index.php?rest_route=\/wp\/v2\/pages\/1765\/revisions"}],"predecessor-version":[{"id":1923,"href":"https:\/\/www.pmd85.cz\/index.php?rest_route=\/wp\/v2\/pages\/1765\/revisions\/1923"}],"up":[{"embeddable":true,"href":"https:\/\/www.pmd85.cz\/index.php?rest_route=\/wp\/v2\/pages\/292"}],"wp:attachment":[{"href":"https:\/\/www.pmd85.cz\/index.php?rest_route=%2Fwp%2Fv2%2Fmedia&parent=1765"}],"curies":[{"name":"wp","href":"https:\/\/api.w.org\/{rel}","templated":true}]}}