{"id":1858,"date":"2022-09-11T09:48:54","date_gmt":"2022-09-11T07:48:54","guid":{"rendered":"https:\/\/www.pmd85.cz\/?page_id=1858"},"modified":"2024-10-06T10:01:52","modified_gmt":"2024-10-06T08:01:52","slug":"sapi-prehled-novych-desek","status":"publish","type":"page","link":"https:\/\/www.pmd85.cz\/?page_id=1858","title":{"rendered":"SAPI &#8211; p\u0159ehled nov\u00fdch desek"},"content":{"rendered":"<p>Proto\u017ee nov\u011b vyroben\u00fdch desek pro syst\u00e9m SAPI-1 za\u010d\u00edn\u00e1 b\u00fdt n\u011bjak mnoho, vznikl tento \u010dl\u00e1nek pro jejich identifikaci a srovn\u00e1n\u00ed.<\/p>\n<p>&nbsp;<\/p>\n<table style=\"height: 153px;\" width=\"684\">\n<tbody>\n<tr>\n<th>nov\u00e1 karta<\/th>\n<th>kompatibilita<\/th>\n<th>typ nov\u00e9 karty<\/th>\n<th>vlastnosti nov\u00e9 karty<\/th>\n<\/tr>\n<tr><!-- AND-1B --><\/p>\n<td><a href=\"https:\/\/www.pmd85.cz\/?page_id=2102\">AND-1B<\/a><\/td>\n<td>AND-1\/AND-1A<br \/>\n100% kompatibilita<\/td>\n<td>videokarta<\/td>\n<td>textov\u00e9 rozli\u0161en\u00ed 40&#215;24 znak\u016f<br \/>\nv\u00fdstup VGA, monochromatick\u00e1,<br \/>\np\u0159eru\u0161en\u00ed synchronn\u00ed s obrazem<\/td>\n<\/tr>\n<tr><!-- AND-1V --><\/p>\n<td><a href=\"https:\/\/www.pmd85.cz\/?page_id=1924\">AND-1V<\/a><\/td>\n<td>AND-1Z<br \/>\n100% kompatibilita<\/td>\n<td>videokarta<\/td>\n<td>textov\u00e9 rozli\u0161en\u00ed 64&#215;20 znak\u016f<br \/>\nv\u00fdstup VGA, monochromatick\u00e1<\/td>\n<\/tr>\n<tr><!-- ANK-1M2 --><\/p>\n<td><a href=\"https:\/\/www.pmd85.cz\/?page_id=2134\">ANK-1M2<\/a><\/td>\n<td>ANK-1<br \/>\n100% kompatibilita<\/td>\n<td>kl\u00e1vesnice<\/td>\n<td>kl\u00e1vesnice 10&#215;4 kl\u00e1ves<br \/>\nzvukov\u00fd v\u00fdstup 1 bit, 2x LED<br \/>\ntla\u010d\u00edtka INT+T, konektor IDC34<\/td>\n<\/tr>\n<tr><!-- ANK-1M5 --><\/p>\n<td><a href=\"https:\/\/www.pmd85.cz\/?page_id=1527\">ANK-1M5<\/a><\/td>\n<td>ANK-1<br \/>\nz\u00e1kladn\u00ed kompatibilita<\/td>\n<td>kl\u00e1vesnice<\/td>\n<td>kl\u00e1vesnice 10&#215;4 kl\u00e1ves<br \/>\nzvukov\u00fd v\u00fdstup 1 bit, 2x LED<br \/>\nkonektor IDC34<\/td>\n<\/tr>\n<tr><!-- BGP-1S --><\/p>\n<td><a href=\"https:\/\/www.pmd85.cz\/?page_id=1710\">BGP-1S<\/a><\/td>\n<td>PMD-85\/Colorace<br \/>\n100% kompatibilita<\/td>\n<td>videokarta<\/td>\n<td>rozli\u0161en\u00ed 288&#215;256 pixel\u016f<br \/>\nv\u00fdstup SCART, 7 barev<br \/>\np\u0159eru\u0161en\u00ed synchronn\u00ed s obrazem<\/td>\n<\/tr>\n<tr><!-- DGD-1V --><\/p>\n<td><a href=\"https:\/\/www.pmd85.cz\/?page_id=1931\">DGD-1V<\/a><\/td>\n<td>DGD-1<br \/>\n100% kompatibilita<\/td>\n<td>videokarta<\/td>\n<td>rozli\u0161en\u00ed 320&#215;240 pixel\u016f<br \/>\nv\u00fdstup VGA, monochromatick\u00e1<\/td>\n<\/tr>\n<tr><!-- JPR-1C --><\/p>\n<td><a href=\"https:\/\/www.pmd85.cz\/?page_id=2120\">JPR-1V<\/a><\/td>\n<td>JPR-1Z<br \/>\n100% kompatibilita<\/td>\n<td>deska procesoru<\/td>\n<td>CPU Z80 (2MHz\/4MHz)<br \/>\n8kB BOOT ROM<\/td>\n<\/tr>\n<tr><!-- JPR-1S --><\/p>\n<td><a href=\"https:\/\/www.pmd85.cz\/?page_id=1544\">JPR-1S<\/a><\/td>\n<td>JPR-1<br \/>\nz\u00e1kladn\u00ed kompatibilita<\/td>\n<td>SBC i8080<\/td>\n<td>CPU i8080\/2MHz<br \/>\n1+48kB RAM, 8kB EEPROM<br \/>\nnem\u00e1 \u0159adi\u010d 3214<br \/>\nneum\u00ed DMA<br \/>\nnem\u00e1 pos\u00edlen\u00e9 v\u00fdstupn\u00ed sb\u011brnice<\/td>\n<\/tr>\n<tr><!-- RAM-1V --><\/p>\n<td><a href=\"https:\/\/www.pmd85.cz\/?page_id=1993\">RAM-1V<\/a><\/td>\n<td>RAM-1Z<br \/>\nz\u00e1kladn\u00ed kompatibilita<\/td>\n<td>pam\u011b\u0165ov\u00e1 karta<\/td>\n<td>osazen\u00ed 3x 32kB<br \/>\ngener\u00e1tor mapov\u00e1n\u00ed<\/td>\n<\/tr>\n<\/tbody>\n<\/table>\n<p>&nbsp;<\/p>\n","protected":false},"excerpt":{"rendered":"<p>Proto\u017ee nov\u011b vyroben\u00fdch desek pro syst\u00e9m SAPI-1 za\u010d\u00edn\u00e1 b\u00fdt n\u011bjak mnoho, vznikl tento \u010dl\u00e1nek pro jejich identifikaci a srovn\u00e1n\u00ed. &nbsp; nov\u00e1 karta kompatibilita typ nov\u00e9 karty vlastnosti nov\u00e9 karty AND-1B AND-1\/AND-1A 100% kompatibilita videokarta textov\u00e9 rozli\u0161en\u00ed 40&#215;24 znak\u016f v\u00fdstup VGA, monochromatick\u00e1, p\u0159eru\u0161en\u00ed synchronn\u00ed s obrazem AND-1V AND-1Z 100% kompatibilita videokarta textov\u00e9 rozli\u0161en\u00ed 64&#215;20 znak\u016f v\u00fdstup [&hellip;]<\/p>\n","protected":false},"author":1,"featured_media":0,"parent":292,"menu_order":0,"comment_status":"open","ping_status":"closed","template":"","meta":[],"_links":{"self":[{"href":"https:\/\/www.pmd85.cz\/index.php?rest_route=\/wp\/v2\/pages\/1858"}],"collection":[{"href":"https:\/\/www.pmd85.cz\/index.php?rest_route=\/wp\/v2\/pages"}],"about":[{"href":"https:\/\/www.pmd85.cz\/index.php?rest_route=\/wp\/v2\/types\/page"}],"author":[{"embeddable":true,"href":"https:\/\/www.pmd85.cz\/index.php?rest_route=\/wp\/v2\/users\/1"}],"replies":[{"embeddable":true,"href":"https:\/\/www.pmd85.cz\/index.php?rest_route=%2Fwp%2Fv2%2Fcomments&post=1858"}],"version-history":[{"count":40,"href":"https:\/\/www.pmd85.cz\/index.php?rest_route=\/wp\/v2\/pages\/1858\/revisions"}],"predecessor-version":[{"id":2126,"href":"https:\/\/www.pmd85.cz\/index.php?rest_route=\/wp\/v2\/pages\/1858\/revisions\/2126"}],"up":[{"embeddable":true,"href":"https:\/\/www.pmd85.cz\/index.php?rest_route=\/wp\/v2\/pages\/292"}],"wp:attachment":[{"href":"https:\/\/www.pmd85.cz\/index.php?rest_route=%2Fwp%2Fv2%2Fmedia&parent=1858"}],"curies":[{"name":"wp","href":"https:\/\/api.w.org\/{rel}","templated":true}]}}