{"id":1924,"date":"2023-04-22T06:49:59","date_gmt":"2023-04-22T04:49:59","guid":{"rendered":"https:\/\/www.pmd85.cz\/?page_id=1924"},"modified":"2023-12-08T17:01:38","modified_gmt":"2023-12-08T16:01:38","slug":"sapi-deska-textove-grafiky-and-1v-rev-2-x","status":"publish","type":"page","link":"https:\/\/www.pmd85.cz\/?page_id=1924","title":{"rendered":"SAPI &#8211; deska textov\u00e9 grafiky AND-1V rev. 2.x"},"content":{"rendered":"<div id=\"attachment_1954\" style=\"width: 160px\" class=\"wp-caption alignleft\"><a href=\"https:\/\/www.pmd85.cz\/wp-content\/uploads\/IMG_20230710_082611-removebg-preview.png\" target=\"_blank\" rel=\"noopener\"><img aria-describedby=\"caption-attachment-1954\" loading=\"lazy\" class=\"wp-image-1954 size-thumbnail\" src=\"https:\/\/www.pmd85.cz\/wp-content\/uploads\/IMG_20230710_082611-removebg-preview-150x150.png\" alt=\"\" width=\"150\" height=\"150\" \/><\/a><p id=\"caption-attachment-1954\" class=\"wp-caption-text\">AND-1V rev. 2.3<\/p><\/div>\n<p>&nbsp;<\/p>\n<p>&nbsp;<\/p>\n<p>&nbsp;<\/p>\n<p>&nbsp;<\/p>\n<p>&nbsp;<\/p>\n<p>Deska AND-1V rev. 2.3 je textovou grafickou kartou syst\u00e9mu SAPI-1 s v\u00fdstupem na VGA monitor a je p\u0159\u00edmou n\u00e1hradou origin\u00e1ln\u00ed desky AND-1Z. Deska m\u00e1 tyto parametry:<\/p>\n<ul>\n<li>100% kompatibiln\u00ed s AND-1Z<\/li>\n<li>textov\u00fd form\u00e1t 64&#215;20 znak\u016f<\/li>\n<li>form\u00e1t znaku 10&#215;24 pixel\u016f<\/li>\n<li>voliteln\u00e1 pozice v adresn\u00edm prostoru CPU s krokem 2kB<\/li>\n<li>mo\u017enost str\u00e1nkov\u00e1n\u00ed syst\u00e9mov\u00fdm sign\u00e1lem sb\u011brnice MAP1<\/li>\n<li>volba barvy monochromatick\u00e9ho v\u00fdstupu (1 z 15 barev inkoustu na \u010dern\u00e9m pozad\u00ed)<\/li>\n<li>v\u00fdstupn\u00ed sign\u00e1l v norm\u011b VGA 640&#215;480\/60Hz<\/li>\n<li>\u010dten\u00ed i z\u00e1pis CPU je synchronn\u00ed s \u010dasov\u00e1n\u00edm karty (nedoch\u00e1z\u00ed k efektu \u201esn\u011b\u017een\u00ed\u201c p\u0159i p\u0159\u00edstupu CPU na kartu)<\/li>\n<\/ul>\n<h2>Historie<\/h2>\n<p>Karta pro\u0161la postupn\u00fdm v\u00fdvojem, star\u0161\u00ed generace rev. 1.x je pro srovn\u00e1n\u00ed pops\u00e1na <a href=\"https:\/\/www.pmd85.cz\/?page_id=1765\">zde<\/a>. Jednotliv\u00e9 revize p\u0159inesly n\u00e1sleduj\u00edc\u00ed zm\u011bny:<\/p>\n<ul>\n<li>rev. 1.0 &#8211; testovac\u00ed prototyp (znaky 6&#215;12, fyzick\u00e9 rozli\u0161en\u00ed 384&#215;480)<\/li>\n<li>rev. 1.1 &#8211; prvn\u00ed fin\u00e1ln\u00ed verze (probl\u00e9my se stabilitou p\u0159i doporu\u010den\u00e9m blokov\u00e1n\u00ed)<\/li>\n<li>rev. 1.2 &#8211; fin\u00e1ln\u00ed verze (bez n\u00e1vrhov\u00fdch chyb, na LCD ne\u017e\u00e1douc\u00ed resampling)<\/li>\n<li>rev. 2.0 &#8211; testovac\u00ed prototyp (znaky 10&#215;12, fyzick\u00e9 rozli\u0161en\u00ed 640&#215;480)<\/li>\n<li>rev. 2.1 &#8211; prvn\u00ed fin\u00e1ln\u00ed verze<\/li>\n<li>rev. 2.2 &#8211; podpora pam\u011bt\u00ed 27C256<\/li>\n<li>rev. 2.3 &#8211; za\u010di\u0161t\u011bn\u00e1 fin\u00e1ln\u00ed verze, upraven potisk<\/li>\n<\/ul>\n<p>\u010c\u00edslo revize a k n\u00ed p\u0159i\u0159azen\u00e9 ozna\u010den\u00ed plo\u0161n\u00e9ho spoje je vyti\u0161t\u011bno na plo\u0161n\u00e9m spoji ze strany spoj\u016f a je uvedeno i ve sch\u00e9matu. Rev. 1x a rev. 2.x jsou realizov\u00e1ny obvodov\u011b naprosto odli\u0161n\u011b, nicm\u00e9n\u011b v r\u00e1mci revize 1.x jsou odchylky sp\u00ed\u0161e minim\u00e1ln\u00ed, stejn\u011b tak i v r\u00e1mci rev. 2.x.<\/p>\n<h2><\/h2>\n<h2>Soubory ke sta\u017een\u00ed<\/h2>\n<ul>\n<li><a href=\"https:\/\/www.pmd85.cz\/wp-content\/uploads\/Popis-AND-1V-rev.-2.3.pdf\" target=\"_blank\" rel=\"noopener\">Popis AND-1V rev. 2.3<\/a><\/li>\n<li><a href=\"https:\/\/www.pmd85.cz\/wp-content\/uploads\/font_and1v22.zip\">Fonty<\/a><\/li>\n<\/ul>\n<h2><\/h2>\n<h2>Galerie obr\u00e1zk\u016f<\/h2>\n<div id=\"attachment_2038\" style=\"width: 160px\" class=\"wp-caption alignleft\"><a href=\"https:\/\/www.pmd85.cz\/wp-content\/uploads\/font_and1v22_1024.png\" target=\"_blank\" rel=\"noopener\"><img aria-describedby=\"caption-attachment-2038\" loading=\"lazy\" class=\"wp-image-2038 size-thumbnail\" src=\"https:\/\/www.pmd85.cz\/wp-content\/uploads\/font_and1v22_1024-150x150.png\" alt=\"\" width=\"150\" height=\"150\" \/><\/a><p id=\"caption-attachment-2038\" class=\"wp-caption-text\">Font 10&#215;24, typ 1<\/p><\/div>\n<div id=\"attachment_1972\" style=\"width: 160px\" class=\"wp-caption alignleft\"><a href=\"https:\/\/www.pmd85.cz\/wp-content\/uploads\/newfont_and1v22_1024.png\" target=\"_blank\" rel=\"noopener\"><img aria-describedby=\"caption-attachment-1972\" loading=\"lazy\" class=\"wp-image-1972 size-thumbnail\" src=\"https:\/\/www.pmd85.cz\/wp-content\/uploads\/newfont_and1v22_1024-150x150.png\" alt=\"\" width=\"150\" height=\"150\" \/><\/a><p id=\"caption-attachment-1972\" class=\"wp-caption-text\">Font 10&#215;24, typ 2<\/p><\/div>\n<p>&nbsp;<\/p>\n<p>&nbsp;<\/p>\n<p>&nbsp;<\/p>\n<p>&nbsp;<\/p>\n<p>&nbsp;<\/p>\n<div id=\"attachment_1986\" style=\"width: 160px\" class=\"wp-caption alignleft\"><a href=\"https:\/\/www.pmd85.cz\/wp-content\/uploads\/scrfont1.jpg\" target=\"_blank\" rel=\"noopener\"><img aria-describedby=\"caption-attachment-1986\" loading=\"lazy\" class=\"wp-image-1986 size-thumbnail\" src=\"https:\/\/www.pmd85.cz\/wp-content\/uploads\/scrfont1-150x150.jpg\" alt=\"\" width=\"150\" height=\"150\" \/><\/a><p id=\"caption-attachment-1986\" class=\"wp-caption-text\">font 10&#215;24, typ 1<\/p><\/div>\n<div id=\"attachment_1987\" style=\"width: 160px\" class=\"wp-caption alignleft\"><a href=\"https:\/\/www.pmd85.cz\/wp-content\/uploads\/scrfont2.jpg\" target=\"_blank\" rel=\"noopener\"><img aria-describedby=\"caption-attachment-1987\" loading=\"lazy\" class=\"wp-image-1987 size-thumbnail\" src=\"https:\/\/www.pmd85.cz\/wp-content\/uploads\/scrfont2-150x150.jpg\" alt=\"\" width=\"150\" height=\"150\" \/><\/a><p id=\"caption-attachment-1987\" class=\"wp-caption-text\">font 10&#215;24, typ 2<\/p><\/div>\n<div id=\"attachment_1988\" style=\"width: 160px\" class=\"wp-caption alignleft\"><a href=\"https:\/\/www.pmd85.cz\/wp-content\/uploads\/scrboot.jpg\" target=\"_blank\" rel=\"noopener\"><img aria-describedby=\"caption-attachment-1988\" loading=\"lazy\" class=\"wp-image-1988 size-thumbnail\" src=\"https:\/\/www.pmd85.cz\/wp-content\/uploads\/scrboot-150x150.jpg\" alt=\"\" width=\"150\" height=\"150\" \/><\/a><p id=\"caption-attachment-1988\" class=\"wp-caption-text\">font 10&#215;24, typ 2<\/p><\/div>\n<p>&nbsp;<\/p>\n","protected":false},"excerpt":{"rendered":"<p>&nbsp; &nbsp; &nbsp; &nbsp; &nbsp; Deska AND-1V rev. 2.3 je textovou grafickou kartou syst\u00e9mu SAPI-1 s v\u00fdstupem na VGA monitor a je p\u0159\u00edmou n\u00e1hradou origin\u00e1ln\u00ed desky AND-1Z. Deska m\u00e1 tyto parametry: 100% kompatibiln\u00ed s AND-1Z textov\u00fd form\u00e1t 64&#215;20 znak\u016f form\u00e1t znaku 10&#215;24 pixel\u016f voliteln\u00e1 pozice v adresn\u00edm prostoru CPU s krokem 2kB mo\u017enost str\u00e1nkov\u00e1n\u00ed syst\u00e9mov\u00fdm [&hellip;]<\/p>\n","protected":false},"author":1,"featured_media":0,"parent":292,"menu_order":0,"comment_status":"open","ping_status":"closed","template":"","meta":[],"_links":{"self":[{"href":"https:\/\/www.pmd85.cz\/index.php?rest_route=\/wp\/v2\/pages\/1924"}],"collection":[{"href":"https:\/\/www.pmd85.cz\/index.php?rest_route=\/wp\/v2\/pages"}],"about":[{"href":"https:\/\/www.pmd85.cz\/index.php?rest_route=\/wp\/v2\/types\/page"}],"author":[{"embeddable":true,"href":"https:\/\/www.pmd85.cz\/index.php?rest_route=\/wp\/v2\/users\/1"}],"replies":[{"embeddable":true,"href":"https:\/\/www.pmd85.cz\/index.php?rest_route=%2Fwp%2Fv2%2Fcomments&post=1924"}],"version-history":[{"count":23,"href":"https:\/\/www.pmd85.cz\/index.php?rest_route=\/wp\/v2\/pages\/1924\/revisions"}],"predecessor-version":[{"id":2037,"href":"https:\/\/www.pmd85.cz\/index.php?rest_route=\/wp\/v2\/pages\/1924\/revisions\/2037"}],"up":[{"embeddable":true,"href":"https:\/\/www.pmd85.cz\/index.php?rest_route=\/wp\/v2\/pages\/292"}],"wp:attachment":[{"href":"https:\/\/www.pmd85.cz\/index.php?rest_route=%2Fwp%2Fv2%2Fmedia&parent=1924"}],"curies":[{"name":"wp","href":"https:\/\/api.w.org\/{rel}","templated":true}]}}