{"id":1931,"date":"2023-07-01T13:42:37","date_gmt":"2023-07-01T11:42:37","guid":{"rendered":"https:\/\/www.pmd85.cz\/?page_id=1931"},"modified":"2023-07-08T22:19:21","modified_gmt":"2023-07-08T20:19:21","slug":"sapi-deska-grafiky-dgd-1v-rev-1-1","status":"publish","type":"page","link":"https:\/\/www.pmd85.cz\/?page_id=1931","title":{"rendered":"SAPI &#8211; deska grafiky DGD-1V rev. 1.1"},"content":{"rendered":"<div id=\"attachment_1933\" style=\"width: 160px\" class=\"wp-caption alignleft\"><a href=\"https:\/\/www.pmd85.cz\/wp-content\/uploads\/dgd1v11.png\" target=\"_blank\" rel=\"noopener\"><img aria-describedby=\"caption-attachment-1933\" loading=\"lazy\" class=\"wp-image-1933 size-thumbnail\" src=\"https:\/\/www.pmd85.cz\/wp-content\/uploads\/dgd1v11-150x150.png\" alt=\"\" width=\"150\" height=\"150\" \/><\/a><p id=\"caption-attachment-1933\" class=\"wp-caption-text\">DGD-1V rev. 1.1<\/p><\/div>\n<p>&nbsp;<\/p>\n<p>&nbsp;<\/p>\n<p>&nbsp;<\/p>\n<p>&nbsp;<\/p>\n<p>&nbsp;<\/p>\n<p>Deska DGD-1V je grafickou kartou syst\u00e9mu SAPI-1 s v\u00fdstupem na VGA monitor a je p\u0159\u00edmou n\u00e1hradou origin\u00e1ln\u00ed desky DGD-1. Deska m\u00e1 tyto parametry:<\/p>\n<ul>\n<li>rozli\u0161en\u00ed 320 x 240 pixel\u016f<\/li>\n<li>barevn\u00e1 hloubka 1bit\/pixel (monochrom)<\/li>\n<li>voliteln\u00e1 pozice v adresn\u00edm prostoru CPU s krokem 16kB<\/li>\n<li>mo\u017enost str\u00e1nkov\u00e1n\u00ed syst\u00e9mov\u00fdm sign\u00e1lem sb\u011brnice MAP1 nebo MAP2<\/li>\n<li>volba barvy monochromatick\u00e9ho v\u00fdstupu (1 z 15 barev inkoustu na \u010dern\u00e9m pozad\u00ed)<\/li>\n<li>v\u00fdstupn\u00ed sign\u00e1l v norm\u011b VGA 640&#215;480\/60Hz<\/li>\n<li>\u010dten\u00ed i z\u00e1pis CPU je synchronn\u00ed s \u010dasov\u00e1n\u00edm karty (nedoch\u00e1z\u00ed k efektu &#8222;sn\u011b\u017een\u00ed&#8220; p\u0159i p\u0159\u00edstupu CPU na kartu)<\/li>\n<\/ul>\n<h2><\/h2>\n<h2>Soubory ke sta\u017een\u00ed<\/h2>\n<p><a href=\"https:\/\/www.pmd85.cz\/wp-content\/uploads\/Popis-DGD-1V-rev.-1.1.pdf\">Popis DGD-1V rev. 1.1<\/a><\/p>\n<h2><\/h2>\n<h2>Galerie obr\u00e1zk\u016f<\/h2>\n<div id=\"attachment_1938\" style=\"width: 160px\" class=\"wp-caption alignleft\"><a href=\"https:\/\/www.pmd85.cz\/wp-content\/uploads\/goblins_lcd.jpg\" target=\"_blank\" rel=\"noopener\"><img aria-describedby=\"caption-attachment-1938\" loading=\"lazy\" class=\"wp-image-1938 size-thumbnail\" src=\"https:\/\/www.pmd85.cz\/wp-content\/uploads\/goblins_lcd-150x150.jpg\" alt=\"\" width=\"150\" height=\"150\" \/><\/a><p id=\"caption-attachment-1938\" class=\"wp-caption-text\">Gobliiins @ DGD-1V<\/p><\/div>\n","protected":false},"excerpt":{"rendered":"<p>&nbsp; &nbsp; &nbsp; &nbsp; &nbsp; Deska DGD-1V je grafickou kartou syst\u00e9mu SAPI-1 s v\u00fdstupem na VGA monitor a je p\u0159\u00edmou n\u00e1hradou origin\u00e1ln\u00ed desky DGD-1. Deska m\u00e1 tyto parametry: rozli\u0161en\u00ed 320 x 240 pixel\u016f barevn\u00e1 hloubka 1bit\/pixel (monochrom) voliteln\u00e1 pozice v adresn\u00edm prostoru CPU s krokem 16kB mo\u017enost str\u00e1nkov\u00e1n\u00ed syst\u00e9mov\u00fdm sign\u00e1lem sb\u011brnice MAP1 nebo MAP2 volba [&hellip;]<\/p>\n","protected":false},"author":1,"featured_media":0,"parent":292,"menu_order":0,"comment_status":"open","ping_status":"closed","template":"","meta":[],"_links":{"self":[{"href":"https:\/\/www.pmd85.cz\/index.php?rest_route=\/wp\/v2\/pages\/1931"}],"collection":[{"href":"https:\/\/www.pmd85.cz\/index.php?rest_route=\/wp\/v2\/pages"}],"about":[{"href":"https:\/\/www.pmd85.cz\/index.php?rest_route=\/wp\/v2\/types\/page"}],"author":[{"embeddable":true,"href":"https:\/\/www.pmd85.cz\/index.php?rest_route=\/wp\/v2\/users\/1"}],"replies":[{"embeddable":true,"href":"https:\/\/www.pmd85.cz\/index.php?rest_route=%2Fwp%2Fv2%2Fcomments&post=1931"}],"version-history":[{"count":5,"href":"https:\/\/www.pmd85.cz\/index.php?rest_route=\/wp\/v2\/pages\/1931\/revisions"}],"predecessor-version":[{"id":1953,"href":"https:\/\/www.pmd85.cz\/index.php?rest_route=\/wp\/v2\/pages\/1931\/revisions\/1953"}],"up":[{"embeddable":true,"href":"https:\/\/www.pmd85.cz\/index.php?rest_route=\/wp\/v2\/pages\/292"}],"wp:attachment":[{"href":"https:\/\/www.pmd85.cz\/index.php?rest_route=%2Fwp%2Fv2%2Fmedia&parent=1931"}],"curies":[{"name":"wp","href":"https:\/\/api.w.org\/{rel}","templated":true}]}}