{"id":2085,"date":"2024-07-20T18:40:48","date_gmt":"2024-07-20T16:40:48","guid":{"rendered":"https:\/\/www.pmd85.cz\/?page_id=2085"},"modified":"2024-07-21T09:47:11","modified_gmt":"2024-07-21T07:47:11","slug":"tenebra-extended","status":"publish","type":"page","link":"https:\/\/www.pmd85.cz\/?page_id=2085","title":{"rendered":"Tenebra Extended"},"content":{"rendered":"<h2>Z\u00e1kladn\u00ed informace<\/h2>\n<ul>\n<li>datum vyd\u00e1n\u00ed posledn\u00ed verze na PMD-85: 20. 7. 2024<\/li>\n<li>licen\u010dn\u00ed port hry Tenebra Extended (https:\/\/h4plo.itch.io\/tenebra)<\/li>\n<li>vyu\u017eit\u00ed RAM: 0000h \u00f7 3478h, C000h \u00f7 FFFFh (v\u010detn\u011b z\u00e1pisn\u00edku)<\/li>\n<li>podpora model\u016f: v\u0161echny verze PMD-85 (1\/2\/2A\/3)<\/li>\n<li>po\u010det barev: monochrom<\/li>\n<li>hudba\/zvuky: melodie a zvuky p\u0159evzaty z origin\u00e1ln\u00ed verze (beeper)<\/li>\n<li>ovl\u00e1d\u00e1n\u00ed: kl\u00e1vesnice (QAOPM nebo kurzorov\u00e9 \u0161ipky+SPACE), voliteln\u011b joystick A nebo B<\/li>\n<\/ul>\n<h2>Status<\/h2>\n<ul>\n<li>fin\u00e1ln\u00ed verze hry, uvoln\u011bno k pou\u017eit\u00ed<\/li>\n<\/ul>\n<h2>Ovl\u00e1dac\u00ed kl\u00e1vesy<\/h2>\n<ul>\n<li>QAOP (kurzorov\u00e9 \u0161ipky) = pohyb hr\u00e1\u010de<\/li>\n<li>M (SPACE) = sebr\u00e1n\u00ed\/polo\u017een\u00ed pochodn\u011b<\/li>\n<li>R = restart aktu\u00e1ln\u00edho levelu<\/li>\n<li>J = volba joysticku<\/li>\n<li>S = vypnut\u00ed\/zapnut\u00ed zvuku<\/li>\n<li>RCL = ukon\u010den\u00ed hry a skok do hlavn\u00edho menu<\/li>\n<\/ul>\n<h2>Popis hry<\/h2>\n<p>Tv\u00fdm \u00fakolem je prov\u00e9st hlavn\u00edho hrdinu 31 \u00farovn\u011bmi. Chud\u00e1k se boj\u00ed tmy a odm\u00edt\u00e1 chodit v temn\u00fdch oblastech.<\/p>\n<p>P\u0159em\u00eds\u0165uj pochodn\u011b, tla\u010d ho\u0159\u00edc\u00ed p\u00e1nve po kolej\u00edch, najdi kl\u00ed\u010de ke dve\u0159\u00edm, zapal ohe\u0148 v pr\u00e1zdn\u00fdch p\u00e1nv\u00edch, projdi pr\u016fchody, kter\u00e9 se za tebou zhrout\u00ed, najdi barely s olejem, aby byly tv\u00e9 pochodn\u011b jasn\u011bj\u0161\u00ed, prom\u00e1\u010dkni se prasklinami v rozbit\u00fdch zdech, oprav rozbit\u00e9 koleje kladivem, osv\u011btli senzory, abys otev\u0159el v\u00fdchody&#8230; ud\u011blej cokoli, aby ses odtud dostal!<\/p>\n<p>Ka\u017ed\u00e1 \u00farove\u0148 m\u00e1 sv\u00e9 p\u0159\u00edstupov\u00e9 heslo, pomoc\u00ed kter\u00e9ho ji m\u016f\u017ee\u0161 vyvolat, abys nemusel za\u010d\u00ednat v\u017edy od za\u010d\u00e1tku.<\/p>\n<h2>Soubory ke sta\u017een\u00ed<\/h2>\n<p>S ohledem na licen\u010dn\u00ed podm\u00ednky je mo\u017en\u00e9 st\u00e1hnout hru pouze na str\u00e1nk\u00e1ch autora. Soubor ve form\u00e1tu PTP p\u0159edstavuje virtu\u00e1ln\u00ed MGF p\u00e1sku pro <a href=\"http:\/\/pmd85.borik.net\/wiki\/Download\" target=\"_blank\" rel=\"noopener\">emul\u00e1tor PMD-85<\/a> od RM-Teamu. Je mo\u017en\u00e9 jej konvertovat na audio pomoc\u00ed <a href=\"http:\/\/pmd85.borik.net\/wiki\/PTP_Manager\" target=\"_blank\" rel=\"noopener\">p\u0159evodn\u00edku<\/a>.<\/p>\n<p>sta\u017een\u00ed\/download: <a href=\"https:\/\/h4plo.itch.io\/tenebra\" target=\"_blank\" rel=\"noopener\">Tenebra Extended<\/a><\/p>\n<p>Hra se z MGF p\u00e1sky nahraje do po\u010d\u00edta\u010de p\u0159\u00edkazem MGLD 15. N\u00e1sledn\u011b se sama spust\u00ed. Na PMD 85-3 je nutno nejprve p\u0159ej\u00edt do re\u017eimu kompatibility p\u0159\u00edkazem JUMP FFF0.<\/p>\n<h2>Galerie obr\u00e1zk\u016f<\/h2>\n<div id=\"attachment_2088\" style=\"width: 160px\" class=\"wp-caption alignleft\"><a href=\"https:\/\/www.pmd85.cz\/wp-content\/uploads\/splash.png\" target=\"_blank\" rel=\"noopener\"><img aria-describedby=\"caption-attachment-2088\" loading=\"lazy\" class=\"wp-image-2088 size-thumbnail\" src=\"https:\/\/www.pmd85.cz\/wp-content\/uploads\/splash-150x150.png\" alt=\"\" width=\"150\" height=\"150\" \/><\/a><p id=\"caption-attachment-2088\" class=\"wp-caption-text\">b\u011bhem nahr\u00e1v\u00e1n\u00ed z MGF<\/p><\/div>\n<div id=\"attachment_2089\" style=\"width: 160px\" class=\"wp-caption alignleft\"><a href=\"https:\/\/www.pmd85.cz\/wp-content\/uploads\/title-1.png\" target=\"_blank\" rel=\"noopener\"><img aria-describedby=\"caption-attachment-2089\" loading=\"lazy\" class=\"wp-image-2089 size-thumbnail\" src=\"https:\/\/www.pmd85.cz\/wp-content\/uploads\/title-1-150x150.png\" alt=\"\" width=\"150\" height=\"150\" \/><\/a><p id=\"caption-attachment-2089\" class=\"wp-caption-text\">\u00favodn\u00ed obrazovka<\/p><\/div>\n<div id=\"attachment_2096\" style=\"width: 160px\" class=\"wp-caption alignleft\"><a href=\"https:\/\/www.pmd85.cz\/wp-content\/uploads\/TenebraX_map.png\" target=\"_blank\" rel=\"noopener\"><img aria-describedby=\"caption-attachment-2096\" loading=\"lazy\" class=\"wp-image-2096 size-thumbnail\" src=\"https:\/\/www.pmd85.cz\/wp-content\/uploads\/TenebraX_map-150x150.png\" alt=\"\" width=\"150\" height=\"150\" \/><\/a><p id=\"caption-attachment-2096\" class=\"wp-caption-text\">mapa hry<\/p><\/div>\n<p>&nbsp;<\/p>\n<p>&nbsp;<\/p>\n<p>&nbsp;<\/p>\n<p>&nbsp;<\/p>\n<p>&nbsp;<\/p>\n","protected":false},"excerpt":{"rendered":"<p>Z\u00e1kladn\u00ed informace datum vyd\u00e1n\u00ed posledn\u00ed verze na PMD-85: 20. 7. 2024 licen\u010dn\u00ed port hry Tenebra Extended (https:\/\/h4plo.itch.io\/tenebra) vyu\u017eit\u00ed RAM: 0000h \u00f7 3478h, C000h \u00f7 FFFFh (v\u010detn\u011b z\u00e1pisn\u00edku) podpora model\u016f: v\u0161echny verze PMD-85 (1\/2\/2A\/3) po\u010det barev: monochrom hudba\/zvuky: melodie a zvuky p\u0159evzaty z origin\u00e1ln\u00ed verze (beeper) ovl\u00e1d\u00e1n\u00ed: kl\u00e1vesnice (QAOPM nebo kurzorov\u00e9 \u0161ipky+SPACE), voliteln\u011b joystick A nebo [&hellip;]<\/p>\n","protected":false},"author":1,"featured_media":0,"parent":236,"menu_order":0,"comment_status":"open","ping_status":"closed","template":"","meta":[],"_links":{"self":[{"href":"https:\/\/www.pmd85.cz\/index.php?rest_route=\/wp\/v2\/pages\/2085"}],"collection":[{"href":"https:\/\/www.pmd85.cz\/index.php?rest_route=\/wp\/v2\/pages"}],"about":[{"href":"https:\/\/www.pmd85.cz\/index.php?rest_route=\/wp\/v2\/types\/page"}],"author":[{"embeddable":true,"href":"https:\/\/www.pmd85.cz\/index.php?rest_route=\/wp\/v2\/users\/1"}],"replies":[{"embeddable":true,"href":"https:\/\/www.pmd85.cz\/index.php?rest_route=%2Fwp%2Fv2%2Fcomments&post=2085"}],"version-history":[{"count":8,"href":"https:\/\/www.pmd85.cz\/index.php?rest_route=\/wp\/v2\/pages\/2085\/revisions"}],"predecessor-version":[{"id":2099,"href":"https:\/\/www.pmd85.cz\/index.php?rest_route=\/wp\/v2\/pages\/2085\/revisions\/2099"}],"up":[{"embeddable":true,"href":"https:\/\/www.pmd85.cz\/index.php?rest_route=\/wp\/v2\/pages\/236"}],"wp:attachment":[{"href":"https:\/\/www.pmd85.cz\/index.php?rest_route=%2Fwp%2Fv2%2Fmedia&parent=2085"}],"curies":[{"name":"wp","href":"https:\/\/api.w.org\/{rel}","templated":true}]}}