{"id":2102,"date":"2024-09-01T19:42:37","date_gmt":"2024-09-01T17:42:37","guid":{"rendered":"https:\/\/www.pmd85.cz\/?page_id=2102"},"modified":"2024-09-01T20:20:24","modified_gmt":"2024-09-01T18:20:24","slug":"sapi-deska-textove-grafiky-and-1b-rev-1-4","status":"publish","type":"page","link":"https:\/\/www.pmd85.cz\/?page_id=2102","title":{"rendered":"SAPI &#8211; deska textov\u00e9 grafiky AND-1B"},"content":{"rendered":"<div id=\"attachment_2105\" style=\"width: 160px\" class=\"wp-caption alignnone\"><a href=\"https:\/\/www.pmd85.cz\/wp-content\/uploads\/AND-1B-rev.-1.4.jpg\" target=\"_blank\" rel=\"noopener\"><img aria-describedby=\"caption-attachment-2105\" loading=\"lazy\" class=\"wp-image-2105 size-thumbnail\" src=\"https:\/\/www.pmd85.cz\/wp-content\/uploads\/AND-1B-rev.-1.4-150x150.jpg\" alt=\"\" width=\"150\" height=\"150\" \/><\/a><p id=\"caption-attachment-2105\" class=\"wp-caption-text\">AND-1B rev. 1.4<\/p><\/div>\n<p>Deska AND-1B je textov\u00e1 grafick\u00e1 karta syst\u00e9mu SAPI-1 s v\u00fdstupem na VGA monitor a je p\u0159\u00edmou n\u00e1hradou origin\u00e1ln\u00edch desek AND-1\/AND-1A. Deska m\u00e1 tyto parametry:<\/p>\n<ul>\n<li>100% kompatibiln\u00ed s AND-1\/AND-1A v\u010detn\u011b mapov\u00e1n\u00ed videoram<\/li>\n<li>textov\u00fd form\u00e1t 40&#215;24 znak\u016f<\/li>\n<li>form\u00e1t znaku 7&#215;10 pixel\u016f<\/li>\n<li>font 64 znak\u016f (ASCII 32-95, atributy blik\u00e1n\u00ed, podtr\u017een\u00ed a dvojit\u00e9 \u0161\u00ed\u0159ky znaku)<\/li>\n<li>voliteln\u00e1 pozice v adresn\u00edm prostoru CPU (2800h, 3800h, E800h a F800h)<\/li>\n<li>volba barvy monochromatick\u00e9ho v\u00fdstupu (1 z 15 barev inkoustu na \u010dern\u00e9m pozad\u00ed)<\/li>\n<li>v\u00fdstupn\u00ed sign\u00e1l v norm\u011b VGA 640&#215;480\/60Hz<\/li>\n<li>p\u0159eru\u0161en\u00ed INT1 synchronn\u00ed s generov\u00e1n\u00edm obrazu (nativn\u011b 60Hz, s n\u00e1sobi\u010dem 50Hz)<\/li>\n<li>\u010dten\u00ed i z\u00e1pis CPU je asynchronn\u00ed v\u016f\u010di generov\u00e1n\u00ed obrazu (doch\u00e1z\u00ed k efektu \u201esn\u011b\u017een\u00ed\u201c p\u0159i p\u0159\u00edstupu CPU na kartu)<\/li>\n<\/ul>\n<h2>Soubory ke sta\u017een\u00ed<\/h2>\n<ul>\n<li><em><span style=\"color: #808080;\">Popis AND-1B rev. 1.4<\/span><\/em><\/li>\n<li><em><span style=\"color: #808080;\">Fonty<\/span><\/em><\/li>\n<\/ul>\n<h2>Galerie obr\u00e1zk\u016f<\/h2>\n<div id=\"attachment_2107\" style=\"width: 160px\" class=\"wp-caption alignleft\"><a href=\"https:\/\/www.pmd85.cz\/wp-content\/uploads\/mAND-1B-rev.-1.4-grn.jpg\" target=\"_blank\" rel=\"noopener\"><img aria-describedby=\"caption-attachment-2107\" loading=\"lazy\" class=\"wp-image-2107 size-thumbnail\" src=\"https:\/\/www.pmd85.cz\/wp-content\/uploads\/mAND-1B-rev.-1.4-grn-150x150.jpg\" alt=\"\" width=\"150\" height=\"150\" \/><\/a><p id=\"caption-attachment-2107\" class=\"wp-caption-text\">font karty @ LCD<\/p><\/div>\n<div id=\"attachment_2108\" style=\"width: 160px\" class=\"wp-caption alignleft\"><a href=\"https:\/\/www.pmd85.cz\/wp-content\/uploads\/mAND-1B-uB24.jpg\" target=\"_blank\" rel=\"noopener\"><img aria-describedby=\"caption-attachment-2108\" loading=\"lazy\" class=\"wp-image-2108 size-thumbnail\" src=\"https:\/\/www.pmd85.cz\/wp-content\/uploads\/mAND-1B-uB24-150x150.jpg\" alt=\"\" width=\"150\" height=\"150\" \/><\/a><p id=\"caption-attachment-2108\" class=\"wp-caption-text\">MikroBasic @ CRT<\/p><\/div>\n<p>&nbsp;<\/p>\n<p>&nbsp;<\/p>\n<p>&nbsp;<\/p>\n<p>&nbsp;<\/p>\n","protected":false},"excerpt":{"rendered":"<p>Deska AND-1B je textov\u00e1 grafick\u00e1 karta syst\u00e9mu SAPI-1 s v\u00fdstupem na VGA monitor a je p\u0159\u00edmou n\u00e1hradou origin\u00e1ln\u00edch desek AND-1\/AND-1A. Deska m\u00e1 tyto parametry: 100% kompatibiln\u00ed s AND-1\/AND-1A v\u010detn\u011b mapov\u00e1n\u00ed videoram textov\u00fd form\u00e1t 40&#215;24 znak\u016f form\u00e1t znaku 7&#215;10 pixel\u016f font 64 znak\u016f (ASCII 32-95, atributy blik\u00e1n\u00ed, podtr\u017een\u00ed a dvojit\u00e9 \u0161\u00ed\u0159ky znaku) voliteln\u00e1 pozice v adresn\u00edm [&hellip;]<\/p>\n","protected":false},"author":1,"featured_media":0,"parent":292,"menu_order":0,"comment_status":"open","ping_status":"closed","template":"","meta":[],"_links":{"self":[{"href":"https:\/\/www.pmd85.cz\/index.php?rest_route=\/wp\/v2\/pages\/2102"}],"collection":[{"href":"https:\/\/www.pmd85.cz\/index.php?rest_route=\/wp\/v2\/pages"}],"about":[{"href":"https:\/\/www.pmd85.cz\/index.php?rest_route=\/wp\/v2\/types\/page"}],"author":[{"embeddable":true,"href":"https:\/\/www.pmd85.cz\/index.php?rest_route=\/wp\/v2\/users\/1"}],"replies":[{"embeddable":true,"href":"https:\/\/www.pmd85.cz\/index.php?rest_route=%2Fwp%2Fv2%2Fcomments&post=2102"}],"version-history":[{"count":5,"href":"https:\/\/www.pmd85.cz\/index.php?rest_route=\/wp\/v2\/pages\/2102\/revisions"}],"predecessor-version":[{"id":2117,"href":"https:\/\/www.pmd85.cz\/index.php?rest_route=\/wp\/v2\/pages\/2102\/revisions\/2117"}],"up":[{"embeddable":true,"href":"https:\/\/www.pmd85.cz\/index.php?rest_route=\/wp\/v2\/pages\/292"}],"wp:attachment":[{"href":"https:\/\/www.pmd85.cz\/index.php?rest_route=%2Fwp%2Fv2%2Fmedia&parent=2102"}],"curies":[{"name":"wp","href":"https:\/\/api.w.org\/{rel}","templated":true}]}}