{"id":2134,"date":"2024-10-06T09:58:19","date_gmt":"2024-10-06T07:58:19","guid":{"rendered":"https:\/\/www.pmd85.cz\/?page_id=2134"},"modified":"2025-04-03T15:08:04","modified_gmt":"2025-04-03T13:08:04","slug":"sapi-klavesnice-ank-1m2","status":"publish","type":"page","link":"https:\/\/www.pmd85.cz\/?page_id=2134","title":{"rendered":"SAPI &#8211; kl\u00e1vesnice ANK-1M2"},"content":{"rendered":"<div id=\"attachment_2188\" style=\"width: 160px\" class=\"wp-caption alignleft\"><a href=\"https:\/\/www.pmd85.cz\/wp-content\/uploads\/final_ur.png\" target=\"_blank\" rel=\"noopener\"><img aria-describedby=\"caption-attachment-2188\" loading=\"lazy\" class=\"wp-image-2188 size-thumbnail\" src=\"https:\/\/www.pmd85.cz\/wp-content\/uploads\/final_ur-150x150.png\" alt=\"\" width=\"150\" height=\"150\" \/><\/a><p id=\"caption-attachment-2188\" class=\"wp-caption-text\">Fin\u00e1ln\u00ed verze ANK-1M2<\/p><\/div>\n<p>&nbsp;<\/p>\n<p>&nbsp;<\/p>\n<p>&nbsp;<\/p>\n<p>&nbsp;<\/p>\n<p>&nbsp;<\/p>\n<p>Kl\u00e1vesnice ANK-1M2 rev. 1.2 je pln\u011b kompatibiln\u00ed s origin\u00e1ln\u00ed kl\u00e1vesnic\u00ed ANK-1 pro syst\u00e9my SAPI ZPS-1 a ZPS-2. P\u0159ipojuje se standardn\u00edm zp\u016fsobem na konektor K2 procesorov\u00fdch desek \u0159ady JPR-1x pomoc\u00ed redukce FRB30\/IDC34. Samotn\u00e9 p\u0159ipojen\u00ed je ploch\u00fdm 34-\u017eilov\u00fdm kabelem. Nap\u00e1jen\u00ed kl\u00e1vesnice +5V je realizov\u00e1no prost\u0159ednictv\u00edm standardn\u00ed \u00fapravy na pinu \u010d. 22 zm\u00edn\u011bn\u00e9ho konektoru K2. Jedin\u00fdm rozd\u00edlem oproti origin\u00e1ln\u00ed ANK-1 je absence tla\u010d\u00edtka RESET, naopak je vyvedeno nevyu\u017eit\u00fdch 6 vstupn\u00edch I\/O sign\u00e1l\u016f na standardn\u00ed konektor pro ATARI joystick.<\/p>\n<p>Kl\u00e1vesnice je postavena na sp\u00edna\u010d\u00edch Cherry MX Brown s kvalitn\u00edm dvojbarevn\u00fdm potiskem hmatn\u00edk\u016f. Kryt kl\u00e1vesnice a krytka konektorov\u00e9 redukce jsou 3D-v\u00fdtisky, jejich\u017e podklady jsou p\u0159ipojeny ve slo\u017ece v\u00fdrobn\u00ed dokumentace. Tento projekt vznikl ve spolupr\u00e1ci s <a href=\"https:\/\/www.8bity.cz\/2024\/ank-1m2-nahrada-klavesnice-ank-1-pro-sapi-1\/\" target=\"_blank\" rel=\"noopener\">Martinem<\/a>, kter\u00fd si vzal na starost p\u0159edev\u0161\u00edm vizu\u00e1ln\u00ed \u010d\u00e1st kl\u00e1vesnice.<\/p>\n<h2>Soubory ke sta\u017een\u00ed<\/h2>\n<ul>\n<li><a href=\"https:\/\/www.pmd85.cz\/wp-content\/uploads\/ank1m2r12.zip\">V\u00fdrobn\u00ed dokumentace ke kl\u00e1vesnici ANK-1M2 rev. 1.2<\/a><\/li>\n<\/ul>\n<h2>Galerie obr\u00e1zk\u016f<\/h2>\n<div id=\"attachment_2190\" style=\"width: 160px\" class=\"wp-caption alignleft\"><a href=\"https:\/\/www.pmd85.cz\/wp-content\/uploads\/final_br.png\" target=\"_blank\" rel=\"noopener\"><img aria-describedby=\"caption-attachment-2190\" loading=\"lazy\" class=\"wp-image-2190 size-thumbnail\" src=\"https:\/\/www.pmd85.cz\/wp-content\/uploads\/final_br-150x150.png\" alt=\"\" width=\"150\" height=\"150\" \/><\/a><p id=\"caption-attachment-2190\" class=\"wp-caption-text\">Konektory ANK-1M2<\/p><\/div>\n<div id=\"attachment_2191\" style=\"width: 160px\" class=\"wp-caption alignleft\"><a href=\"https:\/\/www.pmd85.cz\/wp-content\/uploads\/final_ir.png\" target=\"_blank\" rel=\"noopener\"><img aria-describedby=\"caption-attachment-2191\" loading=\"lazy\" class=\"wp-image-2191 size-thumbnail\" src=\"https:\/\/www.pmd85.cz\/wp-content\/uploads\/final_ir-150x150.png\" alt=\"\" width=\"150\" height=\"150\" \/><\/a><p id=\"caption-attachment-2191\" class=\"wp-caption-text\">plo\u0161n\u00fd spoj ANK-1M2<\/p><\/div>\n<div id=\"attachment_2192\" style=\"width: 160px\" class=\"wp-caption alignleft\"><a href=\"https:\/\/www.pmd85.cz\/wp-content\/uploads\/final_umr.png\" target=\"_blank\" rel=\"noopener\"><img aria-describedby=\"caption-attachment-2192\" loading=\"lazy\" class=\"wp-image-2192 size-thumbnail\" src=\"https:\/\/www.pmd85.cz\/wp-content\/uploads\/final_umr-150x150.png\" alt=\"\" width=\"150\" height=\"150\" \/><\/a><p id=\"caption-attachment-2192\" class=\"wp-caption-text\">ANK-1M2 s metalickou barvou<\/p><\/div>\n<p>&nbsp;<\/p>\n<div class=\"mceTemp\"><\/div>\n","protected":false},"excerpt":{"rendered":"<p>&nbsp; &nbsp; &nbsp; &nbsp; &nbsp; Kl\u00e1vesnice ANK-1M2 rev. 1.2 je pln\u011b kompatibiln\u00ed s origin\u00e1ln\u00ed kl\u00e1vesnic\u00ed ANK-1 pro syst\u00e9my SAPI ZPS-1 a ZPS-2. P\u0159ipojuje se standardn\u00edm zp\u016fsobem na konektor K2 procesorov\u00fdch desek \u0159ady JPR-1x pomoc\u00ed redukce FRB30\/IDC34. Samotn\u00e9 p\u0159ipojen\u00ed je ploch\u00fdm 34-\u017eilov\u00fdm kabelem. Nap\u00e1jen\u00ed kl\u00e1vesnice +5V je realizov\u00e1no prost\u0159ednictv\u00edm standardn\u00ed \u00fapravy na pinu \u010d. 22 zm\u00edn\u011bn\u00e9ho [&hellip;]<\/p>\n","protected":false},"author":1,"featured_media":0,"parent":292,"menu_order":0,"comment_status":"open","ping_status":"closed","template":"","meta":[],"_links":{"self":[{"href":"https:\/\/www.pmd85.cz\/index.php?rest_route=\/wp\/v2\/pages\/2134"}],"collection":[{"href":"https:\/\/www.pmd85.cz\/index.php?rest_route=\/wp\/v2\/pages"}],"about":[{"href":"https:\/\/www.pmd85.cz\/index.php?rest_route=\/wp\/v2\/types\/page"}],"author":[{"embeddable":true,"href":"https:\/\/www.pmd85.cz\/index.php?rest_route=\/wp\/v2\/users\/1"}],"replies":[{"embeddable":true,"href":"https:\/\/www.pmd85.cz\/index.php?rest_route=%2Fwp%2Fv2%2Fcomments&post=2134"}],"version-history":[{"count":13,"href":"https:\/\/www.pmd85.cz\/index.php?rest_route=\/wp\/v2\/pages\/2134\/revisions"}],"predecessor-version":[{"id":2223,"href":"https:\/\/www.pmd85.cz\/index.php?rest_route=\/wp\/v2\/pages\/2134\/revisions\/2223"}],"up":[{"embeddable":true,"href":"https:\/\/www.pmd85.cz\/index.php?rest_route=\/wp\/v2\/pages\/292"}],"wp:attachment":[{"href":"https:\/\/www.pmd85.cz\/index.php?rest_route=%2Fwp%2Fv2%2Fmedia&parent=2134"}],"curies":[{"name":"wp","href":"https:\/\/api.w.org\/{rel}","templated":true}]}}