{"id":2272,"date":"2025-10-26T13:21:00","date_gmt":"2025-10-26T12:21:00","guid":{"rendered":"https:\/\/www.pmd85.cz\/?page_id=2272"},"modified":"2025-10-26T13:39:01","modified_gmt":"2025-10-26T12:39:01","slug":"programy-pro-sapi","status":"publish","type":"page","link":"https:\/\/www.pmd85.cz\/?page_id=2272","title":{"rendered":"Programy pro SAPI"},"content":{"rendered":"<p>V t\u00e9to sekci lze st\u00e1hnout aktu\u00e1ln\u00ed verze program\u016f pro jednotliv\u00e9 sestavy SAPI.<\/p>\n<p><strong>ZPS-4<\/strong> (Z80, RAM64kB, CP\/M)<\/p>\n<ul>\n<li>Mikromonitor do 2kB EPROM procesorov\u00fdch desek JPR-1V, JPR-1Z a JPR-1ZI. Umo\u017e\u0148uje z\u00e1kladn\u00ed ovl\u00e1d\u00e1n\u00ed pam\u011bti a port\u016f, nata\u017een\u00ed a spu\u0161t\u011bn\u00ed program\u016f. Prim\u00e1rn\u011b slou\u017e\u00ed k o\u017eivov\u00e1n\u00ed ostatn\u00edch desek syst\u00e9mu. Ovl\u00e1d\u00e1 se pomoc\u00ed paraleln\u00ed ASCII kl\u00e1vesnice (Consul 259, Consul 262.3) nebo pomoc\u00ed s\u00e9riov\u00e9ho termin\u00e1lu, p\u0159ipojen\u00e9ho p\u0159es kartu DSM-1V nebo DSM-1. Syst\u00e9mov\u00e1 textov\u00e1 grafick\u00e1 karta je AND-1V nebo AND-1Z. Tento mikromonitor neumo\u017e\u0148uje pr\u00e1ci s diskov\u00fdmi jednotkami ani s ramdisky na \u00farovni soubor\u016f.<\/li>\n<\/ul>\n<p style=\"padding-left: 40px;\"><a href=\"https:\/\/www.pmd85.cz\/wp-content\/uploads\/MikroMon_2kB_V12_2025_10_26.txt\">MikroMon_2kB_V12_2025_10_26<\/a> (program ke sta\u017een\u00ed ve form\u00e1tu IntelHex)<\/p>\n<ul>\n<li>DEMO pro prezentaci karty MPH-1V b\u011b\u017e\u00edc\u00ed pod OS CP\/M. Vy\u017eaduje karty JPR-1V (JPR-1Z, JPR-1ZI), RAM-1V (RAM-1Z), AND-1V (AND-1Z), DGD-1V (DGD-1) a MPH-1V. N\u00e1pov\u011bda k nastaven\u00ed programu je dostupn\u00e1 pomoc\u00ed inline parametru HELP.<\/li>\n<\/ul>\n<p style=\"padding-left: 40px;\"><a href=\"https:\/\/www.pmd85.cz\/wp-content\/uploads\/y1stdemo_2025_10_26.txt\">y1stdemo_2025_10_26<\/a> (program ke sta\u017een\u00ed ve form\u00e1tu IntelHex)<\/p>\n<p>&nbsp;<\/p>\n<p>&nbsp;<\/p>\n","protected":false},"excerpt":{"rendered":"<p>V t\u00e9to sekci lze st\u00e1hnout aktu\u00e1ln\u00ed verze program\u016f pro jednotliv\u00e9 sestavy SAPI. ZPS-4 (Z80, RAM64kB, CP\/M) Mikromonitor do 2kB EPROM procesorov\u00fdch desek JPR-1V, JPR-1Z a JPR-1ZI. Umo\u017e\u0148uje z\u00e1kladn\u00ed ovl\u00e1d\u00e1n\u00ed pam\u011bti a port\u016f, nata\u017een\u00ed a spu\u0161t\u011bn\u00ed program\u016f. Prim\u00e1rn\u011b slou\u017e\u00ed k o\u017eivov\u00e1n\u00ed ostatn\u00edch desek syst\u00e9mu. Ovl\u00e1d\u00e1 se pomoc\u00ed paraleln\u00ed ASCII kl\u00e1vesnice (Consul 259, Consul 262.3) nebo pomoc\u00ed [&hellip;]<\/p>\n","protected":false},"author":1,"featured_media":0,"parent":236,"menu_order":0,"comment_status":"open","ping_status":"closed","template":"","meta":[],"_links":{"self":[{"href":"https:\/\/www.pmd85.cz\/index.php?rest_route=\/wp\/v2\/pages\/2272"}],"collection":[{"href":"https:\/\/www.pmd85.cz\/index.php?rest_route=\/wp\/v2\/pages"}],"about":[{"href":"https:\/\/www.pmd85.cz\/index.php?rest_route=\/wp\/v2\/types\/page"}],"author":[{"embeddable":true,"href":"https:\/\/www.pmd85.cz\/index.php?rest_route=\/wp\/v2\/users\/1"}],"replies":[{"embeddable":true,"href":"https:\/\/www.pmd85.cz\/index.php?rest_route=%2Fwp%2Fv2%2Fcomments&post=2272"}],"version-history":[{"count":6,"href":"https:\/\/www.pmd85.cz\/index.php?rest_route=\/wp\/v2\/pages\/2272\/revisions"}],"predecessor-version":[{"id":2285,"href":"https:\/\/www.pmd85.cz\/index.php?rest_route=\/wp\/v2\/pages\/2272\/revisions\/2285"}],"up":[{"embeddable":true,"href":"https:\/\/www.pmd85.cz\/index.php?rest_route=\/wp\/v2\/pages\/236"}],"wp:attachment":[{"href":"https:\/\/www.pmd85.cz\/index.php?rest_route=%2Fwp%2Fv2%2Fmedia&parent=2272"}],"curies":[{"name":"wp","href":"https:\/\/api.w.org\/{rel}","templated":true}]}}