{"id":2286,"date":"2025-11-02T17:01:24","date_gmt":"2025-11-02T16:01:24","guid":{"rendered":"https:\/\/www.pmd85.cz\/?page_id=2286"},"modified":"2025-11-02T17:21:15","modified_gmt":"2025-11-02T16:21:15","slug":"sapi-mikromon-2kb","status":"publish","type":"page","link":"https:\/\/www.pmd85.cz\/?page_id=2286","title":{"rendered":"SAPI &#8211; MikroMon 2kB"},"content":{"rendered":"<h2>Z\u00e1kladn\u00ed informace<\/h2>\n<ul>\n<li>posledn\u00ed verze: MikroMon V1.3<\/li>\n<li>datum vyd\u00e1n\u00ed: 2. 11. 2025<\/li>\n<li>vyu\u017eit\u00ed RAM: EE00h \u00f7 F7FFh<\/li>\n<li>podpora model\u016f: SAPI ZPS-4 (pou\u017e\u00edv\u00e1 instrukce Z80)<\/li>\n<li>ovl\u00e1d\u00e1n\u00ed: paraleln\u00ed ASCII kl\u00e1vesnice nebo termin\u00e1l se s\u00e9riovou komunikac\u00ed<\/li>\n<\/ul>\n<h2>Status<\/h2>\n<ul>\n<li>stabiln\u00ed verze uvoln\u011bn\u00e1 k pou\u017eit\u00ed<\/li>\n<\/ul>\n<h2>Po\u017eadovan\u00e1 sestava<\/h2>\n<ul>\n<li>deska CPU: JPR-1V, JPR-1Z, JPR-1ZI<\/li>\n<li>deska RAM: RAM-1V, RAM-1Z, DMR-1A<\/li>\n<li>deska grafiky: AND-1V, AND-1Z (lze nahradit komunikac\u00ed p\u0159es s\u00e9riov\u00fd termin\u00e1l)<\/li>\n<li>paraleln\u00ed ASCII kl\u00e1vesnice (lze nahradit komunikac\u00ed p\u0159es s\u00e9riov\u00fd termin\u00e1l)<\/li>\n<li>alternativn\u011b deska s\u00e9riov\u00e9ho modemu &#8211; DSM-1V, DSM-1, DMR-1A<\/li>\n<\/ul>\n<h2>Popis programu<\/h2>\n<p>MikroMon 2k slou\u017e\u00ed k z\u00e1kladn\u00edmu jednoduch\u00e9mu ovl\u00e1d\u00e1n\u00ed sestavy ZPS-4 za \u00fa\u010delem o\u017eivov\u00e1n\u00ed a test\u016f jednotliv\u00fdch desek sestavy. Je ur\u010den k naprogramov\u00e1n\u00ed do 2kB BOOT ROM na desce procesoru JPR-1V, JPR-1Z nebo JPR-1ZI. Nab\u00edz\u00ed p\u0159\u00edkazy pro p\u0159\u00edstup k pam\u011bti a V\/V obvod\u016fm a umo\u017e\u0148uje p\u0159enos program\u016f z nad\u0159\u00edzen\u00e9ho syst\u00e9mu (PC) do SAPI ve form\u00e1tu IntelHex a spou\u0161t\u011bn\u00ed t\u011bchto program\u016f.<\/p>\n<p>Program po startu prohled\u00e1 vzestupn\u011b s\u00e9riov\u00e9 kan\u00e1ly na b\u00e1zov\u00fdch V\/V adres\u00e1ch 10h, 14h a 18h a pokud najde aktivn\u00ed s\u00e9riov\u00fd kan\u00e1l, umo\u017en\u00ed na n\u011bm termin\u00e1lov\u00fd vstup\/v\u00fdstup soub\u011b\u017en\u011b s kl\u00e1vesnic\u00ed a grafickou kartou. Pro aktivaci pln\u00e9 synchronizace s nalezen\u00fdm s\u00e9riov\u00fdm termin\u00e1lem je nutno zadat p\u0159\u00edkaz USYNC.<\/p>\n<p>Vzhledem k zam\u011b\u0159en\u00ed tohoto programu je ihned po startu uzam\u010den z\u00e1mek z\u00e1pisu do ramdisku ZRD-1 (po\u010d\u00ednaje rev. 2.0) a na s\u00e9riov\u00fd kan\u00e1l s b\u00e1zovou V\/V adresou 1Ch je vysl\u00e1na p\u0159\u00edkazov\u00e1 sekvence &#8222;sw i02&#8220; CR pro p\u0159epnut\u00ed extern\u00edho VGA p\u0159ep\u00edna\u010de na v\u00fdstup ze syst\u00e9mov\u00e9 textov\u00e9 grafick\u00e9 karty AND-1V (AND-1Z).<\/p>\n<h2>P\u0159edchoz\u00ed verze programu<\/h2>\n<p>2025\/11\/02 &#8211; P\u0159echod na verzi V1.3. Dopln\u011bno automatick\u00e9 p\u0159ep\u00edn\u00e1n\u00ed videop\u0159ep\u00edna\u010de VGA.<\/p>\n<h2>Soubory ke sta\u017een\u00ed<\/h2>\n<ul>\n<li><a href=\"https:\/\/www.pmd85.cz\/wp-content\/uploads\/MikroMon1_3_f000.txt\">MikroMon 2k V1.3<\/a> (sta\u017een\u00ed programu ve form\u00e1tu IntelHex)<\/li>\n<li><a href=\"https:\/\/www.pmd85.cz\/wp-content\/uploads\/navod-k-MikroMon.pdf\">n\u00e1vod k programu MikroMon 2k V1.3<\/a><\/li>\n<\/ul>\n<h2>Galerie obr\u00e1zk\u016f<\/h2>\n<div id=\"attachment_2289\" style=\"width: 160px\" class=\"wp-caption alignnone\"><a href=\"https:\/\/www.pmd85.cz\/wp-content\/uploads\/MikroMon2k.png\" target=\"_blank\" rel=\"noopener\"><img aria-describedby=\"caption-attachment-2289\" loading=\"lazy\" class=\"wp-image-2289 size-thumbnail\" src=\"https:\/\/www.pmd85.cz\/wp-content\/uploads\/MikroMon2k-150x150.png\" alt=\"\" width=\"150\" height=\"150\" \/><\/a><p id=\"caption-attachment-2289\" class=\"wp-caption-text\">V\u00fdstup na termin\u00e1l<\/p><\/div>\n<p>&nbsp;<\/p>\n","protected":false},"excerpt":{"rendered":"<p>Z\u00e1kladn\u00ed informace posledn\u00ed verze: MikroMon V1.3 datum vyd\u00e1n\u00ed: 2. 11. 2025 vyu\u017eit\u00ed RAM: EE00h \u00f7 F7FFh podpora model\u016f: SAPI ZPS-4 (pou\u017e\u00edv\u00e1 instrukce Z80) ovl\u00e1d\u00e1n\u00ed: paraleln\u00ed ASCII kl\u00e1vesnice nebo termin\u00e1l se s\u00e9riovou komunikac\u00ed Status stabiln\u00ed verze uvoln\u011bn\u00e1 k pou\u017eit\u00ed Po\u017eadovan\u00e1 sestava deska CPU: JPR-1V, JPR-1Z, JPR-1ZI deska RAM: RAM-1V, RAM-1Z, DMR-1A deska grafiky: AND-1V, AND-1Z (lze [&hellip;]<\/p>\n","protected":false},"author":1,"featured_media":0,"parent":236,"menu_order":0,"comment_status":"open","ping_status":"closed","template":"","meta":[],"_links":{"self":[{"href":"https:\/\/www.pmd85.cz\/index.php?rest_route=\/wp\/v2\/pages\/2286"}],"collection":[{"href":"https:\/\/www.pmd85.cz\/index.php?rest_route=\/wp\/v2\/pages"}],"about":[{"href":"https:\/\/www.pmd85.cz\/index.php?rest_route=\/wp\/v2\/types\/page"}],"author":[{"embeddable":true,"href":"https:\/\/www.pmd85.cz\/index.php?rest_route=\/wp\/v2\/users\/1"}],"replies":[{"embeddable":true,"href":"https:\/\/www.pmd85.cz\/index.php?rest_route=%2Fwp%2Fv2%2Fcomments&post=2286"}],"version-history":[{"count":8,"href":"https:\/\/www.pmd85.cz\/index.php?rest_route=\/wp\/v2\/pages\/2286\/revisions"}],"predecessor-version":[{"id":2298,"href":"https:\/\/www.pmd85.cz\/index.php?rest_route=\/wp\/v2\/pages\/2286\/revisions\/2298"}],"up":[{"embeddable":true,"href":"https:\/\/www.pmd85.cz\/index.php?rest_route=\/wp\/v2\/pages\/236"}],"wp:attachment":[{"href":"https:\/\/www.pmd85.cz\/index.php?rest_route=%2Fwp%2Fv2%2Fmedia&parent=2286"}],"curies":[{"name":"wp","href":"https:\/\/api.w.org\/{rel}","templated":true}]}}