{"id":2301,"date":"2025-12-20T19:49:22","date_gmt":"2025-12-20T18:49:22","guid":{"rendered":"https:\/\/www.pmd85.cz\/?page_id=2301"},"modified":"2026-02-08T00:07:38","modified_gmt":"2026-02-07T23:07:38","slug":"vlak","status":"publish","type":"page","link":"https:\/\/www.pmd85.cz\/","title":{"rendered":"Vlak"},"content":{"rendered":"<h2>Z\u00e1kladn\u00ed informace<\/h2>\n<ul>\n<li>datum vyd\u00e1n\u00ed posledn\u00ed verze na PMD-85: 28. 1. 2026<\/li>\n<li>p\u016fvodn\u00ed k\u00f3d, inspirovan\u00fd hrou z platformy DOS (s laskav\u00fdm svolen\u00edm <a href=\"https:\/\/www.breatharian.eu\/sw\/vlak\/index.html\" target=\"_blank\" rel=\"noopener\">autora<\/a>)<\/li>\n<li>vyu\u017eit\u00ed RAM: 32kB<\/li>\n<li>podpora model\u016f: v\u0161echny verze PMD-85 (1\/2\/2A\/3)<\/li>\n<li>podpora barevn\u00fdch re\u017eim\u016f: BW, RGBM, WGRM, ColorAce<\/li>\n<li>hudba\/zvuky: dle origin\u00e1lu na vestav\u011bn\u00e9m BEEPru<\/li>\n<li>ovl\u00e1d\u00e1n\u00ed: kl\u00e1vesnice &#8211; joystick A &#8211; joystick B<\/li>\n<\/ul>\n<h2>Status<\/h2>\n<ul>\n<li>fin\u00e1ln\u00ed verze hry, uvoln\u011bno k pou\u017eit\u00ed<\/li>\n<\/ul>\n<h2>Ovl\u00e1dac\u00ed kl\u00e1vesy<\/h2>\n<ul>\n<li>pohyb vlaku: QAOP<\/li>\n<li>vlo\u017een\u00ed hesla: K4 (v emul\u00e1toru F4)<\/li>\n<li>n\u00e1vrat do tituln\u00ed obrazovky = STOP<\/li>\n<\/ul>\n<h2>Popis hry a jej\u00ed vlastnosti<\/h2>\n<p>Nejprve citace ze str\u00e1nek autora origin\u00e1ln\u00ed p\u0159edlohy:<\/p>\n<p>&#8222;&#8230; Vlak je freeware hra na principu Hada. \u00dakolem hry je posb\u00edrat v\u0161echny p\u0159edm\u011bty, vyh\u00fdbat se p\u0159ek\u00e1\u017ek\u00e1m a nakonec projet v\u00fdstupn\u00ed branou. Hru jsem vytvo\u0159il v roce 1993 pod syst\u00e9mem MS-DOS. Hra obsahuje 50 sc\u00e9n. Ne\u010dekal jsem tehdy, \u017ee se hra stane mezi lidmi tak popul\u00e1rn\u00ed a zn\u00e1mou. Je\u0161t\u011b i dnes se na m\u011b lid\u00e9 kv\u016fli Vlaku obracej\u00ed a vzpom\u00ednaj\u00ed, \u017ee Vlak byla obl\u00edben\u00e1 hra jejich ml\u00e1d\u00ed.&#8220;<\/p>\n<p>Pro p\u0159\u00edstup k jednotliv\u00fdm sc\u00e9n\u00e1m lze zadat p\u0159\u00edstupov\u00e9 heslo. Hesla byla zvolena identick\u00e1 s origin\u00e1ln\u00edmi hesly verze pro DOS. P\u0159i zad\u00e1v\u00e1n\u00ed hesla lze pou\u017e\u00edvat v\u011bt\u0161inu edita\u010dn\u00edch kl\u00e1ves, jmenovit\u011b INS, DEL, CLR, RCL, HOME, END a kurzorov\u00e9 \u0161ipky.<\/p>\n<h2>Spu\u0161t\u011bn\u00ed hry<\/h2>\n<p><span style=\"color: #000000;\">Hra se nahraje z MGF p\u0159\u00edkazem MGLD 16. Po nata\u017een\u00ed z MGF autostarter hru automaticky spust\u00ed.<\/span><\/p>\n<p>Na PMD 85-3 je nutno p\u0159ed nahr\u00e1v\u00e1n\u00edm p\u0159ej\u00edt do re\u017eimu kompatibility p\u0159\u00edkazem JUMP FFF0.<\/p>\n<h2>Soubory ke sta\u017een\u00ed<\/h2>\n<ul>\n<li><a href=\"https:\/\/www.pmd85.cz\/wp-content\/uploads\/vlak.zip\">Hra vlak<\/a> \u2013 Soubor virtu\u00e1ln\u00ed MGF p\u00e1sky pro emul\u00e1tor PMD-85 od RM-TEAMu<\/li>\n<\/ul>\n<h2>Galerie obr\u00e1zk\u016f (hra v re\u017eimu Colorace)<\/h2>\n<div id=\"attachment_2302\" style=\"width: 160px\" class=\"wp-caption alignnone\"><a href=\"https:\/\/www.pmd85.cz\/wp-content\/uploads\/vlak.png\" target=\"_blank\" rel=\"noopener\"><img aria-describedby=\"caption-attachment-2302\" loading=\"lazy\" class=\"wp-image-2302 size-thumbnail\" src=\"https:\/\/www.pmd85.cz\/wp-content\/uploads\/vlak-150x150.png\" alt=\"\" width=\"150\" height=\"150\" \/><\/a><p id=\"caption-attachment-2302\" class=\"wp-caption-text\">\u00davodn\u00ed demo hry<\/p><\/div>\n","protected":false},"excerpt":{"rendered":"<p>Z\u00e1kladn\u00ed informace datum vyd\u00e1n\u00ed posledn\u00ed verze na PMD-85: 28. 1. 2026 p\u016fvodn\u00ed k\u00f3d, inspirovan\u00fd hrou z platformy DOS (s laskav\u00fdm svolen\u00edm autora) vyu\u017eit\u00ed RAM: 32kB podpora model\u016f: v\u0161echny verze PMD-85 (1\/2\/2A\/3) podpora barevn\u00fdch re\u017eim\u016f: BW, RGBM, WGRM, ColorAce hudba\/zvuky: dle origin\u00e1lu na vestav\u011bn\u00e9m BEEPru ovl\u00e1d\u00e1n\u00ed: kl\u00e1vesnice &#8211; joystick A &#8211; joystick B Status fin\u00e1ln\u00ed verze [&hellip;]<\/p>\n","protected":false},"author":1,"featured_media":0,"parent":236,"menu_order":0,"comment_status":"open","ping_status":"closed","template":"","meta":[],"_links":{"self":[{"href":"https:\/\/www.pmd85.cz\/index.php?rest_route=\/wp\/v2\/pages\/2301"}],"collection":[{"href":"https:\/\/www.pmd85.cz\/index.php?rest_route=\/wp\/v2\/pages"}],"about":[{"href":"https:\/\/www.pmd85.cz\/index.php?rest_route=\/wp\/v2\/types\/page"}],"author":[{"embeddable":true,"href":"https:\/\/www.pmd85.cz\/index.php?rest_route=\/wp\/v2\/users\/1"}],"replies":[{"embeddable":true,"href":"https:\/\/www.pmd85.cz\/index.php?rest_route=%2Fwp%2Fv2%2Fcomments&post=2301"}],"version-history":[{"count":14,"href":"https:\/\/www.pmd85.cz\/index.php?rest_route=\/wp\/v2\/pages\/2301\/revisions"}],"predecessor-version":[{"id":2330,"href":"https:\/\/www.pmd85.cz\/index.php?rest_route=\/wp\/v2\/pages\/2301\/revisions\/2330"}],"up":[{"embeddable":true,"href":"https:\/\/www.pmd85.cz\/index.php?rest_route=\/wp\/v2\/pages\/236"}],"wp:attachment":[{"href":"https:\/\/www.pmd85.cz\/index.php?rest_route=%2Fwp%2Fv2%2Fmedia&parent=2301"}],"curies":[{"name":"wp","href":"https:\/\/api.w.org\/{rel}","templated":true}]}}