{"id":286,"date":"2017-05-27T10:45:23","date_gmt":"2017-05-27T09:45:23","guid":{"rendered":"https:\/\/www.pmd85.cz\/?page_id=286"},"modified":"2024-09-03T04:37:47","modified_gmt":"2024-09-03T02:37:47","slug":"odkazy","status":"publish","type":"page","link":"https:\/\/www.pmd85.cz\/?page_id=286","title":{"rendered":"Odkazy"},"content":{"rendered":"<p>N\u00ed\u017ee uveden\u00e9 odkazy nech\u0165 slou\u017e\u00ed jako rychl\u00fd rozcestn\u00edk na podobn\u011b zam\u011b\u0159en\u00e9 str\u00e1nky:<\/p>\n<ul>\n<li><a href=\"http:\/\/www.youtube.com\/watch?v=LitYDyvJwjM\">Rozhovor s Romanem Ki\u0161\u0161em<\/a>\u00a0&#8211; N\u00e1padem tohoto p\u00e1na to za\u010dalo..<\/li>\n<li><a href=\"http:\/\/pmd85.borik.net\/wiki\/Intro\">RM Team<\/a>\u00a0&#8211; Str\u00e1nky o PMD-85 s asi nejv\u011bt\u0161\u00edm z\u00e1b\u011brem a propracovan\u00fdm SW simul\u00e1torem pro PC<\/li>\n<li><a href=\"http:\/\/retrocip.cz\/\">Retro\u010dip<\/a> &#8211; Martin Mal\u00fd (konstrukt\u00e9r, program\u00e1tor, publicista, &#8230;)<\/li>\n<li><a href=\"http:\/\/maximalne.8u.cz\">Maxim\u00e1ln\u011b 8 bit\u016f<\/a> &#8211; Zde\u0148kovy str\u00e1nky o osmibitech (SW\/HW)<\/li>\n<li><a href=\"http:\/\/pmd85.topindex.sk\/\">Urob si s\u00e1m<\/a>\u00a0&#8211; Peter Chrenko p\u0159edstavuje All-In-One kapesn\u00ed HW emul\u00e1tor PMD-85<\/li>\n<li><a href=\"http:\/\/www.oldcomp.cz\/viewforum.php?f=46\">OldComp.cz<\/a> &#8211; diskuzn\u00ed f\u00f3rum pro fanou\u0161ky historick\u00fdch po\u010d\u00edta\u010d\u016f<\/li>\n<li><a href=\"http:\/\/www.schotek.cz\/\">Schotek<\/a>\u00a0&#8211; Martinovy str\u00e1nky s informacemi o PMD-85, n\u011bkter\u00fdch periferi\u00edch a software<\/li>\n<li><a href=\"http:\/\/wexova.cz\/pmd.htm\" target=\"_blank\" rel=\"noopener\">WEXova str\u00e1nka<\/a>\u00a0&#8211; Ten, kter\u00fd dal PMD-85 jedny z nejlep\u0161\u00edch her<\/li>\n<li><a href=\"http:\/\/dexovo.cz\/\">Dexovo hexadecim\u00e1ln\u00ed doup\u011b<\/a> &#8211; co dodat? Klasika..<\/li>\n<li><a href=\"http:\/\/sindik.at\/\">SinDiKat<\/a> &#8211; Sinclair &amp; Didaktik \u2013 Klub akt\u00edvnych technikov (i na PMD-85 do\u0161lo..)<\/li>\n<li><a href=\"http:\/\/busy.speccy.cz\/\">Busy<\/a> &#8211; ..i Spectristy m\u016f\u017eeme m\u00edt r\u00e1di :)\u00a0\u00a0\u00a0 ..zvl\u00e1\u0161\u0165, kdy\u017e se od nich tak dob\u0159e portuje..<\/li>\n<li><a href=\"http:\/\/www.8bity.cz\/\">Martin\u016fv 8-bitov\u00fd blog<\/a> &#8211; Krom\u011b jin\u00e9ho pov\u00edd\u00e1n\u00ed o po\u010d\u00edta\u010di TESLA Ondra SPO<\/li>\n<li><a href=\"http:\/\/www.nostalcomp.cz\/\">NOSTALCOMP<\/a> &#8211; nostalgick\u00e9 mikropo\u010d\u00edta\u010de, zejm\u00e9na \u0161koln\u00ed jednodesk\u00e1\u010de (ale i PMD-85)<\/li>\n<li><a href=\"http:\/\/www.sapi.cz\/pmd-85\/pmd-85.php\">EC 1045<\/a> &#8211; Str\u00e1nky zab\u00fdvaj\u00edc\u00ed se reinkarnac\u00ed stroj\u016f \u00e9ry d\u00e1vno minul\u00e9 (PMD-85, SAPI,\u00a0Ondra)<\/li>\n<li><a href=\"http:\/\/www.ondraspo186.8u.cz\/\">Ondra SPO186<\/a> &#8211; str\u00e1nky o tomto po\u0159\u00edta\u010di<\/li>\n<li><a href=\"https:\/\/sites.google.com\/site\/ondra186\/home\">TESLA Ondra SPO<\/a> &#8211; Str\u00e1nky o tomto po\u010d\u00edta\u010di<\/li>\n<li><a href=\"http:\/\/cs.wikipedia.org\/wiki\/PMD_85\">Wikipedia<\/a>\u00a0&#8211; Stru\u010dn\u00e1 encyklopedick\u00e1 informace<\/li>\n<li><a href=\"http:\/\/www.root.cz\/clanky\/ceskoslovenske-osmibitove-pocitace-2-ndash-pmd-85\/\">ROOT.CZ<\/a>\u00a0&#8211; Pov\u00edd\u00e1n\u00ed o architektu\u0159e a historii PMD-85<\/li>\n<li><a href=\"http:\/\/www.fischertechnik.de\/en\/Home\/products.aspx\">Fischertechnik<\/a> &#8211; Velmi zaj\u00edmav\u00e9 stavebnice (nejen) pro d\u011bti<\/li>\n<li><a href=\"http:\/\/k15.kreteni.cz\/merkur.php\">Kret\u00e9nsk\u00e9 str\u00e1nky Kret\u00e9na K15<\/a>\u00a0&#8211; Studium neuchopiteln\u00e9 hranice mezi v\u011bdou a v\u00edrou :)<\/li>\n<\/ul>\n","protected":false},"excerpt":{"rendered":"<p>N\u00ed\u017ee uveden\u00e9 odkazy nech\u0165 slou\u017e\u00ed jako rychl\u00fd rozcestn\u00edk na podobn\u011b zam\u011b\u0159en\u00e9 str\u00e1nky: Rozhovor s Romanem Ki\u0161\u0161em\u00a0&#8211; N\u00e1padem tohoto p\u00e1na to za\u010dalo.. RM Team\u00a0&#8211; Str\u00e1nky o PMD-85 s asi nejv\u011bt\u0161\u00edm z\u00e1b\u011brem a propracovan\u00fdm SW simul\u00e1torem pro PC Retro\u010dip &#8211; Martin Mal\u00fd (konstrukt\u00e9r, program\u00e1tor, publicista, &#8230;) Maxim\u00e1ln\u011b 8 bit\u016f &#8211; Zde\u0148kovy str\u00e1nky o osmibitech (SW\/HW) Urob si [&hellip;]<\/p>\n","protected":false},"author":1,"featured_media":0,"parent":0,"menu_order":0,"comment_status":"open","ping_status":"closed","template":"","meta":[],"_links":{"self":[{"href":"https:\/\/www.pmd85.cz\/index.php?rest_route=\/wp\/v2\/pages\/286"}],"collection":[{"href":"https:\/\/www.pmd85.cz\/index.php?rest_route=\/wp\/v2\/pages"}],"about":[{"href":"https:\/\/www.pmd85.cz\/index.php?rest_route=\/wp\/v2\/types\/page"}],"author":[{"embeddable":true,"href":"https:\/\/www.pmd85.cz\/index.php?rest_route=\/wp\/v2\/users\/1"}],"replies":[{"embeddable":true,"href":"https:\/\/www.pmd85.cz\/index.php?rest_route=%2Fwp%2Fv2%2Fcomments&post=286"}],"version-history":[{"count":9,"href":"https:\/\/www.pmd85.cz\/index.php?rest_route=\/wp\/v2\/pages\/286\/revisions"}],"predecessor-version":[{"id":2118,"href":"https:\/\/www.pmd85.cz\/index.php?rest_route=\/wp\/v2\/pages\/286\/revisions\/2118"}],"wp:attachment":[{"href":"https:\/\/www.pmd85.cz\/index.php?rest_route=%2Fwp%2Fv2%2Fmedia&parent=286"}],"curies":[{"name":"wp","href":"https:\/\/api.w.org\/{rel}","templated":true}]}}