{"id":290,"date":"2017-05-27T10:50:29","date_gmt":"2017-05-27T09:50:29","guid":{"rendered":"https:\/\/www.pmd85.cz\/?page_id=290"},"modified":"2017-05-27T14:49:00","modified_gmt":"2017-05-27T13:49:00","slug":"literatura","status":"publish","type":"page","link":"https:\/\/www.pmd85.cz\/?page_id=290","title":{"rendered":"Literatura"},"content":{"rendered":"<p><strong>U\u017eivatelsk\u00e1 p\u0159\u00edru\u010dka (jednotliv\u00e9 d\u00edly)<\/strong><\/p>\n<ul>\n<li>OSOBN\u00dd MIKROPO\u010c\u00cdTA\u010c PMD 85 &#8211; N\u00c1VOD NA POU\u017dITIE A OBSLUHU MIKROPO\u010c\u00cdTA\u010cA RADU PMD (k.p. Tesla Bratislava, rok vyd\u00e1n\u00ed 1987, 101 stran, n\u00e1klad 15.000ks)<\/li>\n<li>OSOBN\u00dd MIKROPO\u010c\u00cdTA\u010c PMD 85 &#8211; N\u00c1VOD NA POU\u017dITIE A OBSLUHU MIKROPO\u010c\u00cdTA\u010cA PMD 85-2 (dopln\u011bk k verzi 2,\u00a0k.p. Tesla Bratislava, 22 stran)<\/li>\n<li>PMD 85-3: N\u00c1VOD NA POU\u017dITIE A OBSLUHU (k.p. Tesla Bratislava, rok vyd\u00e1n\u00ed 1988, 195 stran, n\u00e1klad 25.000ks)<\/li>\n<li>Osobn\u00ed mikropo\u010d\u00edta\u010d PMD-85: U\u017eivatelsk\u00e1 p\u0159\u00edru\u010dka II &#8211; Programovac\u00ed jazyk BASIC G<\/li>\n<li>Osobn\u00ed mikropo\u010d\u00edta\u010d PMD-85: U\u017eivatelsk\u00e1 p\u0159\u00edru\u010dka\u00a0III &#8211; Opera\u010dn\u00ed syst\u00e9m<\/li>\n<li>Osobn\u00ed mikropo\u010d\u00edta\u010d PMD 85: U\u017eivatelsk\u00e1 p\u0159\u00edru\u010dka IV &#8211; OUTPUT\/ENTER<\/li>\n<li>Osobn\u00ed mikropo\u010d\u00edta\u010d PMD 85: U\u017eivatelsk\u00e1 p\u0159\u00edru\u010dka V &#8211; EXTENDED ROM BASIC<\/li>\n<\/ul>\n<div class=\"hr\"><\/div>\n<p><strong>Literatura c\u00edlen\u011b zam\u011b\u0159en\u00e1 na PMD-85<\/strong><\/p>\n<ul>\n<li>Z\u00e1klady programov\u00e1n\u00ed v jazyce BASIC G \u00a0PMD-85 (Hnilica Ji\u0159\u00ed, V\u00e1clav\u00edk Ivan, intern\u00ed \u0161kolic\u00ed dokument, M\u011bln\u00edk 1987)<\/li>\n<li>Osobn\u00ed mikropo\u010d\u00edta\u010d PMD 85-1: Popis opera\u010dn\u00edho syst\u00e9mu (Vlastimil Halam\u00ed\u010dek, St\u00e1tn\u00ed nakladatelstv\u00ed technick\u00e9 literatury, rok vyd\u00e1n\u00ed 1988, 92 stran, n\u00e1klad 2.000ks)<\/li>\n<li>Osobn\u00ed po\u010d\u00edta\u010de PMD 85 a z\u00e1klady programov\u00e1n\u00ed v jazyce BASIC G (Ji\u0159\u00ed Kr\u00e1l\u00edk, D\u016fm techniky Praha, rok vyd\u00e1n\u00ed 1989)<\/li>\n<li>BASIC pro PMD 85-2 (Miloslav Feil, Komenium, n.p., Praha, rok vyd\u00e1n\u00ed 1988, 102 stran, n\u00e1klad 8.000ks)<\/li>\n<li>Programov\u00e1n\u00ed a obsluha mikropo\u010d\u00edta\u010de PMD 85 (Zden\u011bk Opava, D\u016fm techniky \u010cSVTS Ostrava, rok vyd\u00e1n\u00ed 1986, 204 stran)<\/li>\n<li>OSOBN\u00dd MIKROPO\u010c\u00cdTA\u010c PMD-85: Identifik\u00e1cia por\u00fach (Vladim\u00edr Mat\u011bjka, vydal Krajsk\u00fd pedagogick\u00fd \u00fastav v Bratislave, rok vyd\u00e1n\u00ed 1989, n\u00e1klad 900ks)<\/li>\n<li>Semin\u00e1\u0159 u\u017eivatel\u016f PMD &#8211; 85: Sborn\u00edk p\u0159edn\u00e1\u0161ek (D\u016fm techniky \u010cSVTS Ostrava, rok vyd\u00e1n\u00ed 1986, 71 stran)<\/li>\n<li>DAM 0000: Assembler, monitor pro PMD 85 (Karel \u0160uhajda, vydala 602. ZO Svazarmu, rok vyd\u00e1n\u00ed 1987, 72 stran, n\u00e1klad 2.000ks)<\/li>\n<li>Programovanie osobn\u00e9ho mikropo\u010d\u00edta\u010da PMD-85 v jazyku BASIC G (\u010cSVTS Bratislava, rok vyd\u00e1n\u00ed 1986, 112 stran, autor Ivan Burger)<\/li>\n<li>Programovanie osobn\u00e9ho mikropo\u010d\u00edta\u010da PP-01 a PMD-85 v jazyku BASIC (Dom techniky \u010cSVTS Bratislava, rok vyd\u00e1n\u00ed 1988, 69 stran, autor Ivan Burger)<\/li>\n<li>Vyu\u017eitie osobn\u00e9ho mikropo\u010d\u00edta\u010da PMD-85 v praxi (Dom techniky \u010cSVTS Bratislava, rok vyd\u00e1n\u00ed 1987, 61 stran, autor Ivan Burger)<\/li>\n<li>V\u00fduka programov\u00e1n\u00ed mikropo\u010d\u00edta\u010de PMD-85 (D\u016fm techniky \u010cSVTS \u00dast\u00ed n. Labem, rok vyd\u00e1n\u00ed 1987, 48 stran, autor Rudolf Naxer)<\/li>\n<\/ul>\n<div class=\"hr\"><\/div>\n<p><strong>N\u00e1sleduj\u00edc\u00ed literatura se o PMD-85 zmi\u0148uje okrajov\u011b, p\u0159\u00edpadn\u011b uv\u00e1d\u00ed programy \u010di \u00fadaje o tomto po\u010d\u00edta\u010di<\/strong><\/p>\n<ul>\n<li>BASIC pro mikropo\u010d\u00edta\u010de IQ151, PP01 a PMD-85 (Milica Teleck\u00e1, VUT Brno, rok vyd\u00e1n\u00ed 1986)<\/li>\n<li>Mikropo\u010d\u00edta\u010de a BASIC (\u0160va\u0148a, \u0160ip\u00f6cz, Handlovi\u010d, vydalo Slovensk\u00e9 pedagogick\u00e9 nakladate\u013estvo v Bratislave, rok vyd\u00e1n\u00ed 1989, 320 stran, n\u00e1klad 15.000ks)<\/li>\n<\/ul>\n<div><\/div>\n<div><strong>\u010dasopis Amat\u00e9rsk\u00e9 radio<\/strong><\/div>\n<div><\/div>\n<ul>\n<li>A1\/1987: Mikropo\u010d\u00edta\u010d PMD 85-2 (\u010dl\u00e1nek, str. 21)<\/li>\n<li>A10\/1987: Interfejs pre pripojenie bodovej tla\u010diarne (stavebn\u00ed n\u00e1vod, str. 377)<\/li>\n<li>A11\/1987: PMD-85 a jeho stykov\u00e1 rozhran\u00ed (\u010dl\u00e1nek, str. 420)<\/li>\n<li>ro\u010denka Mikroelektronika 1987: Extern\u00fd interfejs pre PMD-85 (stavebn\u00ed n\u00e1vod, str. 48)<\/li>\n<li>A3\/1989: Pripojenie LOGAN-30 k mikropo\u010d\u00edta\u010du PMD-85 (sch\u00e9ma, str. 102)<\/li>\n<li>ro\u010denka Mikroelektronika 1989: Interfejs na s\u00e9riov\u00e9 prepojenie mikropo\u010d\u00edta\u010da s tla\u010diarnou &#8211; PMD-85 a K6313\/6314 (sch\u00e9ma, str. 21)<\/li>\n<li>ro\u010denka Mikroelektronika 1989: Pripojenie tla\u010diarne K6314 k PMD-85 (stavebn\u00ed n\u00e1vod, str. 40)<\/li>\n<\/ul>\n<p><strong>\u010dasopisy a magaz\u00edny z edice VTM &#8211; V\u011bda a technika ml\u00e1de\u017ei<\/strong><\/p>\n<ul>\n<li>VTM 2\/1984: PMD-85 na v\u00fdstav\u011b &#8222;Elektronizace a automatizace &#8217;83&#8220; (\u010dl\u00e1nek, str. 35)<\/li>\n<li>VTM 3\/1984: PMD-85 (\u010dl\u00e1nek v rubrice &#8222;Pt\u00e1te se &#8211; odpov\u00edd\u00e1me&#8220;, str. 94)<\/li>\n<li>VTM 2\/1986:\u00a0V\u00fdpis KARLA pro PMD-85 (program, str. 6 p\u0159\u00edlohy), Ako s PMD-85 (\u010dl\u00e1nek, str. 17 p\u0159\u00edlohy), KAREL85R (n\u00e1vod k pou\u017eit\u00ed, str. 13 p\u0159\u00edlohy)<\/li>\n<li>VTM 11\/1986:\u00a0\u00daprava PMD-85 na &#8222;barevn\u00fd&#8220; provoz (\u010dl\u00e1nek, str. 24)<\/li>\n<li>VTM 15\/1986:\u00a0Burza program\u016f &#8211; L\u00e9taj\u00edc\u00ed lavi\u010dka (program, str. 24)<\/li>\n<li>VTM 19\/1986:\u00a0Jak nau\u010dit Karla pracovat s magnetofonem (\u010dl\u00e1nek\/program, str. 24)<\/li>\n<li>VTM 24\/1986:\u00a0Kalend\u00e1\u0159 (program, str. 24), Burza program\u016f &#8211; oprava L\u00e9taj\u00edc\u00ed lavi\u010dky (program, str. 25)<\/li>\n<li>VTM 4\/1987:\u00a0Ud\u011blejte si sami &#8211; Mikropo\u010d\u00edta\u010dov\u00e1 s\u00ed\u0165 (\u010dl\u00e1nek, str. 24)<\/li>\n<li>VTM 5\/1987:\u00a0Ud\u011blejte si sami &#8211; Mikropo\u010d\u00edta\u010dov\u00e1 s\u00ed\u0165 (dokon\u010den\u00ed, \u010dl\u00e1nek, str. 25)<\/li>\n<li>VTM 12\/1987:\u00a0Animace na PMD-85 &#8211; zem\u011bkoule (program, str. 24)<\/li>\n<li>VTM 16\/1987:\u00a0Burza program\u016f &#8211; hradlo (program, str. 25)<\/li>\n<li>VTM 18\/1987:\u00a0Burza program\u016f &#8211; evidence pracovn\u00edk\u016f (program, str. 23)<\/li>\n<li>VTM 19\/1987:\u00a0Burza program\u016f &#8211; funkce (program, str. 25)<\/li>\n<li>VTM 20\/1987:\u00a0Burza program\u016f &#8211; zem\u011bpisn\u00fd test (program, str. 24)<\/li>\n<li>VTM 10\/1988:\u00a0Modelujeme p\u0159\u00edrodn\u00ed tvary &#8211; hory a po\u010d\u00edta\u010d (program, str. 45)<\/li>\n<li>VTM 18\/1988:\u00a0Elektrick\u00e1 sch\u00e9mata (program, str. 44)<\/li>\n<li>VTM 3\/1989:\u00a0Android-nim (program, str. 48)<\/li>\n<li>VTM 6\/1989:\u00a0V\u00fduka PASCALu i na PMD-85 (\u010dl\u00e1nek, str. 43)<\/li>\n<li>VTM 8\/1989:\u00a0Programov\u00e1 ochrana PMD 85-2 (\u010dl\u00e1nek, str. 50)<\/li>\n<li>Pro\u010d a na\u010d je po\u010d\u00edta\u010d (magaz\u00edn VTM):\u00a0Animace &#8211; ch\u016fze (program, strana 56)<\/li>\n<\/ul>\n<p>pozn.: z uveden\u00fdch ro\u010dn\u00edk\u016f 1984-1989 mi chyb\u00ed d\u00edly 16\/1988, 16\/1989, 17\/1989 a 19-24\/1989\u00a0(z t\u011bchto chyb\u011bj\u00edc\u00edch d\u00edl\u016f zde zat\u00edm nejsou potenci\u00e1ln\u00ed v\u00fdpisy)<\/p>\n<p><em>\u010dasem budou dopln\u011bny seznamy \u010dl\u00e1nk\u016f z \u010dasopis\u016f Zenit, Elektronika<\/em><\/p>\n<p>Pozn.: V\u011bt\u0161inu literatury naleznete na internetu d\u00edky Mafrovi, kter\u00fd hodn\u011b literatury zp\u0159\u00edstupnil, d\u00e1le pak d\u00edky RM Teamu, Schotkovi a dal\u0161\u00edm fand\u016fm PMD-85.<\/p>\n","protected":false},"excerpt":{"rendered":"<p>U\u017eivatelsk\u00e1 p\u0159\u00edru\u010dka (jednotliv\u00e9 d\u00edly) OSOBN\u00dd MIKROPO\u010c\u00cdTA\u010c PMD 85 &#8211; N\u00c1VOD NA POU\u017dITIE A OBSLUHU MIKROPO\u010c\u00cdTA\u010cA RADU PMD (k.p. Tesla Bratislava, rok vyd\u00e1n\u00ed 1987, 101 stran, n\u00e1klad 15.000ks) OSOBN\u00dd MIKROPO\u010c\u00cdTA\u010c PMD 85 &#8211; N\u00c1VOD NA POU\u017dITIE A OBSLUHU MIKROPO\u010c\u00cdTA\u010cA PMD 85-2 (dopln\u011bk k verzi 2,\u00a0k.p. Tesla Bratislava, 22 stran) PMD 85-3: N\u00c1VOD NA POU\u017dITIE A OBSLUHU [&hellip;]<\/p>\n","protected":false},"author":1,"featured_media":0,"parent":0,"menu_order":0,"comment_status":"open","ping_status":"closed","template":"","meta":[],"_links":{"self":[{"href":"https:\/\/www.pmd85.cz\/index.php?rest_route=\/wp\/v2\/pages\/290"}],"collection":[{"href":"https:\/\/www.pmd85.cz\/index.php?rest_route=\/wp\/v2\/pages"}],"about":[{"href":"https:\/\/www.pmd85.cz\/index.php?rest_route=\/wp\/v2\/types\/page"}],"author":[{"embeddable":true,"href":"https:\/\/www.pmd85.cz\/index.php?rest_route=\/wp\/v2\/users\/1"}],"replies":[{"embeddable":true,"href":"https:\/\/www.pmd85.cz\/index.php?rest_route=%2Fwp%2Fv2%2Fcomments&post=290"}],"version-history":[{"count":4,"href":"https:\/\/www.pmd85.cz\/index.php?rest_route=\/wp\/v2\/pages\/290\/revisions"}],"predecessor-version":[{"id":299,"href":"https:\/\/www.pmd85.cz\/index.php?rest_route=\/wp\/v2\/pages\/290\/revisions\/299"}],"wp:attachment":[{"href":"https:\/\/www.pmd85.cz\/index.php?rest_route=%2Fwp%2Fv2%2Fmedia&parent=290"}],"curies":[{"name":"wp","href":"https:\/\/api.w.org\/{rel}","templated":true}]}}