{"id":292,"date":"2017-05-27T10:51:04","date_gmt":"2017-05-27T09:51:04","guid":{"rendered":"https:\/\/www.pmd85.cz\/?page_id=292"},"modified":"2025-10-26T13:28:50","modified_gmt":"2025-10-26T12:28:50","slug":"hardware","status":"publish","type":"page","link":"https:\/\/www.pmd85.cz\/?page_id=292","title":{"rendered":"Hardware"},"content":{"rendered":"<p>Projekt PMD-85<\/p>\n<ul>\n<li><a href=\"https:\/\/www.pmd85.cz\/?page_id=908\">4-barevn\u00fd RGB v\u00fdstup pro PMD-85<\/a> (2019)<\/li>\n<li><a href=\"https:\/\/www.pmd85.cz\/?page_id=1194\">N\u00e1hrada TV kabelov\u00e9ho konektoru TY 611 2100 u PMD-85<\/a> (2020)<\/li>\n<li><a href=\"https:\/\/www.pmd85.cz\/?page_id=1207\">N\u00e1hrada elektroakustick\u00e9ho m\u011bni\u010de kl\u00e1vesnice u PMD-85<\/a> (2020)<\/li>\n<li><a href=\"https:\/\/www.pmd85.cz\/?page_id=1590\">Tla\u010d\u00edtkov\u00fd \u201ejoystick\u201c pro PMD-85<\/a> (2020)<\/li>\n<li><em><span style=\"color: #999999;\">Barevn\u00fd modul Colorace48 (8barev) pro PMD-85 se 48kB RAM (2021)<\/span><\/em><\/li>\n<li><a href=\"https:\/\/www.pmd85.cz\/?page_id=1566\">Barevn\u00fd modul Colorace64 (8barev) pro PMD-85 se 64kB RAM<\/a> (2021)<\/li>\n<li><span style=\"color: #999999;\"><em>Modernizace a p\u0159ipojen\u00ed my\u0161i 3WN16605 k PMD-85 (2021)<\/em><\/span><\/li>\n<li><span style=\"color: #999999;\"><em>Modul 8kB EEPROM pro PMD-85 (2021)<\/em><\/span><\/li>\n<li><a href=\"https:\/\/www.pmd85.cz\/?page_id=1693\">N\u00e1hrady nap\u00e1jec\u00edch kabel\u016f PMD-85<\/a> (2022)<\/li>\n<li><a href=\"https:\/\/www.pmd85.cz\/?page_id=1789\">Zvukov\u00fd modul MIF-85LSX pro PMD-85<\/a> (2022)<\/li>\n<li><span style=\"color: #999999;\"><em>Modul FPU Am9511\/i8231 pro PMD-85 (2022)<\/em><\/span><\/li>\n<li><a href=\"https:\/\/www.pmd85.cz\/?page_id=1912\">Diagnostick\u00fd modul \u010d. 1 pro aplika\u010dn\u00ed port PMD-85<\/a> (2023)<\/li>\n<li><span style=\"color: #999999;\"><em>Optick\u00e1 my\u0161 pro PMD-85 na b\u00e1zi 3WN16605 (2023)<\/em><\/span><\/li>\n<li><a href=\"https:\/\/www.pmd85.cz\/?page_id=2050\">Megapack4M &#8211; ROM modul pro PMD-85<\/a> (2024)<\/li>\n<\/ul>\n<p>Projekt SAPI<\/p>\n<ul>\n<li><a href=\"https:\/\/www.pmd85.cz\/?page_id=1858\">Seznam nov\u011b vyvinut\u00fdch karet SAPI<\/a><\/li>\n<li><a href=\"https:\/\/www.pmd85.cz\/?page_id=1511\">Mikrosb\u011brnice MikroBus2<\/a> (2020)<\/li>\n<li><span style=\"color: #000000;\"><a href=\"https:\/\/www.pmd85.cz\/?page_id=1614\">Minisb\u011brnice MiniBus3<\/a> (2021)<\/span><\/li>\n<li><a href=\"https:\/\/www.pmd85.cz\/?page_id=1527\">Kl\u00e1vesnice ANK-1M5<\/a> (2021)<\/li>\n<li><a href=\"https:\/\/www.pmd85.cz\/?page_id=1544\">Procesor JPR-1S<\/a> (2021)<\/li>\n<li><a href=\"https:\/\/www.pmd85.cz\/?page_id=1813\">Diagnostick\u00fd displej pro desku JPR-1\/JPR-1Z<\/a> (2021)<\/li>\n<li><a href=\"https:\/\/www.pmd85.cz\/?page_id=1843\">Redukce kl\u00e1vesnice ANK-1M5 s opticky izolovan\u00fdm 1-bitov\u00fdm s\u00e9riov\u00fdm vstupem<\/a> (2022)<\/li>\n<li><a href=\"https:\/\/www.pmd85.cz\/?page_id=1710\">Pixelov\u00e1 grafika BGP-1S<\/a> (2022)<\/li>\n<li><a href=\"https:\/\/www.pmd85.cz\/?page_id=1924\">Textov\u00e1 grafika AND-1V<\/a> (2023)<\/li>\n<li><a href=\"https:\/\/www.pmd85.cz\/?page_id=1931\">Pixelov\u00e1 grafika DGD-1V<\/a> (2023)<\/li>\n<li><a href=\"https:\/\/www.pmd85.cz\/?page_id=1993\">Pam\u011b\u0165 RAM-1V<\/a> (2023)<\/li>\n<li><a href=\"https:\/\/www.pmd85.cz\/?page_id=2155\">Modern\u00ed mechanick\u00e1 konstrukce SAPI-1<\/a> (2023)<\/li>\n<li><a href=\"https:\/\/www.pmd85.cz\/?page_id=2102\">Textov\u00e1 grafika AND-1B<\/a> (2024)<\/li>\n<li><span style=\"color: #999999;\"><em>Sb\u011brnice ARB-1 ImBUS9 (2024)<\/em><\/span><\/li>\n<li><span style=\"color: #000000;\"><a href=\"https:\/\/www.pmd85.cz\/?page_id=2120\">Procesor JPR-1V<\/a> (2024)<\/span><\/li>\n<li><span style=\"color: #999999;\"><em>P\u0159ipojen\u00ed kl\u00e1vesnice Consul 262.3 (2024)<\/em><\/span><\/li>\n<li><span style=\"color: #000000;\"><a href=\"https:\/\/www.pmd85.cz\/?page_id=2134\">Kl\u00e1vesnice ANK-1M2<\/a> (2024)<\/span><\/li>\n<li><span style=\"color: #999999;\"><em>Procesor JPR-1X (2025)<\/em><\/span><\/li>\n<li><span style=\"color: #999999;\"><em>Pixelov\u00e1 grafika BGP-1V (2025)<\/em><\/span><\/li>\n<li><span style=\"color: #999999;\"><a href=\"https:\/\/www.pmd85.cz\/?page_id=2229\">Modem DSM-1V<\/a><span style=\"color: #000000;\"> (2025)<\/span><\/span><\/li>\n<li><span style=\"color: #000000;\"><a href=\"https:\/\/www.pmd85.cz\/?page_id=2245\">Z\u00e1lohovan\u00fd ramdisk ZRD-1V<\/a> (2025)<\/span><\/li>\n<li><span style=\"color: #999999;\"><em>Multimedi\u00e1ln\u00ed podpora her MPH-1V (2025)<\/em><\/span><\/li>\n<li><span style=\"color: #999999;\"><em>\u0158adi\u010d disku FDC-1V (2025)<\/em><\/span><\/li>\n<\/ul>\n<p>Ostatn\u00ed konstrukce<\/p>\n<ul>\n<li><a href=\"https:\/\/www.pmd85.cz\/?page_id=588\">Simul\u00e1tor EPROM 64kB rev. 2.00<\/a> (2014)<\/li>\n<li><a href=\"https:\/\/www.pmd85.cz\/?page_id=1634\">Simul\u00e1tor EPROM mini128k<\/a> (2010 &#8211; torzo projektu)<\/li>\n<li><a href=\"https:\/\/www.pmd85.cz\/?page_id=894\">M\u011b\u0159i\u010d kapacity<\/a> (2019)<\/li>\n<li><em><span style=\"color: #999999;\">Simul\u00e1tor EPROM 8 byte (2021)<\/span><\/em><\/li>\n<li><em><span style=\"color: #999999;\">Modul bezz\u00e1kmitov\u00fdch puls\u016f (2021)<\/span><\/em><\/li>\n<li><em><span style=\"color: #999999;\">Modul DVM7107 (2021)<\/span><\/em><\/li>\n<li><a href=\"https:\/\/www.pmd85.cz\/?page_id=1555\">Konstrukce krabice KK07-231<\/a> (2021)<\/li>\n<\/ul>\n<p>Mikrorecenze<\/p>\n<ul>\n<li><a href=\"https:\/\/www.pmd85.cz\/?page_id=875\">Kvalitn\u00ed nep\u00e1jiv\u00e9 kontaktn\u00ed pole E-CALL<\/a><\/li>\n<\/ul>\n","protected":false},"excerpt":{"rendered":"<p>Projekt PMD-85 4-barevn\u00fd RGB v\u00fdstup pro PMD-85 (2019) N\u00e1hrada TV kabelov\u00e9ho konektoru TY 611 2100 u PMD-85 (2020) N\u00e1hrada elektroakustick\u00e9ho m\u011bni\u010de kl\u00e1vesnice u PMD-85 (2020) Tla\u010d\u00edtkov\u00fd \u201ejoystick\u201c pro PMD-85 (2020) Barevn\u00fd modul Colorace48 (8barev) pro PMD-85 se 48kB RAM (2021) Barevn\u00fd modul Colorace64 (8barev) pro PMD-85 se 64kB RAM (2021) Modernizace a p\u0159ipojen\u00ed my\u0161i 3WN16605 [&hellip;]<\/p>\n","protected":false},"author":1,"featured_media":0,"parent":0,"menu_order":0,"comment_status":"closed","ping_status":"closed","template":"","meta":[],"_links":{"self":[{"href":"https:\/\/www.pmd85.cz\/index.php?rest_route=\/wp\/v2\/pages\/292"}],"collection":[{"href":"https:\/\/www.pmd85.cz\/index.php?rest_route=\/wp\/v2\/pages"}],"about":[{"href":"https:\/\/www.pmd85.cz\/index.php?rest_route=\/wp\/v2\/types\/page"}],"author":[{"embeddable":true,"href":"https:\/\/www.pmd85.cz\/index.php?rest_route=\/wp\/v2\/users\/1"}],"replies":[{"embeddable":true,"href":"https:\/\/www.pmd85.cz\/index.php?rest_route=%2Fwp%2Fv2%2Fcomments&post=292"}],"version-history":[{"count":73,"href":"https:\/\/www.pmd85.cz\/index.php?rest_route=\/wp\/v2\/pages\/292\/revisions"}],"predecessor-version":[{"id":2279,"href":"https:\/\/www.pmd85.cz\/index.php?rest_route=\/wp\/v2\/pages\/292\/revisions\/2279"}],"wp:attachment":[{"href":"https:\/\/www.pmd85.cz\/index.php?rest_route=%2Fwp%2Fv2%2Fmedia&parent=292"}],"curies":[{"name":"wp","href":"https:\/\/api.w.org\/{rel}","templated":true}]}}