{"id":307,"date":"2017-05-27T12:36:07","date_gmt":"2017-05-27T11:36:07","guid":{"rendered":"https:\/\/www.pmd85.cz\/?page_id=307"},"modified":"2021-02-02T14:17:13","modified_gmt":"2021-02-02T13:17:13","slug":"treasure-island","status":"publish","type":"page","link":"https:\/\/www.pmd85.cz\/?page_id=307","title":{"rendered":"Treasure Island &#8211; 2nd release"},"content":{"rendered":"<h2>Z\u00e1kladn\u00ed informace<\/h2>\n<ul>\n<li>datum vyd\u00e1n\u00ed posledn\u00ed verze na PMD-85: 1. 2. 2021<\/li>\n<li>portace k\u00f3du ze ZX Spectra (hudba p\u0159evzata z verze pro Commodore Plus\/4)<\/li>\n<li>vyu\u017eit\u00ed RAM: 0000h \u00f7 7FFFh, C000h \u00f7 FFFFh (v\u010detn\u011b z\u00e1pisn\u00edku)<\/li>\n<li>podpora model\u016f: v\u0161echny verze PMD-85 (1\/2\/2A\/3)<\/li>\n<li>grafika: voliteln\u011b \u010cB, 4-barevn\u00fd RGBM, ColorAce<\/li>\n<li>hudba\/zvuky: ano &#8211; vestav\u011bn\u00fd akustick\u00fd m\u011bni\u010d<\/li>\n<li>ovl\u00e1d\u00e1n\u00ed: kl\u00e1vesnice (Q,A,O,P,M,H,T,B,K0) nebo joystick A\/B<\/li>\n<\/ul>\n<h2>Ovl\u00e1dac\u00ed kl\u00e1vesy<\/h2>\n<ul>\n<li>Q = nahoru, A = dol\u016f, O = vlevo, P = vpravo, M = hozen\u00ed me\u010de<\/li>\n<li>H = pozastaven\u00ed hry<\/li>\n<li>T = pokra\u010dov\u00e1n\u00ed ve h\u0159e<\/li>\n<li>B+T = restart hry<\/li>\n<li>K0 = vypnut\u00ed\/zapnut\u00ed zvuku b\u011bhem \u00favodn\u00ed obrazovky<\/li>\n<\/ul>\n<h2>Popis hry a jej\u00ed vlastnosti<\/h2>\n<p>Po absolvov\u00e1n\u00ed prvn\u00edch dvou meziher (nalod\u011bn\u00ed se na Hispaniolu a cesta v podpalub\u00ed lodi) se hr\u00e1\u010d ocitne na ostrov\u011b. C\u00edlem je naj\u00edt\u00a0poklad a&#8230; vr\u00e1tit se na lo\u010f. Ov\u0161em tak jednoduch\u00e9 to nebude. Sb\u00edr\u00e1n\u00ed p\u0159edm\u011bt\u016f, kter\u00e9 hr\u00e1\u010d nal\u00e9z\u00e1 na ostrov\u011b, p\u0159in\u00e1\u0161\u00ed ve v\u011bt\u0161in\u011b p\u0159\u00edpad\u016f (s jednou v\u00fdjimkou) pouze bodov\u00fd zisk. Stejn\u011b tak zab\u00edjen\u00ed pir\u00e1t\u016f vr\u017een\u00edm me\u010de je n\u011bkdy zbyte\u010dn\u00e9, jindy ov\u0161em nezbytn\u00e9 pro pr\u016fchod do \u010d\u00e1sti ostrova, kterou pir\u00e1t hl\u00edd\u00e1. N\u011bjak\u00e9 me\u010de jsou voln\u011b roztrou\u0161eny po ostrov\u011b, jindy zase m\u016f\u017eete sebrat me\u010d, kter\u00fd po V\u00e1s hod\u00ed pir\u00e1t, pokud se ocitnete v jeho bl\u00edzkosti. Pro klid Va\u0161\u00ed du\u0161e nutno \u0159\u00edci, \u017ee hru z\u0159ejm\u011b nelze dohr\u00e1t se sk\u00f3re 100%, p\u0159esto\u017ee\u00a0ostrov\u00a0obsahuje dostatek &#8222;materi\u00e1lu&#8220; pro 100% napln\u011bn\u00ed hry.<\/p>\n<p>Po automatick\u00e9m spu\u0161t\u011bn\u00ed hry je u\u017eivatel vyzv\u00e1n k volb\u011b, v jak\u00e9m barevn\u00e9m re\u017eimu chce hru spustit, a zda bude pou\u017e\u00edvat joystick. V\u00fdb\u011br barevn\u00e9ho re\u017eimu provede &#8222;degradaci&#8220; po\u010dtu barev a bez nov\u00e9ho na\u010dten\u00ed hry se ji\u017e nelze vr\u00e1tit k vy\u0161\u0161\u00edmu po\u010dtu barev.<\/p>\n<p>Hra je p\u0159\u00edmou portac\u00ed verze ze ZX Spectra, proto pro ni plat\u00ed stejn\u00e1 pravidla. Nav\u00edc je opravena chyba p\u016fvodn\u00ed p\u0159edlohy, kter\u00e1 znemo\u017e\u0148ovala regul\u00e9rn\u00ed pohyb hr\u00e1\u010dova protivn\u00edka v z\u00e1v\u011bru hry. Aby se k\u00f3d hry i s nov\u011b p\u0159idanou hudbou ve\u0161el do 32kB RAM, do\u0161lo k redukci anima\u010dn\u00edch dat a mapa ostrova je ulo\u017eena v komprimovan\u00e9 podob\u011b. Naopak kv\u016fli rychlosti, se kterou je PMD-85 v\u016f\u010di ZX Spectru na \u0161t\u00edru, jsou anima\u010dn\u00ed f\u00e1ze slepc\u016f v 1. mezih\u0159e a pir\u00e1t\u016f na ostrov\u011b ukl\u00e1d\u00e1ny odd\u011blen\u011b pro ka\u017edou odli\u0161nou barvu. Jejich obarvov\u00e1n\u00ed za chodu toti\u017e drasticky sni\u017eovalo celkovou rychlost hry.<\/p>\n<h2>P\u0159edchoz\u00ed verze hry<\/h2>\n<p>Pre-release verze hry obsahovala chybu, v d\u016fsledku kter\u00e9 se na re\u00e1ln\u00e9m PMD-85 pohyboval hr\u00e1\u010d p\u0159\u00edli\u0161 rychle. Ofici\u00e1ln\u00ed prvn\u00ed verze (bez ozna\u010den\u00ed v logu) obsahovala chybu inicializace prom\u011bnn\u00fdch, v d\u016fsledku kter\u00e9 doch\u00e1zelo ke kolapsu hry b\u011bhem prvn\u00ed \u010di druh\u00e9 mezihry. Opraven\u00e1 verze nese v logu ozna\u010den\u00ed &#8222;2nd RELEASE&#8220;.<\/p>\n<h2>POKE<\/h2>\n<ul>\n<li>&gt;0896 AF C9\u00a0\u00a0 =&gt;\u00a0 \u00a0v 1. a 2. mezih\u0159e nevad\u00ed hr\u00e1\u010di kontakt s nep\u0159\u00edtelem<\/li>\n<li>&gt;113B 00 00 00\u00a0\u00a0 =&gt;\u00a0\u00a0 na ostrov\u011b neub\u00fdvaj\u00ed \u017eivoty (smrt ov\u0161em m\u016f\u017ee nastat)<\/li>\n<li>&gt;0FA3 00\u00a0\u00a0 =&gt;\u00a0\u00a0 trval\u00e9 vlastnictv\u00ed me\u010de<\/li>\n<\/ul>\n<h2>Soubory ke sta\u017een\u00ed<\/h2>\n<ul>\n<li><a href=\"https:\/\/www.pmd85.cz\/wp-content\/uploads\/TreasureIsland.zip\" target=\"_blank\" rel=\"noopener noreferrer\">hra Treasure Island<\/a>\u00a0&#8211; Soubor virtu\u00e1ln\u00ed MGF p\u00e1sky pro emul\u00e1tor PMD-85 od RM-TEAMu<\/li>\n<\/ul>\n<h2>Galerie obr\u00e1zk\u016f (hra v re\u017eimu ColorAce)<\/h2>\n<div id=\"attachment_1425\" style=\"width: 160px\" class=\"wp-caption alignleft\"><a href=\"https:\/\/www.pmd85.cz\/wp-content\/uploads\/loadscreen-e1612270246956.gif\" target=\"_blank\" rel=\"noopener noreferrer\"><img aria-describedby=\"caption-attachment-1425\" loading=\"lazy\" class=\"wp-image-1425 size-thumbnail\" src=\"https:\/\/www.pmd85.cz\/wp-content\/uploads\/loadscreen-e1612270484330-150x150.gif\" alt=\"\" width=\"150\" height=\"150\" \/><\/a><p id=\"caption-attachment-1425\" class=\"wp-caption-text\">obr\u00e1zek b\u011bhem nahr\u00e1v\u00e1n\u00ed<\/p><\/div>\n<div id=\"attachment_1420\" style=\"width: 160px\" class=\"wp-caption alignleft\"><a href=\"https:\/\/www.pmd85.cz\/wp-content\/uploads\/menu-1.gif\" target=\"_blank\" rel=\"noopener noreferrer\"><img aria-describedby=\"caption-attachment-1420\" loading=\"lazy\" class=\"wp-image-1420 size-thumbnail\" src=\"https:\/\/www.pmd85.cz\/wp-content\/uploads\/menu-1-150x150.gif\" alt=\"\" width=\"150\" height=\"150\" \/><\/a><p id=\"caption-attachment-1420\" class=\"wp-caption-text\">konfigurace hry<\/p><\/div>\n<div id=\"attachment_1429\" style=\"width: 160px\" class=\"wp-caption alignleft\"><a href=\"https:\/\/www.pmd85.cz\/wp-content\/uploads\/title-e1612270780317.gif\" target=\"_blank\" rel=\"noopener noreferrer\"><img aria-describedby=\"caption-attachment-1429\" loading=\"lazy\" class=\"wp-image-1429 size-thumbnail\" src=\"https:\/\/www.pmd85.cz\/wp-content\/uploads\/title-e1612270780317-150x150.gif\" alt=\"\" width=\"150\" height=\"150\" \/><\/a><p id=\"caption-attachment-1429\" class=\"wp-caption-text\">tituln\u00ed obrazovka<\/p><\/div>\n<div id=\"attachment_1431\" style=\"width: 160px\" class=\"wp-caption alignleft\"><a href=\"https:\/\/www.pmd85.cz\/wp-content\/uploads\/stage1-e1612271673374.gif\" target=\"_blank\" rel=\"noopener noreferrer\"><img aria-describedby=\"caption-attachment-1431\" loading=\"lazy\" class=\"wp-image-1431 size-thumbnail\" src=\"https:\/\/www.pmd85.cz\/wp-content\/uploads\/stage1-e1612271673374-150x150.gif\" alt=\"\" width=\"150\" height=\"150\" \/><\/a><p id=\"caption-attachment-1431\" class=\"wp-caption-text\">1. mezihra<\/p><\/div>\n<div id=\"attachment_1433\" style=\"width: 160px\" class=\"wp-caption alignleft\"><a href=\"https:\/\/www.pmd85.cz\/wp-content\/uploads\/stage2-e1612271698318.gif\" target=\"_blank\" rel=\"noopener noreferrer\"><img aria-describedby=\"caption-attachment-1433\" loading=\"lazy\" class=\"wp-image-1433 size-thumbnail\" src=\"https:\/\/www.pmd85.cz\/wp-content\/uploads\/stage2-e1612271698318-150x150.gif\" alt=\"\" width=\"150\" height=\"150\" \/><\/a><p id=\"caption-attachment-1433\" class=\"wp-caption-text\">2. mezihra<\/p><\/div>\n<p>&nbsp;<\/p>\n<p>&nbsp;<\/p>\n<p>&nbsp;<\/p>\n<p>&nbsp;<\/p>\n<div id=\"attachment_1421\" style=\"width: 160px\" class=\"wp-caption alignleft\"><a href=\"https:\/\/www.pmd85.cz\/wp-content\/uploads\/ostrov.gif\" target=\"_blank\" rel=\"noopener noreferrer\"><img aria-describedby=\"caption-attachment-1421\" loading=\"lazy\" class=\"wp-image-1421 size-thumbnail\" src=\"https:\/\/www.pmd85.cz\/wp-content\/uploads\/ostrov-150x150.gif\" alt=\"\" width=\"150\" height=\"150\" \/><\/a><p id=\"caption-attachment-1421\" class=\"wp-caption-text\">..a na ostrov\u011b..<\/p><\/div>\n","protected":false},"excerpt":{"rendered":"<p>Z\u00e1kladn\u00ed informace datum vyd\u00e1n\u00ed posledn\u00ed verze na PMD-85: 1. 2. 2021 portace k\u00f3du ze ZX Spectra (hudba p\u0159evzata z verze pro Commodore Plus\/4) vyu\u017eit\u00ed RAM: 0000h \u00f7 7FFFh, C000h \u00f7 FFFFh (v\u010detn\u011b z\u00e1pisn\u00edku) podpora model\u016f: v\u0161echny verze PMD-85 (1\/2\/2A\/3) grafika: voliteln\u011b \u010cB, 4-barevn\u00fd RGBM, ColorAce hudba\/zvuky: ano &#8211; vestav\u011bn\u00fd akustick\u00fd m\u011bni\u010d ovl\u00e1d\u00e1n\u00ed: kl\u00e1vesnice (Q,A,O,P,M,H,T,B,K0) nebo [&hellip;]<\/p>\n","protected":false},"author":1,"featured_media":0,"parent":236,"menu_order":0,"comment_status":"open","ping_status":"closed","template":"","meta":[],"_links":{"self":[{"href":"https:\/\/www.pmd85.cz\/index.php?rest_route=\/wp\/v2\/pages\/307"}],"collection":[{"href":"https:\/\/www.pmd85.cz\/index.php?rest_route=\/wp\/v2\/pages"}],"about":[{"href":"https:\/\/www.pmd85.cz\/index.php?rest_route=\/wp\/v2\/types\/page"}],"author":[{"embeddable":true,"href":"https:\/\/www.pmd85.cz\/index.php?rest_route=\/wp\/v2\/users\/1"}],"replies":[{"embeddable":true,"href":"https:\/\/www.pmd85.cz\/index.php?rest_route=%2Fwp%2Fv2%2Fcomments&post=307"}],"version-history":[{"count":22,"href":"https:\/\/www.pmd85.cz\/index.php?rest_route=\/wp\/v2\/pages\/307\/revisions"}],"predecessor-version":[{"id":1434,"href":"https:\/\/www.pmd85.cz\/index.php?rest_route=\/wp\/v2\/pages\/307\/revisions\/1434"}],"up":[{"embeddable":true,"href":"https:\/\/www.pmd85.cz\/index.php?rest_route=\/wp\/v2\/pages\/236"}],"wp:attachment":[{"href":"https:\/\/www.pmd85.cz\/index.php?rest_route=%2Fwp%2Fv2%2Fmedia&parent=307"}],"curies":[{"name":"wp","href":"https:\/\/api.w.org\/{rel}","templated":true}]}}