{"id":330,"date":"2017-05-29T18:58:32","date_gmt":"2017-05-29T17:58:32","guid":{"rendered":"https:\/\/www.pmd85.cz\/?page_id=330"},"modified":"2020-01-12T07:26:10","modified_gmt":"2020-01-12T06:26:10","slug":"trailblazer","status":"publish","type":"page","link":"https:\/\/www.pmd85.cz\/?page_id=330","title":{"rendered":"Trailblazer"},"content":{"rendered":"<h2>Z\u00e1kladn\u00ed informace<\/h2>\n<ul>\n<li>datum vyd\u00e1n\u00ed posledn\u00ed\u00a0verze na PMD-85: 30. 9. 2018<\/li>\n<li>origin\u00e1ln\u00ed\u00a0k\u00f3d inspirovan\u00fd\u00a0vizu\u00e1ln\u00ed podobou\u00a0verze pro\u00a0Commodore Plus\/4<\/li>\n<li>vyu\u017eit\u00ed RAM: 0000h \u00f7 77FFh, 7E00h \u00f7 7FFFh, C000h \u00f7 FFFFh (v\u010detn\u011b z\u00e1pisn\u00edku)<\/li>\n<li>podpora model\u016f: v\u0161echny verze PMD-85 (1\/2\/2A\/3)<\/li>\n<li>po\u010det barev:\u00a0\u010cB(2), RGB(4), inverzn\u00ed RGB(4), prokl\u00e1dan\u00e9 RGB(8), ColorACE(8)<\/li>\n<li>hudba\/zvuky: melodie a zvuky p\u0159evzaty z verze pro Commodore Plus\/4<\/li>\n<li>ovl\u00e1d\u00e1n\u00ed: kl\u00e1vesnice (kl\u00e1vesy Q, A, O, P, M) nebo voliteln\u011b joystick A nebo B<\/li>\n<\/ul>\n<h2>Status<\/h2>\n<ul>\n<li>fin\u00e1ln\u00ed verze hry, uvoln\u011bno k pou\u017eit\u00ed<\/li>\n<\/ul>\n<h2>Ovl\u00e1dac\u00ed kl\u00e1vesy<\/h2>\n<ul>\n<li>Q = zrychlit b\u011bh m\u00ed\u010de<\/li>\n<li>A = zpomalit b\u011bh m\u00ed\u010de<\/li>\n<li>O = pohyb m\u00ed\u010de vlevo<\/li>\n<li>P = pohyb m\u00ed\u010de vpravo<\/li>\n<li>M = skok s\u00a0m\u00ed\u010dem<\/li>\n<li>EOL = spu\u0161t\u011bn\u00ed hry<\/li>\n<li>STOP = ukon\u010den\u00ed hry<\/li>\n<\/ul>\n<h2>Popis hry a jej\u00ed vlastnosti<\/h2>\n<p>C\u00edlem\u00a0hry je zdolat v\u0161ech 16 sektor\u016f.\u00a0V ka\u017ed\u00e9m z nich je nutno dostat se s m\u00ed\u010dem v \u010dasov\u00e9m limitu a s p\u0159id\u011blen\u00fdm po\u010dtem mo\u017en\u00fdch &#8222;skok\u016f&#8220; m\u00ed\u010de do c\u00edle. M\u00ed\u010d b\u011bhem\u00a0jeho cesty sektorem vede hr\u00e1\u010d tak, aby pokud mo\u017eno nezapadl do n\u011bkter\u00e9 z d\u011br (co\u017e zp\u016fsob\u00ed ne\u017e\u00e1douc\u00ed \u010dasov\u00e9 prodlen\u00ed) a pokud mo\u017eno s nejvy\u0161\u0161\u00ed zvl\u00e1dnutelnou rychlost\u00ed m\u00ed\u010de. Barva kostek, z nich\u017e je tvo\u0159ena cesta, ur\u010duje vlastnosti t\u00e9to cesty (barvy plat\u00ed pouze v re\u017eimu ColorACE &#8211; v ostatn\u00edch barevn\u00fdch re\u017eimech jsou pou\u017eity dostupn\u00e9 barvy a textury):<\/p>\n<ul>\n<li>\u010dern\u00e1 = d\u00edra (m\u00ed\u010d do n\u00ed zapadne a \u010dek\u00e1 se na jeho &#8222;obnovu&#8220;)<\/li>\n<li>pln\u00e1 \u010derven\u00e1 = automatick\u00e9 zpomalen\u00ed m\u00ed\u010de<\/li>\n<li>pln\u00e1 zelen\u00e1 = automatick\u00e9 zrychlen\u00ed m\u00ed\u010de<\/li>\n<li>pln\u00e1 modr\u00e1 = automatick\u00fd skok m\u00ed\u010de<\/li>\n<li>\u010derven\u00e1, zelen\u00e1 a modr\u00e1 s polovi\u010dn\u00edm jasem (texturou) jsou neutr\u00e1ln\u00ed pole<\/li>\n<li>nebesk\u00e1 barva (pln\u00e1 i texturovan\u00e1) zp\u016fsob\u00ed prohozen\u00ed stranov\u00e9ho ovl\u00e1d\u00e1n\u00ed m\u00ed\u010de hr\u00e1\u010dem<\/li>\n<li>b\u00edl\u00e1 = startovn\u00ed a c\u00edlov\u00e1 rovinka (neutr\u00e1ln\u00ed pole)<\/li>\n<li>\u017elut\u00e1 = neutr\u00e1ln\u00ed pole<\/li>\n<li>fialov\u00e1 = neutr\u00e1ln\u00ed pole<\/li>\n<\/ul>\n<p>Pro p\u0159\u00edstup do vy\u0161\u0161\u00edch sektor\u016f je mo\u017eno zad\u00e1vat hesla b\u011bhem hran\u00ed \u00favodn\u00ed melodie. S ohledem na rychlost PMD-85 je p\u0159i zad\u00e1v\u00e1n\u00ed hesla dobr\u00e9 podr\u017eet kl\u00e1vesu v\u017edy alespo\u0148 p\u016fl vte\u0159iny a mezi jednotliv\u00fdmi p\u00edsmeny d\u011blat stejn\u011b \u0161irok\u00e9 pauzy.<\/p>\n<p>Hra je ps\u00e1na od za\u010d\u00e1tku jako p\u016fvodn\u00ed k\u00f3d, inspirovan\u00fd my\u0161lenkou p\u016fvodn\u00ed hry a jej\u00ed podobou na stroji Commodore C16\/C116\/Plus4. &#8222;Odvalov\u00e1n\u00ed&#8220; cesty pod m\u00ed\u010dem je ov\u0161em \u0159e\u0161eno v\u00fdlu\u010dn\u011b programov\u011b.<\/p>\n<h2>P\u0159edchoz\u00ed verze hry<\/h2>\n<p>Prvn\u00ed verze hry (bez ozna\u010den\u00ed v logu) se p\u0159i p\u0159ipojen\u00ed disketov\u00e9 jednotky v z\u00e1kladn\u00edm menu samovoln\u011b spou\u0161t\u011bla vlivem fale\u0161n\u00e9 interpretace tla\u010d\u00edtka st\u0159elby na joysticku. V druh\u00e9 verzi (ozna\u010dena\u00a0n\u00e1pisem &#8222;2nd release&#8220;) byly nav\u00edc opraveny drobn\u00e9 chyby a dopln\u011bny n\u00e1sleduj\u00edc\u00ed polo\u017eky: inicializace slu\u017eebn\u00edho PPI 8255, odstran\u011bn\u00ed poz\u016fstatk\u016f autopilota, melodie po dojezdu do c\u00edle se p\u0159ibl\u00ed\u017eila verzi origin\u00e1lu s modulac\u00ed ob\u00e1lky t\u00f3n\u016f, stisk SHIFT+STOP+EOL b\u011bhem \u00favodn\u00ed obrazovky provede restart do BIOSu, z\u00e1v\u011bre\u010dn\u00e1 melodie hry b\u011b\u017e\u00ed v t\u0159\u00edhlas\u00e9m re\u017eimu. Byl upraven koeficient gravitace, aby se zp\u016fsob mo\u017en\u00e9ho projet\u00ed hry p\u0159ibl\u00ed\u017eil origin\u00e1ln\u00ed verzi.<\/p>\n<h2>POKE<\/h2>\n<ul>\n<li>&gt;01AF\u00a000\u00a0\u00a0 =&gt;\u00a0\u00a0\u00a0neub\u00fdv\u00e1 \u010das<\/li>\n<li>&gt;4EB0 DA\u00a0 =&gt;\u00a0\u00a0 ignorov\u00e1n\u00ed d\u011br v cest\u011b<\/li>\n<li>&gt;4EDB 00\u00a0\u00a0=&gt;\u00a0\u00a0 neub\u00fdvaj\u00ed skoky<\/li>\n<\/ul>\n<h2>Soubory ke sta\u017een\u00ed<\/h2>\n<ul>\n<li><a href=\"https:\/\/www.pmd85.cz\/wp-content\/uploads\/lindriver.txt\" target=\"_blank\" rel=\"noopener\">knihovna pro kreslen\u00ed mikro\u0159\u00e1dk\u016f cesty<\/a>\u00a0&#8211; zdrojov\u00fd k\u00f3d v assembleru &#8211; jak (ne)ps\u00e1t programy<\/li>\n<li><span style=\"color: #000000;\"><a href=\"https:\/\/www.pmd85.cz\/wp-content\/uploads\/Trailblazer.zip\">hra Trailblazer<\/a>\u00a0&#8211; Soubor virtu\u00e1ln\u00ed MGF p\u00e1sky pro emul\u00e1tor PMD-85 od RM-TEAMu (verze z\u00a030. 9. 2018)<\/span><\/li>\n<li><a href=\"https:\/\/www.pmd85.cz\/wp-content\/uploads\/TrailblazerWalkthrough.zip\">Trailblazer &#8211; kompletn\u00ed p\u0159echod hry<\/a>\u00a0&#8211; Soubor\u00a0*.PRC pro emul\u00e1tor PMD-85 od RM-TEAMu<\/li>\n<li><a href=\"https:\/\/youtu.be\/hOUC5Tmwi6w\">Trailblazer &#8211; kompletn\u00ed p\u0159echod hry<\/a>\u00a0&#8211; Odkaz na video na youtube<\/li>\n<li><a href=\"https:\/\/www.pmd85.cz\/wp-content\/uploads\/hesla_trailblazer.txt\" target=\"_blank\" rel=\"noopener\">vstupn\u00ed hesla do vy\u0161\u0161\u00edch sektor\u016f<\/a><\/li>\n<\/ul>\n<h2>Galerie obr\u00e1zk\u016f<\/h2>\n<div id=\"attachment_559\" style=\"width: 160px\" class=\"wp-caption alignleft\"><a href=\"https:\/\/www.pmd85.cz\/wp-content\/uploads\/title-1.gif\" target=\"_blank\" rel=\"noopener\"><img aria-describedby=\"caption-attachment-559\" loading=\"lazy\" class=\"wp-image-559 size-thumbnail\" src=\"https:\/\/www.pmd85.cz\/wp-content\/uploads\/title-1-150x150.gif\" alt=\"\" width=\"150\" height=\"150\" \/><\/a><p id=\"caption-attachment-559\" class=\"wp-caption-text\">obr\u00e1zek p\u0159i nahr\u00e1v\u00e1n\u00ed<\/p><\/div>\n<div id=\"attachment_567\" style=\"width: 160px\" class=\"wp-caption alignleft\"><a href=\"https:\/\/www.pmd85.cz\/wp-content\/uploads\/newstars-1.gif\" target=\"_blank\" rel=\"noopener\"><img aria-describedby=\"caption-attachment-567\" loading=\"lazy\" class=\"wp-image-567 size-thumbnail\" src=\"https:\/\/www.pmd85.cz\/wp-content\/uploads\/newstars-1-150x150.gif\" alt=\"\" width=\"150\" height=\"150\" \/><\/a><p id=\"caption-attachment-567\" class=\"wp-caption-text\">hra v re\u017eimu ColorACE<\/p><\/div>\n<div id=\"attachment_485\" style=\"width: 160px\" class=\"wp-caption alignleft\"><a href=\"https:\/\/www.pmd85.cz\/wp-content\/uploads\/mapa-hry.png\" target=\"_blank\" rel=\"noopener noreferrer\"><img aria-describedby=\"caption-attachment-485\" loading=\"lazy\" class=\"wp-image-485 size-thumbnail\" src=\"https:\/\/www.pmd85.cz\/wp-content\/uploads\/mapa-hry-150x150.png\" alt=\"\" width=\"150\" height=\"150\" \/><\/a><p id=\"caption-attachment-485\" class=\"wp-caption-text\">mapa hry<\/p><\/div>\n<p>&nbsp;<\/p>\n<p>&nbsp;<\/p>\n<p>&nbsp;<\/p>\n<p>&nbsp;<\/p>\n","protected":false},"excerpt":{"rendered":"<p>Z\u00e1kladn\u00ed informace datum vyd\u00e1n\u00ed posledn\u00ed\u00a0verze na PMD-85: 30. 9. 2018 origin\u00e1ln\u00ed\u00a0k\u00f3d inspirovan\u00fd\u00a0vizu\u00e1ln\u00ed podobou\u00a0verze pro\u00a0Commodore Plus\/4 vyu\u017eit\u00ed RAM: 0000h \u00f7 77FFh, 7E00h \u00f7 7FFFh, C000h \u00f7 FFFFh (v\u010detn\u011b z\u00e1pisn\u00edku) podpora model\u016f: v\u0161echny verze PMD-85 (1\/2\/2A\/3) po\u010det barev:\u00a0\u010cB(2), RGB(4), inverzn\u00ed RGB(4), prokl\u00e1dan\u00e9 RGB(8), ColorACE(8) hudba\/zvuky: melodie a zvuky p\u0159evzaty z verze pro Commodore Plus\/4 ovl\u00e1d\u00e1n\u00ed: kl\u00e1vesnice (kl\u00e1vesy [&hellip;]<\/p>\n","protected":false},"author":1,"featured_media":0,"parent":236,"menu_order":0,"comment_status":"open","ping_status":"closed","template":"","meta":[],"_links":{"self":[{"href":"https:\/\/www.pmd85.cz\/index.php?rest_route=\/wp\/v2\/pages\/330"}],"collection":[{"href":"https:\/\/www.pmd85.cz\/index.php?rest_route=\/wp\/v2\/pages"}],"about":[{"href":"https:\/\/www.pmd85.cz\/index.php?rest_route=\/wp\/v2\/types\/page"}],"author":[{"embeddable":true,"href":"https:\/\/www.pmd85.cz\/index.php?rest_route=\/wp\/v2\/users\/1"}],"replies":[{"embeddable":true,"href":"https:\/\/www.pmd85.cz\/index.php?rest_route=%2Fwp%2Fv2%2Fcomments&post=330"}],"version-history":[{"count":47,"href":"https:\/\/www.pmd85.cz\/index.php?rest_route=\/wp\/v2\/pages\/330\/revisions"}],"predecessor-version":[{"id":1167,"href":"https:\/\/www.pmd85.cz\/index.php?rest_route=\/wp\/v2\/pages\/330\/revisions\/1167"}],"up":[{"embeddable":true,"href":"https:\/\/www.pmd85.cz\/index.php?rest_route=\/wp\/v2\/pages\/236"}],"wp:attachment":[{"href":"https:\/\/www.pmd85.cz\/index.php?rest_route=%2Fwp%2Fv2%2Fmedia&parent=330"}],"curies":[{"name":"wp","href":"https:\/\/api.w.org\/{rel}","templated":true}]}}