{"id":337,"date":"2017-06-24T11:20:34","date_gmt":"2017-06-24T10:20:34","guid":{"rendered":"https:\/\/www.pmd85.cz\/?page_id=337"},"modified":"2021-07-11T19:55:03","modified_gmt":"2021-07-11T17:55:03","slug":"jak-na-to","status":"publish","type":"page","link":"https:\/\/www.pmd85.cz\/?page_id=337","title":{"rendered":"Jak na to.."},"content":{"rendered":"<p>N\u011bkdy nen\u00ed \u010das ani chu\u0165 vym\u00fd\u0161let vymy\u0161len\u00e9 a tak sem budu d\u00e1vat v\u011bci, kter\u00e9 funguj\u00ed, jsou vyzkou\u0161en\u00e9 a m\u016f\u017eete je okam\u017eit\u011b pou\u017e\u00edt v c\u00edlov\u00e9 aplikaci. Ov\u0161em odlad\u011bn\u00e9 jsou tyto programy na PMD-85 s jeho hardwarov\u00fdmi dispozicemi..<\/p>\n<ul>\n<li><a href=\"https:\/\/www.pmd85.cz\/?page_id=1017\">Generov\u00e1n\u00ed jednobitov\u00e9 hudby (v\u00edce \u010dl\u00e1nk\u016f)<\/a><\/li>\n<li><a href=\"https:\/\/www.pmd85.cz\/?page_id=365\">Limitn\u00ed \u010dasov\u00e1n\u00ed proces\u016f pomoc\u00ed obvodu UART<\/a><\/li>\n<li><a href=\"https:\/\/www.pmd85.cz\/?page_id=393\">P\u0159evod bin\u00e1rn\u00ed hodnoty na form\u00e1t BCD<\/a><\/li>\n<li><a href=\"https:\/\/www.pmd85.cz\/?page_id=441\">Generov\u00e1n\u00ed celo\u010d\u00edseln\u00fdch pseudon\u00e1hodn\u00fdch posloupnost\u00ed maxim\u00e1ln\u00ed d\u00e9lky<\/a><\/li>\n<li><a href=\"https:\/\/www.pmd85.cz\/?page_id=403\">Akcelerace procedury kreslen\u00ed obr\u00e1zk\u016f na PMD 85<\/a><\/li>\n<li><a href=\"https:\/\/www.pmd85.cz\/?page_id=1392\">Ovlada\u010d my\u0161i typu MOUSE602<\/a><\/li>\n<li><a href=\"https:\/\/www.pmd85.cz\/?page_id=702\">N\u00e1hrada magnetofonu pro nahr\u00e1v\u00e1n\u00ed program\u016f do PMD-85<\/a><\/li>\n<li><a href=\"https:\/\/www.pmd85.cz\/?page_id=1223\">Synchronizace \u010dasova\u010de T1 s rozkladov\u00fdmi obvody gener\u00e1toru TV sign\u00e1lu<\/a><\/li>\n<li><a href=\"https:\/\/www.pmd85.cz\/?page_id=1352\">Ovlada\u010d kl\u00e1vesnice s funkc\u00ed &#8222;Autorepeat&#8220;<\/a><\/li>\n<li><a href=\"https:\/\/www.pmd85.cz\/?page_id=1451\">Generov\u00e1n\u00ed Mandelbrotovy mno\u017einy<\/a><\/li>\n<li><a href=\"https:\/\/www.pmd85.cz\/?page_id=1495\">16-bitov\u00e1 interpolace \u00fase\u010dky<\/a><\/li>\n<\/ul>\n","protected":false},"excerpt":{"rendered":"<p>N\u011bkdy nen\u00ed \u010das ani chu\u0165 vym\u00fd\u0161let vymy\u0161len\u00e9 a tak sem budu d\u00e1vat v\u011bci, kter\u00e9 funguj\u00ed, jsou vyzkou\u0161en\u00e9 a m\u016f\u017eete je okam\u017eit\u011b pou\u017e\u00edt v c\u00edlov\u00e9 aplikaci. Ov\u0161em odlad\u011bn\u00e9 jsou tyto programy na PMD-85 s jeho hardwarov\u00fdmi dispozicemi.. Generov\u00e1n\u00ed jednobitov\u00e9 hudby (v\u00edce \u010dl\u00e1nk\u016f) Limitn\u00ed \u010dasov\u00e1n\u00ed proces\u016f pomoc\u00ed obvodu UART P\u0159evod bin\u00e1rn\u00ed hodnoty na form\u00e1t BCD Generov\u00e1n\u00ed celo\u010d\u00edseln\u00fdch [&hellip;]<\/p>\n","protected":false},"author":1,"featured_media":0,"parent":0,"menu_order":0,"comment_status":"open","ping_status":"closed","template":"","meta":[],"_links":{"self":[{"href":"https:\/\/www.pmd85.cz\/index.php?rest_route=\/wp\/v2\/pages\/337"}],"collection":[{"href":"https:\/\/www.pmd85.cz\/index.php?rest_route=\/wp\/v2\/pages"}],"about":[{"href":"https:\/\/www.pmd85.cz\/index.php?rest_route=\/wp\/v2\/types\/page"}],"author":[{"embeddable":true,"href":"https:\/\/www.pmd85.cz\/index.php?rest_route=\/wp\/v2\/users\/1"}],"replies":[{"embeddable":true,"href":"https:\/\/www.pmd85.cz\/index.php?rest_route=%2Fwp%2Fv2%2Fcomments&post=337"}],"version-history":[{"count":24,"href":"https:\/\/www.pmd85.cz\/index.php?rest_route=\/wp\/v2\/pages\/337\/revisions"}],"predecessor-version":[{"id":1503,"href":"https:\/\/www.pmd85.cz\/index.php?rest_route=\/wp\/v2\/pages\/337\/revisions\/1503"}],"wp:attachment":[{"href":"https:\/\/www.pmd85.cz\/index.php?rest_route=%2Fwp%2Fv2%2Fmedia&parent=337"}],"curies":[{"name":"wp","href":"https:\/\/api.w.org\/{rel}","templated":true}]}}