{"id":495,"date":"2018-01-25T20:57:57","date_gmt":"2018-01-25T19:57:57","guid":{"rendered":"https:\/\/www.pmd85.cz\/?page_id=495"},"modified":"2020-03-15T01:02:53","modified_gmt":"2020-03-15T00:02:53","slug":"arkanoid","status":"publish","type":"page","link":"https:\/\/www.pmd85.cz\/?page_id=495","title":{"rendered":"Arkanoid"},"content":{"rendered":"<h2>Z\u00e1kladn\u00ed informace<\/h2>\n<ul>\n<li>datum vyd\u00e1n\u00ed posledn\u00ed verze na PMD-85: 4.2.2017<\/li>\n<li>portace k\u00f3du ze ZX Spectra<\/li>\n<li>vyu\u017eit\u00ed RAM: 0000h \u00f7 7FFFh, C000h \u00f7 FFFFh<\/li>\n<li>podpora model\u016f: v\u0161echny verze PMD-85 (1\/2\/2A\/3)<\/li>\n<li>hudba\/zvuky: ano\/ano &#8211; vestav\u011bn\u00fd akustick\u00fd m\u011bni\u010d<\/li>\n<li>podpora barevn\u00fdch re\u017eim\u016f: monochrom (2), RGBM (4), ColorAce (8)<\/li>\n<li>ovl\u00e1d\u00e1n\u00ed:\u00a0kl\u00e1vesnice, voliteln\u011b joystick A nebo B<\/li>\n<\/ul>\n<h2>Status<\/h2>\n<ul>\n<li>fin\u00e1ln\u00ed verze hry, uvoln\u011bno k pou\u017eit\u00ed<\/li>\n<\/ul>\n<h2>Ovl\u00e1dac\u00ed kl\u00e1vesy<\/h2>\n<ul>\n<li>VLEVO\/VPRAVO = pohyb voz\u00edku do stran<\/li>\n<li>MEZERA = aktivace m\u00ed\u010dku nebo st\u0159elba<\/li>\n<li>STOP = \u0159\u00edzen\u00e1 ztr\u00e1ta m\u00ed\u010dku<\/li>\n<\/ul>\n<h2>Popis hry a jej\u00ed vlastnosti<\/h2>\n<p>C\u00edlem hry je zdolat 32 standardn\u00edch a jeden bonusov\u00fd sektor.<\/p>\n<p>Ve standardn\u00edch sektorech je pro jejich zd\u00e1rn\u00e9 dokon\u010den\u00ed nutno zni\u010dit v\u0161echny zni\u010diteln\u00e9 cihly. N\u011bkter\u00e9 cihly lze zni\u010dit jedn\u00edm z\u00e1sahem, n\u011bkter\u00e9 je nutno zas\u00e1hnout v\u00edcekr\u00e1t (2 a\u017e 5-kr\u00e1t) a n\u011bkter\u00e9 nelze zni\u010dit\u00a0v\u016fbec. Tyto r\u016fzn\u00e9 typy cihel jsou v\u017edy odli\u0161eny barvou nebo texturou, tak\u017ee je lze v\u017edy dop\u0159edu rozeznat. Variabilitu do hry vn\u00e1\u0161\u00ed jeden a\u017e t\u0159i duchov\u00e9, kte\u0159\u00ed jsou postupn\u011b vypou\u0161t\u011bni z horn\u00ed \u010d\u00e1sti obrazovky do ar\u00e9ny. Jejich hlavn\u00edm posl\u00e1n\u00edm je naru\u0161ovat zacyklen\u00ed m\u00ed\u010dku ale mohou sv\u00fdm pohybem rovn\u011b\u017e nad\u011blat hr\u00e1\u010di \u0159adu starost\u00ed. Zni\u010den\u00edm n\u011bkter\u00fdch cihel dojde k uvoln\u011bn\u00ed symbolu, kter\u00fd n\u00e1sledn\u011b za\u010dne padat k zemi. Je-li tento padaj\u00edc\u00ed symbol voz\u00edkem (hr\u00e1\u010dem) zachycen, aktivuje se n\u011bkter\u00e1 z n\u00e1sleduj\u00edc\u00edch funkc\u00ed: <strong>B<\/strong> = p\u0159ed\u010dasn\u00e9 otev\u0159en\u00ed br\u00e1ny a mo\u017enost opustit sektor p\u0159ed dokon\u010den\u00edm, <strong>C<\/strong> = po zachycen\u00ed m\u00ed\u010dku voz\u00edkem se m\u00ed\u010dek &#8222;p\u0159ilep\u00ed&#8220; a je odra\u017een a\u017e po stisknu kl\u00e1vesy, <strong>D<\/strong> = aktivuj\u00ed se celkem t\u0159i soub\u011b\u017en\u00e9 m\u00ed\u010dky, <strong>E<\/strong> = roz\u0161\u00ed\u0159en\u00ed voz\u00edku, <strong>L<\/strong> = aktivace mo\u017enosti st\u0159elby z voz\u00edku, <strong>P<\/strong> = p\u0159id\u00e1 jeden \u017eivot, <strong>S<\/strong> = zpomalen\u00ed hry. Je-li aktivov\u00e1n re\u017eim otev\u0159en\u00e9 br\u00e1ny (<strong>B<\/strong>) nebo re\u017eim t\u0159\u00ed m\u00ed\u010dk\u016f (<strong>D<\/strong>), je dal\u0161\u00ed uvol\u0148ov\u00e1n\u00ed symbol\u016f po zni\u010den\u00ed cihly deaktivov\u00e1no. Na rozd\u00edl od origin\u00e1ln\u00ed verze ze ZX Spectra je opravena chyba vypou\u0161t\u011bn\u00ed symbol\u016f po ztr\u00e1t\u011b dvou m\u00ed\u010dk\u016f ze t\u0159\u00ed.<\/p>\n<p>V bonusov\u00e9m sektoru je nutno vyh\u00fdbat se objekt\u016fm, vypou\u0161t\u011bn\u00fdm z tlamy nestv\u016frn\u00e9 hlavy a odr\u00e1\u017eet m\u00ed\u010dek tak, aby zas\u00e1hl hlavu &#8230; kr\u00e1t. Kolikr\u00e1t, to u\u017e si zkus\u00edte sami.<\/p>\n<p>Hra je p\u0159\u00edmou portac\u00ed verze ze ZX Spectra, proto pro ni plat\u00ed stejn\u00e1 pravidla. Nav\u00edc jsou opraveny drobn\u00e9 chyby p\u016fvodn\u00ed p\u0159edlohy, podle kter\u00e9 byla portace provedena. Hra je o n\u011bco pomalej\u0161\u00ed ne\u017e origin\u00e1l, proto je o n\u011bco jednodu\u0161\u0161\u00ed ji zvl\u00e1dnout.<\/p>\n<h2>P\u0159edchoz\u00ed verze hry<\/h2>\n<p>Prvn\u00ed verze hry (bez ozna\u010den\u00ed v logu) obsahovala chybu, kter\u00e1 se prim\u00e1rn\u011b objevovala pouze na fyzick\u00e9m PMD-85. Spo\u010d\u00edvala ve \u0161patn\u011b nastaven\u00e9m horn\u00edm dorazu st\u0159ely vyp\u00e1len\u00e9 z voz\u00edku. Po pr\u016fletu st\u0159ely nad nejho\u0159ej\u0161\u00ed \u0159adu cihel tak doch\u00e1zelo ke kolapsu hry. Verze ozna\u010den\u00e1 v logu n\u00e1pisem &#8222;2nd release&#8220; ji\u017e tuto chybu nem\u00e1 a m\u00e1 opraveny i dal\u0161\u00ed drobn\u00e9 grafick\u00e9 disproporce.<\/p>\n<h2>POKE<\/h2>\n<ul>\n<li>&gt;044C B7\u00a0\u00a0 =&gt;\u00a0 \u00a0neub\u00fdvaj\u00ed \u017eivoty (voz\u00edky) po ztr\u00e1t\u011b m\u00ed\u010dku<\/li>\n<li>&gt;0CF0 00\u00a0\u00a0 =&gt;\u00a0\u00a0 trval\u00e1 mo\u017enost st\u0159elby z voz\u00edku<\/li>\n<\/ul>\n<h2>Soubory ke sta\u017een\u00ed<\/h2>\n<p><a href=\"https:\/\/www.pmd85.cz\/wp-content\/uploads\/Arkanoid.zip\" target=\"_blank\" rel=\"noopener noreferrer\">hra Arkanoid<\/a>\u00a0&#8211; Soubor virtu\u00e1ln\u00ed MGF p\u00e1sky pro emul\u00e1tor PMD-85 od RM-TEAMu<\/p>\n<h2>Galerie obr\u00e1zk\u016f (hra v re\u017eimu ColorAce)<\/h2>\n<div id=\"attachment_514\" style=\"width: 160px\" class=\"wp-caption alignleft\"><a href=\"\/wp-content\/uploads\/loadscreen.png\" target=\"_blank\" rel=\"noopener\"><img aria-describedby=\"caption-attachment-514\" loading=\"lazy\" class=\"wp-image-514 size-thumbnail\" src=\"\/wp-content\/uploads\/loadscreen-150x150.png\" alt=\"\" width=\"150\" height=\"150\" \/><\/a><p id=\"caption-attachment-514\" class=\"wp-caption-text\">Obr\u00e1zek b\u011bhem nahr\u00e1v\u00e1n\u00ed<\/p><\/div>\n<p>&nbsp;<\/p>\n<p>&nbsp;<\/p>\n<p>&nbsp;<\/p>\n<p>&nbsp;<\/p>\n<p>&nbsp;<\/p>\n<div id=\"attachment_502\" style=\"width: 160px\" class=\"wp-caption alignleft\"><a href=\"\/wp-content\/uploads\/MapaBW.png\" target=\"_blank\" rel=\"noopener\"><img aria-describedby=\"caption-attachment-502\" loading=\"lazy\" class=\"wp-image-502 size-thumbnail\" src=\"\/wp-content\/uploads\/MapaBW-150x150.png\" alt=\"\" width=\"150\" height=\"150\" \/><\/a><p id=\"caption-attachment-502\" class=\"wp-caption-text\">mapa hry \u010c\/B<\/p><\/div>\n<div id=\"attachment_500\" style=\"width: 160px\" class=\"wp-caption alignleft\"><a href=\"\/wp-content\/uploads\/Mapa4K.png\" target=\"_blank\" rel=\"noopener\"><img aria-describedby=\"caption-attachment-500\" loading=\"lazy\" class=\"wp-image-500 size-thumbnail\" src=\"\/wp-content\/uploads\/Mapa4K-150x150.png\" alt=\"\" width=\"150\" height=\"150\" \/><\/a><p id=\"caption-attachment-500\" class=\"wp-caption-text\">mapa hry RGBM<\/p><\/div>\n<div id=\"attachment_501\" style=\"width: 160px\" class=\"wp-caption alignleft\"><a href=\"\/wp-content\/uploads\/MapaACE.png\" target=\"_blank\" rel=\"noopener\"><img aria-describedby=\"caption-attachment-501\" loading=\"lazy\" class=\"wp-image-501 size-thumbnail\" src=\"\/wp-content\/uploads\/MapaACE-150x150.png\" alt=\"\" width=\"150\" height=\"150\" \/><\/a><p id=\"caption-attachment-501\" class=\"wp-caption-text\">mapa hry ColorAce<\/p><\/div>\n<p>&nbsp;<\/p>\n<p>&nbsp;<\/p>\n<p>&nbsp;<\/p>\n","protected":false},"excerpt":{"rendered":"<p>Z\u00e1kladn\u00ed informace datum vyd\u00e1n\u00ed posledn\u00ed verze na PMD-85: 4.2.2017 portace k\u00f3du ze ZX Spectra vyu\u017eit\u00ed RAM: 0000h \u00f7 7FFFh, C000h \u00f7 FFFFh podpora model\u016f: v\u0161echny verze PMD-85 (1\/2\/2A\/3) hudba\/zvuky: ano\/ano &#8211; vestav\u011bn\u00fd akustick\u00fd m\u011bni\u010d podpora barevn\u00fdch re\u017eim\u016f: monochrom (2), RGBM (4), ColorAce (8) ovl\u00e1d\u00e1n\u00ed:\u00a0kl\u00e1vesnice, voliteln\u011b joystick A nebo B Status fin\u00e1ln\u00ed verze hry, uvoln\u011bno k [&hellip;]<\/p>\n","protected":false},"author":1,"featured_media":0,"parent":236,"menu_order":0,"comment_status":"open","ping_status":"closed","template":"","meta":[],"_links":{"self":[{"href":"https:\/\/www.pmd85.cz\/index.php?rest_route=\/wp\/v2\/pages\/495"}],"collection":[{"href":"https:\/\/www.pmd85.cz\/index.php?rest_route=\/wp\/v2\/pages"}],"about":[{"href":"https:\/\/www.pmd85.cz\/index.php?rest_route=\/wp\/v2\/types\/page"}],"author":[{"embeddable":true,"href":"https:\/\/www.pmd85.cz\/index.php?rest_route=\/wp\/v2\/users\/1"}],"replies":[{"embeddable":true,"href":"https:\/\/www.pmd85.cz\/index.php?rest_route=%2Fwp%2Fv2%2Fcomments&post=495"}],"version-history":[{"count":12,"href":"https:\/\/www.pmd85.cz\/index.php?rest_route=\/wp\/v2\/pages\/495\/revisions"}],"predecessor-version":[{"id":1188,"href":"https:\/\/www.pmd85.cz\/index.php?rest_route=\/wp\/v2\/pages\/495\/revisions\/1188"}],"up":[{"embeddable":true,"href":"https:\/\/www.pmd85.cz\/index.php?rest_route=\/wp\/v2\/pages\/236"}],"wp:attachment":[{"href":"https:\/\/www.pmd85.cz\/index.php?rest_route=%2Fwp%2Fv2%2Fmedia&parent=495"}],"curies":[{"name":"wp","href":"https:\/\/api.w.org\/{rel}","templated":true}]}}