{"id":716,"date":"2018-09-22T22:48:27","date_gmt":"2018-09-22T21:48:27","guid":{"rendered":"https:\/\/www.pmd85.cz\/?page_id=716"},"modified":"2018-09-26T19:55:30","modified_gmt":"2018-09-26T18:55:30","slug":"tiny-basic","status":"publish","type":"page","link":"https:\/\/www.pmd85.cz\/?page_id=716","title":{"rendered":"TINY BASIC"},"content":{"rendered":"<h2>Z\u00e1kladn\u00ed informace<\/h2>\n<ul>\n<li>verze TINY BASIC 1.0 (LI-CHEN WANG, 1976)<\/li>\n<li>opravena chyba p\u0159ete\u010den\u00ed NEXT po stavu 32767<\/li>\n<li>opravena chyba ABS(-32767-1)<\/li>\n<li>pou\u017e\u00edv\u00e1 vektory RSTn pro procedury<\/li>\n<li>procedury OUTC\/CHKIO\/GETLN p\u0159esm\u011brov\u00e1ny na procedury BIOSu PMD-85<\/li>\n<li>dopln\u011bny p\u0159\u00edkazy CLS, LOAD a SAVE<\/li>\n<li>datum vyd\u00e1n\u00ed posledn\u00ed\u00a0verze na PMD-85: 26. 9. 2018<\/li>\n<li>vyu\u017eit\u00ed RAM samotn\u00fdm interpretrem: 0000h \u00f7 07FFh, 7F00h \u00f7\u00a07FFFh<\/li>\n<li>podpora model\u016f:\u00a0verze pro PMD-85 typu 1\u00a0a verze pro ostatn\u00ed typy PMD-85\u00a0(2\/2A\/3)<\/li>\n<\/ul>\n<h2>Status<\/h2>\n<ul>\n<li>dokon\u010dena\u00a0portace programu<\/li>\n<li>nep\u0159edpokl\u00e1daj\u00ed se dal\u0161\u00ed \u00fapravy<\/li>\n<li>program je ke sta\u017een\u00ed za \u00fa\u010delem testov\u00e1n\u00ed<\/li>\n<\/ul>\n<h2>Popis programu<\/h2>\n<p>Jedn\u00e1 se o portaci ran\u00e9ho BASICu\u00a0specifikace TINY a to verze 1, napsan\u00e9 LI-CHEN WANGEM v roce 1976. Od n\u00e1sledn\u00fdch verz\u00ed 2 a 3 se verze 1 li\u0161\u00ed jin\u00fdmi chybami (ob\u011b zn\u00e1m\u00e9 chyby verze 1 jsou v t\u00e9to edici opraveny) a tak\u00e9 t\u00edm, \u017ee nen\u00ed uzp\u016fsobena pro provoz pod CP\/M. Rovn\u011b\u017e kultovn\u00ed MIKROBASIC pro SAPI je zalo\u017een na t\u00e9to v\u00fdvojov\u00e9 linii TINY BASICu.<\/p>\n<p>Soubor virtu\u00e1ln\u00ed MGF p\u00e1sky obsahuje mimo obou verz\u00ed samotn\u00e9ho interpretru (verze pro &#8222;jedni\u010dku&#8220; a pro ostatn\u00ed typy PMD-85) rovn\u011b\u017e i uk\u00e1zkov\u00e9 programy v TINY BASICu.\u00a0Na z\u00e1klad\u011b\u00a0seznamu registrovan\u00fdch typ\u016f MGF soubor\u016f, dostupn\u00fdch\u00a0na str\u00e1nk\u00e1ch <a href=\"http:\/\/pmd85.borik.net\/wiki\/PTP\" target=\"_blank\" rel=\"noopener\">RM-Teamu<\/a> a po upozorn\u011bn\u00ed Romana\u00a0byl pro tento interpreter TINY BASICu zvolen\u00a0p\u00edsmenn\u00fd typ\u00a0&#8222;B&#8220;.<\/p>\n<h2>Soubory ke sta\u017een\u00ed<\/h2>\n<ul>\n<li><a href=\"https:\/\/www.pmd85.cz\/wp-content\/uploads\/TINYBASIC.zip\">TINY_BASIC_1.0<\/a> &#8211; Soubor virtu\u00e1ln\u00ed MGF p\u00e1sky pro emul\u00e1tor PMD-85 od RM-TEAMu (verze z\u00a026. 9. 2018)<\/li>\n<li><a href=\"https:\/\/www.pmd85.cz\/wp-content\/uploads\/tinybasic.txt\" target=\"_blank\" rel=\"noopener\">Zdrojov\u00fd k\u00f3d TINY BASIC 1.0<\/a> po \u00faprav\u011b pro PMD-85<\/li>\n<\/ul>\n<h2>Galerie obr\u00e1zk\u016f<\/h2>\n<div id=\"attachment_719\" style=\"width: 160px\" class=\"wp-caption alignleft\"><a href=\"https:\/\/www.pmd85.cz\/wp-content\/uploads\/TINYBAS10.gif\" target=\"_blank\" rel=\"noopener noreferrer\"><img aria-describedby=\"caption-attachment-719\" loading=\"lazy\" class=\"wp-image-719 size-thumbnail\" src=\"https:\/\/www.pmd85.cz\/wp-content\/uploads\/TINYBAS10-150x150.gif\" alt=\"\" width=\"150\" height=\"150\" \/><\/a><p id=\"caption-attachment-719\" class=\"wp-caption-text\">Uk\u00e1zka editoru<\/p><\/div>\n<p>&nbsp;<\/p>\n<p>&nbsp;<\/p>\n<p>&nbsp;<\/p>\n<p>&nbsp;<\/p>\n","protected":false},"excerpt":{"rendered":"<p>Z\u00e1kladn\u00ed informace verze TINY BASIC 1.0 (LI-CHEN WANG, 1976) opravena chyba p\u0159ete\u010den\u00ed NEXT po stavu 32767 opravena chyba ABS(-32767-1) pou\u017e\u00edv\u00e1 vektory RSTn pro procedury procedury OUTC\/CHKIO\/GETLN p\u0159esm\u011brov\u00e1ny na procedury BIOSu PMD-85 dopln\u011bny p\u0159\u00edkazy CLS, LOAD a SAVE datum vyd\u00e1n\u00ed posledn\u00ed\u00a0verze na PMD-85: 26. 9. 2018 vyu\u017eit\u00ed RAM samotn\u00fdm interpretrem: 0000h \u00f7 07FFh, 7F00h \u00f7\u00a07FFFh podpora [&hellip;]<\/p>\n","protected":false},"author":1,"featured_media":0,"parent":236,"menu_order":0,"comment_status":"open","ping_status":"closed","template":"","meta":[],"_links":{"self":[{"href":"https:\/\/www.pmd85.cz\/index.php?rest_route=\/wp\/v2\/pages\/716"}],"collection":[{"href":"https:\/\/www.pmd85.cz\/index.php?rest_route=\/wp\/v2\/pages"}],"about":[{"href":"https:\/\/www.pmd85.cz\/index.php?rest_route=\/wp\/v2\/types\/page"}],"author":[{"embeddable":true,"href":"https:\/\/www.pmd85.cz\/index.php?rest_route=\/wp\/v2\/users\/1"}],"replies":[{"embeddable":true,"href":"https:\/\/www.pmd85.cz\/index.php?rest_route=%2Fwp%2Fv2%2Fcomments&post=716"}],"version-history":[{"count":10,"href":"https:\/\/www.pmd85.cz\/index.php?rest_route=\/wp\/v2\/pages\/716\/revisions"}],"predecessor-version":[{"id":733,"href":"https:\/\/www.pmd85.cz\/index.php?rest_route=\/wp\/v2\/pages\/716\/revisions\/733"}],"up":[{"embeddable":true,"href":"https:\/\/www.pmd85.cz\/index.php?rest_route=\/wp\/v2\/pages\/236"}],"wp:attachment":[{"href":"https:\/\/www.pmd85.cz\/index.php?rest_route=%2Fwp%2Fv2%2Fmedia&parent=716"}],"curies":[{"name":"wp","href":"https:\/\/api.w.org\/{rel}","templated":true}]}}