{"id":810,"date":"2019-02-03T17:24:10","date_gmt":"2019-02-03T16:24:10","guid":{"rendered":"https:\/\/www.pmd85.cz\/?page_id=810"},"modified":"2020-02-20T17:55:00","modified_gmt":"2020-02-20T16:55:00","slug":"the-magicians-curse","status":"publish","type":"page","link":"https:\/\/www.pmd85.cz\/?page_id=810","title":{"rendered":"The Magician&#8217;s Curse"},"content":{"rendered":"<h2>Z\u00e1kladn\u00ed informace<\/h2>\n<ul>\n<li>datum vyd\u00e1n\u00ed posledn\u00ed\u00a0verze na PMD-85: 20. 2. 2020<\/li>\n<li>portace p\u016fvodn\u00edho k\u00f3du\u00a0pro Commodore 16, Commodore Plus\/4<\/li>\n<li>vyu\u017eit\u00ed RAM: 0000h \u00f7 7FFFh,\u00a0C000h \u00f7 FFFFh<\/li>\n<li>podpora model\u016f: v\u0161echny verze PMD-85 (1\/2\/2A\/3)<\/li>\n<li>barvy:\u00a0monochrom (2)<\/li>\n<li>hudba\/zvuky: pouze zvuky, vestav\u011bn\u00fd akustick\u00fd m\u011bni\u010d<\/li>\n<li>ovl\u00e1d\u00e1n\u00ed: kl\u00e1vesnice, voliteln\u011b joystick A nebo B<\/li>\n<\/ul>\n<p>pozn.: U verze PMD 85-3 je nutno nejprve p\u0159ej\u00edt do re\u017eimu kompatibility p\u0159\u00edkazem JUMP FFF0. Teprve potom je mo\u017eno nahr\u00e1t hru p\u0159\u00edkazem MGLD 10. Hru nen\u00ed nutno ru\u010dn\u011b spou\u0161t\u011bt, nebo\u0165 m\u00e1 zavad\u011b\u010d s autostartem.<\/p>\n<h2>Status<\/h2>\n<ul>\n<li>fin\u00e1ln\u00ed verze\u00a0hry, uvoln\u011bno k pou\u017eit\u00ed<\/li>\n<\/ul>\n<h2>Ovl\u00e1dac\u00ed kl\u00e1vesy<\/h2>\n<ul>\n<li>QAOPM &#8211; ovl\u00e1d\u00e1n\u00ed postavy hr\u00e1\u010de, STOP = pozastaven\u00ed hry, RCL = ukon\u010den\u00ed hry<\/li>\n<\/ul>\n<h2>Popis hry a jej\u00ed vlastnosti<\/h2>\n<p><span style=\"color: #000000;\">Najdi a seber 7 magick\u00fdch talisman\u016f a polo\u017e je k noh\u00e1m sochy kouzeln\u00edka. Abys neztratil s\u00edlu, sb\u00edrej poh\u00e1ry a lahvi\u010dky s povzbuzuj\u00edc\u00edm lektvarem &#8211; ale pozor, jedna lahvi\u010dka obsahuje jed! Pokud jej vypije\u0161, pak mus\u00ed\u0161 rychle naj\u00edt a vyp\u00edt protijed! V n\u011bkter\u00fdch m\u00edstech je tma, tam pom\u016f\u017ee sv\u00ed\u010dka. Jinde zase mus\u00ed\u0161 naj\u00edt a pou\u017e\u00edt k zam\u010den\u00fdm dve\u0159\u00edm kl\u00ed\u010d. A kde nepom\u016f\u017ee kl\u00ed\u010d, tam pom\u016f\u017ee v\u00edra a magie.. B\u011bhem sv\u00e9 cesty se pod\u00edv\u00e1\u0161 do kostela, na h\u0159bitov, do star\u00fdch dom\u016f a tak\u00e9 do podzem\u00ed. Cesta je pln\u00e1 n\u00e1strah: padaj\u00edc\u00ed jablka, krve\u017e\u00edzniv\u00ed netop\u00fd\u0159i, vodop\u00e1dy a s\u00edlu ub\u00edr\u00e1 i p\u00e1d do vody. Abys hru dohr\u00e1l, je nutn\u00e9 proj\u00edt t\u00e9m\u011b\u0159 v\u0161ech 48 obrazovek. Po dokon\u010den\u00ed hry se zvedne obt\u00ed\u017enost a hra za\u010d\u00edn\u00e1 znovu.\u00a0<\/span><\/p>\n<h2>POKE<\/h2>\n<ul>\n<li><span style=\"color: #000000;\">&gt;5521 3A\u00a0 \u00a0=&gt;\u00a0\u00a0\u00a0neub\u00fdv\u00e1 s\u00edla<\/span><\/li>\n<\/ul>\n<h2>Soubory ke sta\u017een\u00ed<\/h2>\n<ul>\n<li><a href=\"https:\/\/www.pmd85.cz\/wp-content\/uploads\/TheMagiciansCurse.zip\">The Magician&#8217;s Curse<\/a>\u00a0&#8211; Soubor virtu\u00e1ln\u00ed MGF p\u00e1sky pro emul\u00e1tor PMD-85 od RM-TEAMu<\/li>\n<li><a href=\"https:\/\/youtu.be\/-Ve00WJUkKQ\" target=\"_blank\" rel=\"noopener\">The Magician&#8217;s Curse Walkthrough<\/a>\u00a0&#8211; Odkaz na video na youtube<\/li>\n<li><a href=\"https:\/\/www.pmd85.cz\/wp-content\/uploads\/TMC.zip\">The Magician&#8217;s Curse Walkthrough<\/a>\u00a0&#8211; Soubor *.PRC s pr\u016fjezdem hry pro emul\u00e1tor PMD-85 od RM-TEAMu<\/li>\n<\/ul>\n<h2>Galerie obr\u00e1zk\u016f<\/h2>\n<div id=\"attachment_1157\" style=\"width: 160px\" class=\"wp-caption alignleft\"><a href=\"https:\/\/www.pmd85.cz\/wp-content\/uploads\/SplashScreen.gif\" target=\"_blank\" rel=\"noopener\"><img aria-describedby=\"caption-attachment-1157\" loading=\"lazy\" class=\"wp-image-1157 size-thumbnail\" src=\"https:\/\/www.pmd85.cz\/wp-content\/uploads\/SplashScreen-150x150.gif\" alt=\"\" width=\"150\" height=\"150\" \/><\/a><p id=\"caption-attachment-1157\" class=\"wp-caption-text\">B\u011bhem nahr\u00e1v\u00e1n\u00ed programu z MGF p\u00e1sky<\/p><\/div>\n<div id=\"attachment_1138\" style=\"width: 160px\" class=\"wp-caption alignleft\"><a href=\"https:\/\/www.pmd85.cz\/wp-content\/uploads\/menu.gif\" target=\"_blank\" rel=\"noopener\"><img aria-describedby=\"caption-attachment-1138\" loading=\"lazy\" class=\"wp-image-1138 size-thumbnail\" src=\"https:\/\/www.pmd85.cz\/wp-content\/uploads\/menu-150x150.gif\" alt=\"\" width=\"150\" height=\"150\" \/><\/a><p id=\"caption-attachment-1138\" class=\"wp-caption-text\">\u00davodn\u00ed obrazovka hry<\/p><\/div>\n<div id=\"attachment_1141\" style=\"width: 160px\" class=\"wp-caption alignleft\"><a href=\"https:\/\/www.pmd85.cz\/wp-content\/uploads\/knock_knock.gif\" target=\"_blank\" rel=\"noopener\"><img aria-describedby=\"caption-attachment-1141\" loading=\"lazy\" class=\"wp-image-1141 size-thumbnail\" src=\"https:\/\/www.pmd85.cz\/wp-content\/uploads\/knock_knock-150x150.gif\" alt=\"\" width=\"150\" height=\"150\" \/><\/a><p id=\"caption-attachment-1141\" class=\"wp-caption-text\">Na prahu velik\u00e9ho domu<\/p><\/div>\n<p>&nbsp;<\/p>\n<p>&nbsp;<\/p>\n<p>&nbsp;<\/p>\n<p>&nbsp;<\/p>\n<p>&nbsp;<\/p>\n<p>&nbsp;<\/p>\n<div id=\"attachment_1139\" style=\"width: 160px\" class=\"wp-caption alignleft\"><a href=\"https:\/\/www.pmd85.cz\/wp-content\/uploads\/the_well.gif\" target=\"_blank\" rel=\"noopener\"><img aria-describedby=\"caption-attachment-1139\" loading=\"lazy\" class=\"wp-image-1139 size-thumbnail\" src=\"https:\/\/www.pmd85.cz\/wp-content\/uploads\/the_well-150x150.gif\" alt=\"\" width=\"150\" height=\"150\" \/><\/a><p id=\"caption-attachment-1139\" class=\"wp-caption-text\">Na louce u studny &#8211; jak je asi hlubok\u00e1?<\/p><\/div>\n<div id=\"attachment_1137\" style=\"width: 160px\" class=\"wp-caption alignleft\"><a href=\"https:\/\/www.pmd85.cz\/wp-content\/uploads\/churchyard.gif\" target=\"_blank\" rel=\"noopener\"><img aria-describedby=\"caption-attachment-1137\" loading=\"lazy\" class=\"wp-image-1137 size-thumbnail\" src=\"https:\/\/www.pmd85.cz\/wp-content\/uploads\/churchyard-150x150.gif\" alt=\"\" width=\"150\" height=\"150\" \/><\/a><p id=\"caption-attachment-1137\" class=\"wp-caption-text\">Na h\u0159bitov\u011b<\/p><\/div>\n<div id=\"attachment_1162\" style=\"width: 160px\" class=\"wp-caption alignleft\"><a href=\"https:\/\/www.pmd85.cz\/wp-content\/uploads\/TMC-MAP.gif\" target=\"_blank\" rel=\"noopener\"><img aria-describedby=\"caption-attachment-1162\" loading=\"lazy\" class=\"wp-image-1162 size-thumbnail\" src=\"https:\/\/www.pmd85.cz\/wp-content\/uploads\/TMC-MAP-150x150.gif\" alt=\"\" width=\"150\" height=\"150\" \/><\/a><p id=\"caption-attachment-1162\" class=\"wp-caption-text\">Mapa hry<\/p><\/div>\n<p>&nbsp;<\/p>\n<p>&nbsp;<\/p>\n<p>&nbsp;<\/p>\n<p>&nbsp;<\/p>\n<p>&nbsp;<\/p>\n","protected":false},"excerpt":{"rendered":"<p>Z\u00e1kladn\u00ed informace datum vyd\u00e1n\u00ed posledn\u00ed\u00a0verze na PMD-85: 20. 2. 2020 portace p\u016fvodn\u00edho k\u00f3du\u00a0pro Commodore 16, Commodore Plus\/4 vyu\u017eit\u00ed RAM: 0000h \u00f7 7FFFh,\u00a0C000h \u00f7 FFFFh podpora model\u016f: v\u0161echny verze PMD-85 (1\/2\/2A\/3) barvy:\u00a0monochrom (2) hudba\/zvuky: pouze zvuky, vestav\u011bn\u00fd akustick\u00fd m\u011bni\u010d ovl\u00e1d\u00e1n\u00ed: kl\u00e1vesnice, voliteln\u011b joystick A nebo B pozn.: U verze PMD 85-3 je nutno nejprve p\u0159ej\u00edt do [&hellip;]<\/p>\n","protected":false},"author":1,"featured_media":0,"parent":236,"menu_order":0,"comment_status":"open","ping_status":"closed","template":"","meta":[],"_links":{"self":[{"href":"https:\/\/www.pmd85.cz\/index.php?rest_route=\/wp\/v2\/pages\/810"}],"collection":[{"href":"https:\/\/www.pmd85.cz\/index.php?rest_route=\/wp\/v2\/pages"}],"about":[{"href":"https:\/\/www.pmd85.cz\/index.php?rest_route=\/wp\/v2\/types\/page"}],"author":[{"embeddable":true,"href":"https:\/\/www.pmd85.cz\/index.php?rest_route=\/wp\/v2\/users\/1"}],"replies":[{"embeddable":true,"href":"https:\/\/www.pmd85.cz\/index.php?rest_route=%2Fwp%2Fv2%2Fcomments&post=810"}],"version-history":[{"count":39,"href":"https:\/\/www.pmd85.cz\/index.php?rest_route=\/wp\/v2\/pages\/810\/revisions"}],"predecessor-version":[{"id":1183,"href":"https:\/\/www.pmd85.cz\/index.php?rest_route=\/wp\/v2\/pages\/810\/revisions\/1183"}],"up":[{"embeddable":true,"href":"https:\/\/www.pmd85.cz\/index.php?rest_route=\/wp\/v2\/pages\/236"}],"wp:attachment":[{"href":"https:\/\/www.pmd85.cz\/index.php?rest_route=%2Fwp%2Fv2%2Fmedia&parent=810"}],"curies":[{"name":"wp","href":"https:\/\/api.w.org\/{rel}","templated":true}]}}