{"id":965,"date":"2019-09-30T19:43:27","date_gmt":"2019-09-30T18:43:27","guid":{"rendered":"https:\/\/www.pmd85.cz\/?page_id=965"},"modified":"2019-12-29T21:34:59","modified_gmt":"2019-12-29T20:34:59","slug":"flappy2k-remaster","status":"publish","type":"page","link":"https:\/\/www.pmd85.cz\/?page_id=965","title":{"rendered":"FLAPPY2k Remaster Edition"},"content":{"rendered":"<h2>Z\u00e1kladn\u00ed informace<\/h2>\n<ul>\n<li>datum vyd\u00e1n\u00ed posledn\u00ed verze na PMD-85: 13. 12. 2019<\/li>\n<li>remastering verze FLAPPYho od VBG software z roku 1987<\/li>\n<li>vestav\u011bn\u00fd editor sc\u00e9ny 201<\/li>\n<li>vyu\u017eit\u00ed RAM: 0000h \u00f7 7D75h, C000h \u00f7 FFFFh<\/li>\n<li>podpora model\u016f: v\u0161echny verze PMD-85 (1\/2\/2A\/3)<\/li>\n<li>hudba\/zvuky: ano\/ano \u2013 vestav\u011bn\u00fd akustick\u00fd m\u011bni\u010d<\/li>\n<li>podpora barevn\u00fdch re\u017eim\u016f: BW, RGBM, WGRM, ColorAce<\/li>\n<li>ovl\u00e1d\u00e1n\u00ed:\u00a0kl\u00e1vesnice, voliteln\u011b joystick A nebo B<\/li>\n<\/ul>\n<h2>Status<\/h2>\n<ul>\n<li>fin\u00e1ln\u00ed verze hry, uvoln\u011bno k pou\u017eit\u00ed<\/li>\n<\/ul>\n<h2>Ovl\u00e1dac\u00ed kl\u00e1vesy<\/h2>\n<ul>\n<li>Hra umo\u017e\u0148uje nastaven\u00ed ovl\u00e1dac\u00edch kl\u00e1ves u\u017eivatelem, v\u00fdchoz\u00ed nastaven\u00ed je stejn\u00e9 jako u origin\u00e1ln\u00ed verze pro PMD-85 z roku 1987.<\/li>\n<\/ul>\n<h2>Popis hry a jej\u00ed vlastnosti<\/h2>\n<p>Pomoz ku\u0159\u00e1tku FLAPPYmu dostat v ka\u017ed\u00e9 z 200 sc\u00e9n v\u017edy jedno vybran\u00e9 vejce na ozna\u010den\u00e9 m\u00edsto. Situaci Ti mohou zkomplikovat\u00a0 \u017e\u00e1by a duchov\u00e9, jejich existence je v\u0161ak sou\u010d\u00e1st\u00ed \u0159e\u0161en\u00ed n\u011bkter\u00fdch sc\u00e9n. Na obranu proti nim m\u016f\u017ee\u0161 vyst\u0159elovat posb\u00edran\u00e9 houbi\u010dky, kter\u00e9 obludy na \u010das znehybn\u00ed. Pokud chce\u0161 obludu zcela odstranit, sho\u010f na ni n\u011bkter\u00e9 vejce.<\/p>\n<p>K jednotliv\u00fdm sc\u00e9n\u00e1m se m\u016f\u017ee\u0161 propracovat postupn\u011b \u0159e\u0161en\u00edm p\u0159edchoz\u00edch sc\u00e9n, nebo do nich m\u016f\u017ee\u0161 vstoupit p\u0159\u00edmo pomoc\u00ed p\u0159\u00edstupov\u00fdch hesel. V\u017edy po p\u0159ekon\u00e1n\u00ed p\u011bti po sob\u011b jdouc\u00edch sc\u00e9n se odkryje spole\u010dn\u00e9 p\u0159\u00edstupov\u00e9 heslo.<\/p>\n<p>Mimo standardn\u00edch 200 sc\u00e9n si m\u016f\u017ee\u0161 pomoc\u00ed vestav\u011bn\u00e9ho editoru sc\u00e9ny 201 sestavit vlastn\u00ed hru, kterou si m\u016f\u017ee\u0161 samoz\u0159ejm\u011b i zahr\u00e1t.<\/p>\n<p>Tato verze p\u016fvodn\u00ed hry FLAPPY pro PMD-85 z roku 1987 je dopln\u011bna o barevn\u00e9 re\u017eimy, kter\u00e9 se \u010dasem za\u010daly pou\u017e\u00edvat, m\u00e1 zm\u011bn\u011bn\u00e9 MENU, hudbu a dopln\u011bn editor u\u017eivatelsk\u00e9 sc\u00e9ny 201. V ojedin\u011bl\u00fdch p\u0159\u00edpadech, kdy se sc\u00e9ny u p\u016fvodn\u00ed verze PMD-85 li\u0161\u00ed od verze pro SHARP MZ, byly pro tuto verzi nakonec pou\u017eity sc\u00e9ny verze SHARP, aby do\u0161lo k ur\u010dit\u00e9mu ozvl\u00e1\u0161tn\u011bn\u00ed hry pro ty, kte\u0159\u00ed se k FLAPPYmu vr\u00e1t\u00ed po v\u00edce jak t\u0159iceti letech..<\/p>\n<p>Z\u00e1v\u011brem bych cht\u011bl pod\u011bkovat autor\u016fm p\u016fvodn\u00ed verze pro PMD-85, zejm\u00e9na pak WEXovi za podporu, rady a hlavn\u011b svolen\u00ed k remasteringu jeho d\u00edla.<\/p>\n<h2>POKE<\/h2>\n<ul>\n<li>&gt;0967 C9\u00a0 \u00a0=&gt;\u00a0\u00a0\u00a0neub\u00fdv\u00e1 \u010das<\/li>\n<li>&gt;1CF8 3C\u00a0 \u00a0=&gt;\u00a0\u00a0\u00a0neub\u00fdvaj\u00ed \u017eivoty<\/li>\n<\/ul>\n<h2>Soubory ke sta\u017een\u00ed<\/h2>\n<p><a href=\"https:\/\/www.pmd85.cz\/wp-content\/uploads\/flappy2k.zip\">FLAPPY2k<\/a>\u00a0&#8211; Soubor virtu\u00e1ln\u00ed MGF p\u00e1sky pro emul\u00e1tor PMD-85 od RM-TEAMu<\/p>\n<p><a href=\"https:\/\/www.pmd85.cz\/wp-content\/uploads\/hesla.txt\" target=\"_blank\" rel=\"noopener\">P\u0159\u00edstupov\u00e1 hesla ke sc\u00e9n\u00e1m hry FLAPPY<\/a><\/p>\n<p>&nbsp;<\/p>\n<h2>Galerie obr\u00e1zk\u016f<\/h2>\n<div id=\"attachment_1063\" style=\"width: 160px\" class=\"wp-caption alignleft\"><a href=\"https:\/\/www.pmd85.cz\/wp-content\/uploads\/Title2.gif\" target=\"_blank\" rel=\"noopener\"><img aria-describedby=\"caption-attachment-1063\" loading=\"lazy\" class=\"wp-image-1063 size-thumbnail\" src=\"https:\/\/www.pmd85.cz\/wp-content\/uploads\/Title2-150x150.gif\" alt=\"\" width=\"150\" height=\"150\" \/><\/a><p id=\"caption-attachment-1063\" class=\"wp-caption-text\">\u00davodn\u00ed obrazovka<\/p><\/div>\n<div id=\"attachment_1058\" style=\"width: 160px\" class=\"wp-caption alignleft\"><a href=\"https:\/\/www.pmd85.cz\/wp-content\/uploads\/Password2.gif\" target=\"_blank\" rel=\"noopener\"><img aria-describedby=\"caption-attachment-1058\" loading=\"lazy\" class=\"wp-image-1058 size-thumbnail\" src=\"https:\/\/www.pmd85.cz\/wp-content\/uploads\/Password2-150x150.gif\" alt=\"\" width=\"150\" height=\"150\" \/><\/a><p id=\"caption-attachment-1058\" class=\"wp-caption-text\">Zad\u00e1n\u00ed hesla<\/p><\/div>\n<div id=\"attachment_1062\" style=\"width: 160px\" class=\"wp-caption alignleft\"><a href=\"https:\/\/www.pmd85.cz\/wp-content\/uploads\/Setup.gif\" target=\"_blank\" rel=\"noopener\"><img aria-describedby=\"caption-attachment-1062\" loading=\"lazy\" class=\"wp-image-1062 size-thumbnail\" src=\"https:\/\/www.pmd85.cz\/wp-content\/uploads\/Setup-150x150.gif\" alt=\"\" width=\"150\" height=\"150\" \/><\/a><p id=\"caption-attachment-1062\" class=\"wp-caption-text\">Nastaven\u00ed hry<\/p><\/div>\n<p>&nbsp;<\/p>\n<p>&nbsp;<\/p>\n<p>&nbsp;<\/p>\n<p>&nbsp;<\/p>\n<p>&nbsp;<\/p>\n<div id=\"attachment_1059\" style=\"width: 160px\" class=\"wp-caption alignleft\"><a href=\"https:\/\/www.pmd85.cz\/wp-content\/uploads\/Redefine.gif\" target=\"_blank\" rel=\"noopener\"><img aria-describedby=\"caption-attachment-1059\" loading=\"lazy\" class=\"wp-image-1059 size-thumbnail\" src=\"https:\/\/www.pmd85.cz\/wp-content\/uploads\/Redefine-150x150.gif\" alt=\"\" width=\"150\" height=\"150\" \/><\/a><p id=\"caption-attachment-1059\" class=\"wp-caption-text\">Volba ovl\u00e1dac\u00edch kl\u00e1ves<\/p><\/div>\n<div id=\"attachment_1061\" style=\"width: 160px\" class=\"wp-caption alignleft\"><a href=\"https:\/\/www.pmd85.cz\/wp-content\/uploads\/Selektor.gif\" target=\"_blank\" rel=\"noopener\"><img aria-describedby=\"caption-attachment-1061\" loading=\"lazy\" class=\"wp-image-1061 size-thumbnail\" src=\"https:\/\/www.pmd85.cz\/wp-content\/uploads\/Selektor-150x150.gif\" alt=\"\" width=\"150\" height=\"150\" \/><\/a><p id=\"caption-attachment-1061\" class=\"wp-caption-text\">V\u00fdb\u011br hern\u00ed sc\u00e9ny<\/p><\/div>\n<div id=\"attachment_1100\" style=\"width: 160px\" class=\"wp-caption alignleft\"><a href=\"https:\/\/www.pmd85.cz\/wp-content\/uploads\/Editor27.gif\" target=\"_blank\" rel=\"noopener\"><img aria-describedby=\"caption-attachment-1100\" loading=\"lazy\" class=\"wp-image-1100 size-thumbnail\" src=\"https:\/\/www.pmd85.cz\/wp-content\/uploads\/Editor27-150x150.gif\" alt=\"\" width=\"150\" height=\"150\" \/><\/a><p id=\"caption-attachment-1100\" class=\"wp-caption-text\">Editor sc\u00e9ny 201<\/p><\/div>\n<p>&nbsp;<\/p>\n<p>&nbsp;<\/p>\n<p>&nbsp;<\/p>\n<p>&nbsp;<\/p>\n<div id=\"attachment_1085\" style=\"width: 160px\" class=\"wp-caption alignleft\"><a href=\"https:\/\/www.pmd85.cz\/wp-content\/uploads\/Sektor160.gif\" target=\"_blank\" rel=\"noopener\"><img aria-describedby=\"caption-attachment-1085\" loading=\"lazy\" class=\"wp-image-1085 size-thumbnail\" src=\"https:\/\/www.pmd85.cz\/wp-content\/uploads\/Sektor160-150x150.gif\" alt=\"\" width=\"150\" height=\"150\" \/><\/a><p id=\"caption-attachment-1085\" class=\"wp-caption-text\">Sc\u00e9na 160 (ColorAce)<\/p><\/div>\n<div id=\"attachment_1093\" style=\"width: 160px\" class=\"wp-caption alignleft\"><a href=\"https:\/\/www.pmd85.cz\/wp-content\/uploads\/Sektor162BW.gif\" target=\"_blank\" rel=\"noopener\"><img aria-describedby=\"caption-attachment-1093\" loading=\"lazy\" class=\"wp-image-1093 size-thumbnail\" src=\"https:\/\/www.pmd85.cz\/wp-content\/uploads\/Sektor162BW-150x150.gif\" alt=\"\" width=\"150\" height=\"150\" \/><\/a><p id=\"caption-attachment-1093\" class=\"wp-caption-text\">Sc\u00e9na 162 (\u010cB zobrazen\u00ed)<\/p><\/div>\n<div id=\"attachment_1055\" style=\"width: 160px\" class=\"wp-caption alignleft\"><a href=\"https:\/\/www.pmd85.cz\/wp-content\/uploads\/MZ-FLAPPY.gif\" target=\"_blank\" rel=\"noopener\"><img aria-describedby=\"caption-attachment-1055\" loading=\"lazy\" class=\"wp-image-1055 size-thumbnail\" src=\"https:\/\/www.pmd85.cz\/wp-content\/uploads\/MZ-FLAPPY-150x150.gif\" alt=\"\" width=\"150\" height=\"150\" \/><\/a><p id=\"caption-attachment-1055\" class=\"wp-caption-text\">Hern\u00ed grafika verze SHARP MZ800<\/p><\/div>\n<p>&nbsp;<\/p>\n<p>&nbsp;<\/p>\n<p>&nbsp;<\/p>\n<p>&nbsp;<\/p>\n<p>&nbsp;<\/p>\n<p>&nbsp;<\/p>\n","protected":false},"excerpt":{"rendered":"<p>Z\u00e1kladn\u00ed informace datum vyd\u00e1n\u00ed posledn\u00ed verze na PMD-85: 13. 12. 2019 remastering verze FLAPPYho od VBG software z roku 1987 vestav\u011bn\u00fd editor sc\u00e9ny 201 vyu\u017eit\u00ed RAM: 0000h \u00f7 7D75h, C000h \u00f7 FFFFh podpora model\u016f: v\u0161echny verze PMD-85 (1\/2\/2A\/3) hudba\/zvuky: ano\/ano \u2013 vestav\u011bn\u00fd akustick\u00fd m\u011bni\u010d podpora barevn\u00fdch re\u017eim\u016f: BW, RGBM, WGRM, ColorAce ovl\u00e1d\u00e1n\u00ed:\u00a0kl\u00e1vesnice, voliteln\u011b joystick A [&hellip;]<\/p>\n","protected":false},"author":1,"featured_media":0,"parent":236,"menu_order":0,"comment_status":"open","ping_status":"closed","template":"","meta":[],"_links":{"self":[{"href":"https:\/\/www.pmd85.cz\/index.php?rest_route=\/wp\/v2\/pages\/965"}],"collection":[{"href":"https:\/\/www.pmd85.cz\/index.php?rest_route=\/wp\/v2\/pages"}],"about":[{"href":"https:\/\/www.pmd85.cz\/index.php?rest_route=\/wp\/v2\/types\/page"}],"author":[{"embeddable":true,"href":"https:\/\/www.pmd85.cz\/index.php?rest_route=\/wp\/v2\/users\/1"}],"replies":[{"embeddable":true,"href":"https:\/\/www.pmd85.cz\/index.php?rest_route=%2Fwp%2Fv2%2Fcomments&post=965"}],"version-history":[{"count":57,"href":"https:\/\/www.pmd85.cz\/index.php?rest_route=\/wp\/v2\/pages\/965\/revisions"}],"predecessor-version":[{"id":1120,"href":"https:\/\/www.pmd85.cz\/index.php?rest_route=\/wp\/v2\/pages\/965\/revisions\/1120"}],"up":[{"embeddable":true,"href":"https:\/\/www.pmd85.cz\/index.php?rest_route=\/wp\/v2\/pages\/236"}],"wp:attachment":[{"href":"https:\/\/www.pmd85.cz\/index.php?rest_route=%2Fwp%2Fv2%2Fmedia&parent=965"}],"curies":[{"name":"wp","href":"https:\/\/api.w.org\/{rel}","templated":true}]}}